{"id":403,"date":"2022-10-14T16:27:51","date_gmt":"2022-10-14T14:27:51","guid":{"rendered":"http:\/\/www.shinemusicrental.com\/product\/piano-digital-casio-cdp-130\/"},"modified":"2024-04-08T13:24:07","modified_gmt":"2024-04-08T11:24:07","slug":"piano-digital-casio-cdp-130","status":"publish","type":"product","link":"https:\/\/shinemusicrental.com\/ca\/product\/piano-digital-casio-cdp-130\/","title":{"rendered":"Piano Digital Casio CDP-130"},"content":{"rendered":"<p>El piano digital Casio CDP-130 \u00e9s un instrument ideal per a principiants, ideal per llogar, assequible i port\u00e0til amb tan sols 23,8 lbs (10.8 kg). Amb deu divertides opcions de reverberaci\u00f3. Est\u00e0 equipat amb un connector d\u2019auriculars per a assaig privat, mentre que els altaveus de 16 watts proporcionen un so d\u2019alt rendiment sense la necessitat d\u2019amplificadors addicionals. L\u2019acci\u00f3 de martell pesat imita la resist\u00e8ncia de les tecles tradicionals, juntament amb la sensibilitat de velocitat per a la sensibilitat i sensibilitat aut\u00e8ntica del piano. Llogui aquest piano digital o semblant a la nostra molt competitiva tarifa.<\/p>\n","protected":false},"excerpt":{"rendered":"<p><strong>Dip\u00f2sit: \u20ac140<\/strong><\/p>\n<p>El piano digital Casio CDP-130 \u00e9s un instrument ideal per a principiants, ideal per llogar, assequible i port\u00e0til amb tan sols 10.8 Kg.<\/p>\n","protected":false},"featured_media":396,"comment_status":"open","ping_status":"closed","template":"","meta":{"_acf_changed":false,"content-type":""},"product_brand":[],"product_cat":[132,133],"product_tag":[550,562,663,462,561,590,464,490,592,558,478,660,479,488,482,484,486],"class_list":{"0":"post-403","1":"product","2":"type-product","3":"status-publish","4":"has-post-thumbnail","6":"product_cat-instruments-de-teclat","7":"product_cat-pianos-digitals","8":"product_tag-casio-ca","9":"product_tag-instruments-de-contractacio","10":"product_tag-llogar-piano-digital","11":"product_tag-lloguer-dinstruments","12":"product_tag-lloguer-dinstruments-ca","13":"product_tag-lloguer-dinstruments-ca-2","14":"product_tag-lloguer-dinstruments-barcelona","15":"product_tag-lloguer-dinstruments-barcelona-ca","16":"product_tag-lloguer-dinstruments-espanya-ca","17":"product_tag-lloguer-dinstruments-espanya","18":"product_tag-piano-ca","19":"product_tag-piano-digital-ca","20":"product_tag-piano-es-ca","21":"product_tag-piano-espanya","22":"product_tag-pianos-ca","23":"product_tag-pianos-barcelona-ca","24":"product_tag-pianos-de-lloguer","26":"first","27":"instock","28":"sold-individually","29":"shipping-taxable","30":"purchasable","31":"product-type-booking"},"booking_location":"","booking_location_type":"","booking_duration":1,"booking_duration_unit":"day","booking_buffer":0,"booking_cost":0,"booking_resources":[],"exclude_global_add_ons":false,"addons":[{"name":"Dip\u00f2sit","type":"checkbox","position":0,"required":false,"title_format":"hide","default":"","description_enable":false,"description":"","placeholder_enable":false,"placeholder":"","display":"select","restrictions_type":"any_text","adjust_price":false,"price":"","price_type":"flat_fee","restrictions":false,"min":"0","max":"0","options":[{"label":"Dip\u00f2sit","price":"140","price_type":"flat_fee","image":0,"visibility":true}]},{"name":"PIANO EL\u00c8CTRIC","type":"checkbox","position":0,"required":true,"title_format":"label","default":"","description_enable":false,"description":"","placeholder_enable":false,"placeholder":"","display":"select","restrictions_type":"any_text","adjust_price":false,"price":"","price_type":"flat_fee","restrictions":false,"min":"0","max":"0","options":[{"label":"Pedal de Sustain de Qualitat","price":"10.00","price_type":"quantity_based","image":0,"visibility":true},{"label":"Suport","price":"10.00","price_type":"quantity_based","image":0,"visibility":true},{"label":"Tamboret de Piano de Qualitat","price":"25.00","price_type":"quantity_based","image":0,"visibility":true},{"label":"Tamboret de Piano","price":"10.00","price_type":"quantity_based","image":0,"visibility":true}]}],"acf":{"set_to_be_sold":false,"sale_description":"","sale_price":""},"_links":{"self":[{"href":"https:\/\/shinemusicrental.com\/ca\/wp-json\/wp\/v2\/product\/403","targetHints":{"allow":["GET"]}}],"collection":[{"href":"https:\/\/shinemusicrental.com\/ca\/wp-json\/wp\/v2\/product"}],"about":[{"href":"https:\/\/shinemusicrental.com\/ca\/wp-json\/wp\/v2\/types\/product"}],"replies":[{"embeddable":true,"href":"https:\/\/shinemusicrental.com\/ca\/wp-json\/wp\/v2\/comments?post=403"}],"wp:featuredmedia":[{"embeddable":true,"href":"https:\/\/shinemusicrental.com\/ca\/wp-json\/wp\/v2\/media\/396"}],"wp:attachment":[{"href":"https:\/\/shinemusicrental.com\/ca\/wp-json\/wp\/v2\/media?parent=403"}],"wp:term":[{"taxonomy":"product_brand","embeddable":true,"href":"https:\/\/shinemusicrental.com\/ca\/wp-json\/wp\/v2\/product_brand?post=403"},{"taxonomy":"product_cat","embeddable":true,"href":"https:\/\/shinemusicrental.com\/ca\/wp-json\/wp\/v2\/product_cat?post=403"},{"taxonomy":"product_tag","embeddable":true,"href":"https:\/\/shinemusicrental.com\/ca\/wp-json\/wp\/v2\/product_tag?post=403"}],"curies":[{"name":"wp","href":"https:\/\/api.w.org\/{rel}","templated":true}]}}