{"id":394,"date":"2022-10-14T16:27:54","date_gmt":"2022-10-14T14:27:54","guid":{"rendered":"http:\/\/www.shinemusicrental.com\/product\/yamaha-p-45-digital-piano\/"},"modified":"2024-04-08T13:15:40","modified_gmt":"2024-04-08T11:15:40","slug":"yamaha-p-45-piano-digital","status":"publish","type":"product","link":"https:\/\/shinemusicrental.com\/ca\/product\/yamaha-p-45-piano-digital\/","title":{"rendered":"Piano Digital Yamaha P-45"},"content":{"rendered":"<p>El Yamaha P-45 \u00e9s una opci\u00f3 de lloguer molt assequible i lleugera, que reuneix les millors caracter\u00edstiques dels pianos digitals. Ve amb deu veus diferents per a diferents estils musicals, que van des del piano de cua fins al clavicordi i l\u2019\u00f2rgan, pot transposar m\u00fasica en viu per a la comoditat m\u00fatua d\u2019un vocalista i pianista acompanyant, i t\u00e9 capacitat USB per a la creaci\u00f3 d\u2019arxius midi . Amb 64 notes de polifonia i un mecanisme de martell graduat per a una sensaci\u00f3 aut\u00e8ntica, aquest \u00e9s l\u2019instrument perfecte per a un m\u00fasic vers\u00e0til sobre la marxa. Llogui aquest piano digital o semblant a la nostra molt competitiva tarifa.<\/p>\n","protected":false},"excerpt":{"rendered":"<p><strong>Dip\u00f2sit: 170\u20ac<\/strong><\/p>\n<p>El Yamaha P-45 \u00e9s una opci\u00f3 de lloguer molt assequible i lleugera, que reuneix les millors caracter\u00edstiques dels pianos digitals.<\/p>\n<div id=\"gtx-trans\" style=\"position: absolute; left: -40px; top: -9.78819px;\">\n<div class=\"gtx-trans-icon\"><\/div>\n<\/div>\n","protected":false},"featured_media":385,"comment_status":"open","ping_status":"closed","template":"","meta":{"_acf_changed":false,"content-type":""},"product_brand":[],"product_cat":[132,133],"product_tag":[562,663,462,590,561,464,490,592,558,478,660,479,488,603,482,484,486,594],"class_list":{"0":"post-394","1":"product","2":"type-product","3":"status-publish","4":"has-post-thumbnail","6":"product_cat-instruments-de-teclat","7":"product_cat-pianos-digitals","8":"product_tag-instruments-de-contractacio","9":"product_tag-llogar-piano-digital","10":"product_tag-lloguer-dinstruments","11":"product_tag-lloguer-dinstruments-ca-2","12":"product_tag-lloguer-dinstruments-ca","13":"product_tag-lloguer-dinstruments-barcelona","14":"product_tag-lloguer-dinstruments-barcelona-ca","15":"product_tag-lloguer-dinstruments-espanya-ca","16":"product_tag-lloguer-dinstruments-espanya","17":"product_tag-piano-ca","18":"product_tag-piano-digital-ca","19":"product_tag-piano-es-ca","20":"product_tag-piano-espanya","21":"product_tag-piano-yamaha-ca","22":"product_tag-pianos-ca","23":"product_tag-pianos-barcelona-ca","24":"product_tag-pianos-de-lloguer","25":"product_tag-yamaha-ca","27":"first","28":"instock","29":"sold-individually","30":"shipping-taxable","31":"purchasable","32":"product-type-booking"},"booking_location":"","booking_location_type":"","booking_duration":1,"booking_duration_unit":"day","booking_buffer":0,"booking_cost":0,"booking_resources":[],"exclude_global_add_ons":false,"addons":[{"name":"Dip\u00f2sit","type":"checkbox","position":0,"required":false,"title_format":"hide","default":"","description_enable":false,"description":"","placeholder_enable":false,"placeholder":"","display":"select","restrictions_type":"any_text","adjust_price":false,"price":"","price_type":"flat_fee","restrictions":false,"min":"0","max":"0","options":[{"label":"Dip\u00f2sit","price":"170","price_type":"flat_fee","image":0,"visibility":true}]},{"name":"PIANO EL\u00c8CTRIC","type":"checkbox","position":0,"required":true,"title_format":"label","default":"","description_enable":false,"description":"","placeholder_enable":false,"placeholder":"","display":"select","restrictions_type":"any_text","adjust_price":false,"price":"","price_type":"flat_fee","restrictions":false,"min":"0","max":"0","options":[{"label":"Pedal de Sustain de Qualitat","price":"10.00","price_type":"quantity_based","image":0,"visibility":true},{"label":"Suport","price":"10.00","price_type":"quantity_based","image":0,"visibility":true},{"label":"Tamboret de Piano de Qualitat","price":"25.00","price_type":"quantity_based","image":0,"visibility":true},{"label":"Tamboret de Piano","price":"10.00","price_type":"quantity_based","image":0,"visibility":true}]}],"acf":{"set_to_be_sold":false,"sale_description":"","sale_price":""},"_links":{"self":[{"href":"https:\/\/shinemusicrental.com\/ca\/wp-json\/wp\/v2\/product\/394","targetHints":{"allow":["GET"]}}],"collection":[{"href":"https:\/\/shinemusicrental.com\/ca\/wp-json\/wp\/v2\/product"}],"about":[{"href":"https:\/\/shinemusicrental.com\/ca\/wp-json\/wp\/v2\/types\/product"}],"replies":[{"embeddable":true,"href":"https:\/\/shinemusicrental.com\/ca\/wp-json\/wp\/v2\/comments?post=394"}],"wp:featuredmedia":[{"embeddable":true,"href":"https:\/\/shinemusicrental.com\/ca\/wp-json\/wp\/v2\/media\/385"}],"wp:attachment":[{"href":"https:\/\/shinemusicrental.com\/ca\/wp-json\/wp\/v2\/media?parent=394"}],"wp:term":[{"taxonomy":"product_brand","embeddable":true,"href":"https:\/\/shinemusicrental.com\/ca\/wp-json\/wp\/v2\/product_brand?post=394"},{"taxonomy":"product_cat","embeddable":true,"href":"https:\/\/shinemusicrental.com\/ca\/wp-json\/wp\/v2\/product_cat?post=394"},{"taxonomy":"product_tag","embeddable":true,"href":"https:\/\/shinemusicrental.com\/ca\/wp-json\/wp\/v2\/product_tag?post=394"}],"curies":[{"name":"wp","href":"https:\/\/api.w.org\/{rel}","templated":true}]}}