{"id":380,"date":"2022-10-14T15:54:31","date_gmt":"2022-10-14T13:54:31","guid":{"rendered":"http:\/\/www.shinemusicrental.com\/product\/yamaha-ydp164-digital-piano-clavinova\/"},"modified":"2024-04-08T12:21:43","modified_gmt":"2024-04-08T10:21:43","slug":"yamaha-ydp164-digital-piano-clavinova","status":"publish","type":"product","link":"https:\/\/shinemusicrental.com\/ca\/product\/yamaha-ydp164-digital-piano-clavinova\/","title":{"rendered":"Piano Digital Clavinova Yamaha YDP164"},"content":{"rendered":"<p>El Piano Digial Clavinova Yamaha YDP164 \u00e9s una excel\u00b7lent opci\u00f3 de lloguer per a m\u00fasics de tots els nivells. La funci\u00f3 de gravaci\u00f3 de dues pistes permet als nouvinguts a practicar i tocar sobre amb la m\u00e0 dreta i esquerra per separat, mentre que la configuraci\u00f3 completa dels 3 pedals i les capacitats polif\u00f2niques de 128 notes admeten f\u00e0cilment els acords complexos i sostinguts de peces cl\u00e0ssiques avan\u00e7ades. L\u2019aspecte i la sensaci\u00f3 recorden fortament a un piano ac\u00fastic tradicional, incloses les tecles d\u2019ivori d\u2019imitaci\u00f3 realista, i el sistema d\u2019altaveus de 20 watts per canal garanteix que mai voldr\u00e0 m\u00e9s volum.\u00a0 Llogui aquest piano digital o semblant a la nostra molt competitiva tarifa. Inclou banqueta per a Piano. Instrument Rental Barcelona \u00e9s part de la xarxa d\u2019escoles de Shine School of Music. Oferim una \u00e0mplia gamma de lli\u00e7ons de m\u00fasica, llocs per a la celebraci\u00f3 d\u2019esdeveniments, espais per practicar m\u00fasica i espais addicionals de treball conjunt.<\/p>\n","protected":false},"excerpt":{"rendered":"<p><strong>Dip\u00f2sit: \u20ac400<\/strong>\u00a0El Piano Digial Clavinova Yamaha YDP164 \u00e9s una excel\u00b7lent opci\u00f3 de lloguer per a m\u00fasics de tots els nivells.<\/p>\n","protected":false},"featured_media":374,"comment_status":"open","ping_status":"closed","template":"","meta":{"_acf_changed":false,"content-type":""},"product_brand":[],"product_cat":[132,133],"product_tag":[562,663,462,590,561,464,490,592,558,478,660,479,488,603,482,484,486,594],"class_list":{"0":"post-380","1":"product","2":"type-product","3":"status-publish","4":"has-post-thumbnail","6":"product_cat-instruments-de-teclat","7":"product_cat-pianos-digitals","8":"product_tag-instruments-de-contractacio","9":"product_tag-llogar-piano-digital","10":"product_tag-lloguer-dinstruments","11":"product_tag-lloguer-dinstruments-ca-2","12":"product_tag-lloguer-dinstruments-ca","13":"product_tag-lloguer-dinstruments-barcelona","14":"product_tag-lloguer-dinstruments-barcelona-ca","15":"product_tag-lloguer-dinstruments-espanya-ca","16":"product_tag-lloguer-dinstruments-espanya","17":"product_tag-piano-ca","18":"product_tag-piano-digital-ca","19":"product_tag-piano-es-ca","20":"product_tag-piano-espanya","21":"product_tag-piano-yamaha-ca","22":"product_tag-pianos-ca","23":"product_tag-pianos-barcelona-ca","24":"product_tag-pianos-de-lloguer","25":"product_tag-yamaha-ca","27":"first","28":"instock","29":"sold-individually","30":"shipping-taxable","31":"purchasable","32":"product-type-booking"},"booking_location":"","booking_location_type":"","booking_duration":1,"booking_duration_unit":"day","booking_buffer":0,"booking_cost":0,"booking_resources":[],"exclude_global_add_ons":false,"addons":[{"name":"Dip\u00f2sit","type":"checkbox","position":0,"required":false,"title_format":"hide","default":"","description_enable":false,"description":"","placeholder_enable":false,"placeholder":"","display":"select","restrictions_type":"any_text","adjust_price":false,"price":"","price_type":"flat_fee","restrictions":false,"min":"0","max":"0","options":[{"label":"Dip\u00f2sit","price":"400","price_type":"flat_fee","image":0,"visibility":true}]},{"name":"PIANO EL\u00c8CTRIC","type":"checkbox","position":0,"required":true,"title_format":"label","default":"","description_enable":false,"description":"","placeholder_enable":false,"placeholder":"","display":"select","restrictions_type":"any_text","adjust_price":false,"price":"","price_type":"flat_fee","restrictions":false,"min":"0","max":"0","options":[{"label":"Pedal de Sustain de Qualitat","price":"10.00","price_type":"quantity_based","image":0,"visibility":true},{"label":"Suport","price":"10.00","price_type":"quantity_based","image":0,"visibility":true},{"label":"Tamboret de Piano de Qualitat","price":"25.00","price_type":"quantity_based","image":0,"visibility":true},{"label":"Tamboret de Piano","price":"10.00","price_type":"quantity_based","image":0,"visibility":true}]}],"acf":{"set_to_be_sold":false,"sale_description":"","sale_price":""},"_links":{"self":[{"href":"https:\/\/shinemusicrental.com\/ca\/wp-json\/wp\/v2\/product\/380","targetHints":{"allow":["GET"]}}],"collection":[{"href":"https:\/\/shinemusicrental.com\/ca\/wp-json\/wp\/v2\/product"}],"about":[{"href":"https:\/\/shinemusicrental.com\/ca\/wp-json\/wp\/v2\/types\/product"}],"replies":[{"embeddable":true,"href":"https:\/\/shinemusicrental.com\/ca\/wp-json\/wp\/v2\/comments?post=380"}],"wp:featuredmedia":[{"embeddable":true,"href":"https:\/\/shinemusicrental.com\/ca\/wp-json\/wp\/v2\/media\/374"}],"wp:attachment":[{"href":"https:\/\/shinemusicrental.com\/ca\/wp-json\/wp\/v2\/media?parent=380"}],"wp:term":[{"taxonomy":"product_brand","embeddable":true,"href":"https:\/\/shinemusicrental.com\/ca\/wp-json\/wp\/v2\/product_brand?post=380"},{"taxonomy":"product_cat","embeddable":true,"href":"https:\/\/shinemusicrental.com\/ca\/wp-json\/wp\/v2\/product_cat?post=380"},{"taxonomy":"product_tag","embeddable":true,"href":"https:\/\/shinemusicrental.com\/ca\/wp-json\/wp\/v2\/product_tag?post=380"}],"curies":[{"name":"wp","href":"https:\/\/api.w.org\/{rel}","templated":true}]}}