{"id":3199,"date":"2022-11-11T17:07:39","date_gmt":"2022-11-11T15:07:39","guid":{"rendered":"http:\/\/www.shinemusicrental.com\/product\/adam-hall-sks03-suport-negre-per-a-teclat\/"},"modified":"2022-11-11T17:07:39","modified_gmt":"2022-11-11T15:07:39","slug":"adam-hall-sks03-suport-negre-per-a-teclat","status":"publish","type":"product","link":"https:\/\/shinemusicrental.com\/ca\/product\/adam-hall-sks03-suport-negre-per-a-teclat\/","title":{"rendered":"Adam Hall SKS03 Suport Negre per a Teclat"},"content":{"rendered":"<p>El suport per a teclat Adam Hall SKS03 \u00e9s molt estable i es pot ajustar r\u00e0pidament, amb doble secci\u00f3 i potes de goma. No es lliscar\u00e0 sobre superf\u00edcies llises ni deixar\u00e0 esgarrapades o rascades en pisos delicats. Amb una gamma m\u00e9s \u00e0mplia d\u2019ajustaments d\u2019altura que la majoria dels suports per a teclat comparables, el SKS03 permet que fins al m\u00e9s petit dels m\u00fasics toc c\u00f2modament. Llogui aquest suport per a teclat o similar a la nostra molt competitiva tarifa.<\/p>\n<p>Instrument Rental Barcelona \u00e9s part de la xarxa d\u2019escoles de Shine School of Music. Oferim una \u00e0mplia gamma de lli\u00e7ons de m\u00fasica, llocs per a la celebraci\u00f3 d\u2019esdeveniments, espais per practicar m\u00fasica i espais addicionals de treball conjunt.<\/p>\n","protected":false},"excerpt":{"rendered":"<p><strong>Dip\u00f2sit: \u20ac10<\/strong><\/p>\n<p>El suport per a teclat Adam Hall SKS03 \u00e9s molt estable i es pot ajustar r\u00e0pidament, amb doble secci\u00f3 i potes de goma.<\/p>\n<div id=\"gtx-trans\" style=\"position: absolute; left: 26px; top: -10.6667px;\">\n<div class=\"gtx-trans-icon\"><\/div>\n<\/div>\n","protected":false},"featured_media":3187,"comment_status":"open","ping_status":"closed","template":"","meta":{"_acf_changed":false,"content-type":""},"product_brand":[],"product_cat":[132,218],"product_tag":[996,562,997,462,590,561,464,490,592,558,478,479,488,482,484,486,998],"class_list":{"0":"post-3199","1":"product","2":"type-product","3":"status-publish","4":"has-post-thumbnail","6":"product_cat-instruments-de-teclat","7":"product_cat-suports-pedals-i-accessoris","8":"product_tag-adam-hall-ca","9":"product_tag-instruments-de-contractacio","10":"product_tag-keyboard-stand-ca","11":"product_tag-lloguer-dinstruments","12":"product_tag-lloguer-dinstruments-ca-2","13":"product_tag-lloguer-dinstruments-ca","14":"product_tag-lloguer-dinstruments-barcelona","15":"product_tag-lloguer-dinstruments-barcelona-ca","16":"product_tag-lloguer-dinstruments-espanya-ca","17":"product_tag-lloguer-dinstruments-espanya","18":"product_tag-piano-ca","19":"product_tag-piano-es-ca","20":"product_tag-piano-espanya","21":"product_tag-pianos-ca","22":"product_tag-pianos-barcelona-ca","23":"product_tag-pianos-de-lloguer","24":"product_tag-stand-ca","26":"first","27":"instock","28":"sold-individually","29":"shipping-taxable","30":"purchasable","31":"product-type-booking"},"booking_location":"","booking_location_type":"","booking_duration":1,"booking_duration_unit":"day","booking_buffer":0,"booking_cost":0,"booking_resources":[],"exclude_global_add_ons":false,"addons":[{"name":"Dip\u00f2sit","type":"checkbox","position":0,"required":false,"title_format":"hide","default":"","description_enable":false,"description":"","placeholder_enable":false,"placeholder":"","display":"select","restrictions_type":"any_text","adjust_price":false,"price":"","price_type":"flat_fee","restrictions":false,"min":"0","max":"0","options":[{"label":"Dip\u00f2sit","price":"10","price_type":"flat_fee","image":0,"visibility":true}]}],"acf":{"set_to_be_sold":false,"sale_description":"","sale_price":""},"_links":{"self":[{"href":"https:\/\/shinemusicrental.com\/ca\/wp-json\/wp\/v2\/product\/3199","targetHints":{"allow":["GET"]}}],"collection":[{"href":"https:\/\/shinemusicrental.com\/ca\/wp-json\/wp\/v2\/product"}],"about":[{"href":"https:\/\/shinemusicrental.com\/ca\/wp-json\/wp\/v2\/types\/product"}],"replies":[{"embeddable":true,"href":"https:\/\/shinemusicrental.com\/ca\/wp-json\/wp\/v2\/comments?post=3199"}],"wp:featuredmedia":[{"embeddable":true,"href":"https:\/\/shinemusicrental.com\/ca\/wp-json\/wp\/v2\/media\/3187"}],"wp:attachment":[{"href":"https:\/\/shinemusicrental.com\/ca\/wp-json\/wp\/v2\/media?parent=3199"}],"wp:term":[{"taxonomy":"product_brand","embeddable":true,"href":"https:\/\/shinemusicrental.com\/ca\/wp-json\/wp\/v2\/product_brand?post=3199"},{"taxonomy":"product_cat","embeddable":true,"href":"https:\/\/shinemusicrental.com\/ca\/wp-json\/wp\/v2\/product_cat?post=3199"},{"taxonomy":"product_tag","embeddable":true,"href":"https:\/\/shinemusicrental.com\/ca\/wp-json\/wp\/v2\/product_tag?post=3199"}],"curies":[{"name":"wp","href":"https:\/\/api.w.org\/{rel}","templated":true}]}}