{"id":3121,"date":"2022-11-03T17:51:43","date_gmt":"2022-11-03T15:51:43","guid":{"rendered":"http:\/\/www.shinemusicrental.com\/product\/llarga-duracio-bateria-electrica-intermedia\/"},"modified":"2022-12-07T13:03:48","modified_gmt":"2022-12-07T11:03:48","slug":"llarga-duracio-bateria-electrica-intermedia","status":"publish","type":"product","link":"https:\/\/shinemusicrental.com\/ca\/product\/llarga-duracio-bateria-electrica-intermedia\/","title":{"rendered":"Llarga Duraci\u00f3 \u2013 Bateria El\u00e8ctrica Interm\u00e8dia"},"content":{"rendered":"","protected":false},"excerpt":{"rendered":"<p>La nostre\u00a0<em>Bateria El\u00e8ctrica Interm\u00e8dia<\/em> \u00e9s la Bateria El\u00e8ctrica Yamaha Pack DD75 o similar.<\/p>\n<p>Els lloguers a llarg temini\u00a0<strong>es paguen mensualment<\/strong>\u00a0i tenen una perman\u00e8ncia\u00a0<strong>m\u00ednima de 4 meses<\/strong>. El\u00a0<strong>pagament a la p\u00e0gina web reserva l\u2019instrument i<\/strong>\u00a0<b>paga el primer mes de lloguer<\/b><\/p>\n<p>Un cop confirmis la comanda,\u00a0<strong>un dels nostres simp\u00e0tics agents li contactar\u00e0 en les pr\u00f2ximes 24 hores<\/strong>\u00a0per deixar-ho tot llest i confirmat.<\/p>\n<p>Necessites m\u00e9s opcions de Bateries El\u00e8ctriques per al lloguer de llarg termini?<\/p>\n<h5>\u2013\u00a0<a href=\"http:\/\/www.shinemusicrental.com\/ca\/product\/llarga-duracio-bateria-electrica-diniciacio\/\">Bateria El\u00e8ctrica d\u2019Iniciaci\u00f3\u00a0<\/a><br \/>\n\u2013 Bateria El\u00e8ctrica Interm\u00e8dia &#8211; Actual<br \/>\n\u2013 <a href=\"http:\/\/www.shinemusicrental.com\/ca\/product\/llarga-duracio-bateria-electrica-professional\/\">Bateria El\u00e8ctrica Professional<\/a><\/h5>\n","protected":false},"featured_media":2951,"comment_status":"open","ping_status":"closed","template":"","meta":{"_acf_changed":false,"content-type":""},"product_brand":[],"product_cat":[255,291],"product_tag":[],"class_list":{"0":"post-3121","1":"product","2":"type-product","3":"status-publish","4":"has-post-thumbnail","6":"long_term_tag-bateries-percussio","7":"long_term_level-intermedi","8":"product_cat-llarga-durada","9":"product_cat-bateries-electroniques-ca","11":"first","12":"instock","13":"sale","14":"shipping-taxable","15":"purchasable","16":"product-type-simple"},"booking_location":null,"booking_location_type":null,"booking_duration":null,"booking_duration_unit":null,"booking_buffer":null,"booking_cost":null,"booking_resources":null,"exclude_global_add_ons":[],"addons":[],"acf":{"set_to_be_sold":false,"sale_description":"","sale_price":""},"_links":{"self":[{"href":"https:\/\/shinemusicrental.com\/ca\/wp-json\/wp\/v2\/product\/3121","targetHints":{"allow":["GET"]}}],"collection":[{"href":"https:\/\/shinemusicrental.com\/ca\/wp-json\/wp\/v2\/product"}],"about":[{"href":"https:\/\/shinemusicrental.com\/ca\/wp-json\/wp\/v2\/types\/product"}],"replies":[{"embeddable":true,"href":"https:\/\/shinemusicrental.com\/ca\/wp-json\/wp\/v2\/comments?post=3121"}],"wp:featuredmedia":[{"embeddable":true,"href":"https:\/\/shinemusicrental.com\/ca\/wp-json\/wp\/v2\/media\/2951"}],"wp:attachment":[{"href":"https:\/\/shinemusicrental.com\/ca\/wp-json\/wp\/v2\/media?parent=3121"}],"wp:term":[{"taxonomy":"product_brand","embeddable":true,"href":"https:\/\/shinemusicrental.com\/ca\/wp-json\/wp\/v2\/product_brand?post=3121"},{"taxonomy":"product_cat","embeddable":true,"href":"https:\/\/shinemusicrental.com\/ca\/wp-json\/wp\/v2\/product_cat?post=3121"},{"taxonomy":"product_tag","embeddable":true,"href":"https:\/\/shinemusicrental.com\/ca\/wp-json\/wp\/v2\/product_tag?post=3121"}],"curies":[{"name":"wp","href":"https:\/\/api.w.org\/{rel}","templated":true}]}}