{"id":3071,"date":"2022-11-03T16:57:16","date_gmt":"2022-11-03T14:57:16","guid":{"rendered":"http:\/\/www.shinemusicrental.com\/product\/llarga-duracio-contrabaix-diniciacio\/"},"modified":"2022-12-07T13:58:02","modified_gmt":"2022-12-07T11:58:02","slug":"llarga-duracio-contrabaix-diniciacio","status":"publish","type":"product","link":"https:\/\/shinemusicrental.com\/ca\/product\/llarga-duracio-contrabaix-diniciacio\/","title":{"rendered":"Llarga Duraci\u00f3 \u2013 Contrabaix d\u2019Iniciaci\u00f3"},"content":{"rendered":"","protected":false},"excerpt":{"rendered":"<p>El nostre\u00a0<em>Contrabaix\u00a0d\u2019Iniciaci\u00f3<\/em>\u00a0\u00e9s el Contrabaix Thomann 111BR 3\/4 o similar.<\/p>\n<p>Els lloguers a llarg temini\u00a0<strong>es paguen mensualment<\/strong>\u00a0i tenen una perman\u00e8ncia\u00a0<strong>m\u00ednima de 4 meses<\/strong>. El\u00a0<strong>pagament a la p\u00e0gina web reserva l\u2019instrument i<\/strong>\u00a0<b>paga el primer mes de lloguer<\/b><\/p>\n<p>Un cop confirmis la comanda,\u00a0<strong>un dels nostres simp\u00e0tics agents li contactar\u00e0 en les pr\u00f2ximes 24 hores<\/strong>\u00a0per deixar-ho tot llest i confirmat.<\/p>\n<p>Necessites m\u00e9s opcions de Contrabaixos per al lloguer de llarg termini?<\/p>\n<h5>\u2013\u00a0Contrabaix d\u2019Iniciaci\u00f3 \u2013 Actual<br \/>\n\u2013 <a href=\"http:\/\/www.shinemusicrental.com\/ca\/product\/llarga-duracio-contrabaix-intermedi\/\">Contrabaix Intermedi<\/a><br \/>\n\u2013 <a href=\"http:\/\/www.shinemusicrental.com\/ca\/product\/llarga-duracio-contrabaix-professional\/\">Contrabaix Professional<\/a><\/h5>\n","protected":false},"featured_media":714,"comment_status":"open","ping_status":"closed","template":"","meta":{"_acf_changed":false,"content-type":""},"product_brand":[],"product_cat":[255,283],"product_tag":[],"class_list":{"0":"post-3071","1":"product","2":"type-product","3":"status-publish","4":"has-post-thumbnail","6":"long_term_level-diniciacio","7":"product_cat-llarga-durada","8":"product_cat-contrabaixos","10":"first","11":"instock","12":"sale","13":"shipping-taxable","14":"purchasable","15":"product-type-simple"},"booking_location":null,"booking_location_type":null,"booking_duration":null,"booking_duration_unit":null,"booking_buffer":null,"booking_cost":null,"booking_resources":null,"exclude_global_add_ons":false,"addons":[{"name":"CONTRABAIX","type":"checkbox","position":0,"required":false,"title_format":"label","default":"","description_enable":false,"description":"","placeholder_enable":false,"placeholder":"","display":"select","restrictions_type":"any_text","adjust_price":false,"price":"","price_type":"flat_fee","restrictions":false,"min":"0","max":"0","options":[{"label":"Suport per a Contrabaix","price":"19.00","price_type":"quantity_based","image":0,"visibility":true},{"label":"Faristol","price":"5.00","price_type":"quantity_based","image":0,"visibility":true},{"label":"Faristol de Qualitat","price":"9.00","price_type":"quantity_based","image":0,"visibility":true}]}],"acf":{"set_to_be_sold":false,"sale_description":"","sale_price":""},"_links":{"self":[{"href":"https:\/\/shinemusicrental.com\/ca\/wp-json\/wp\/v2\/product\/3071","targetHints":{"allow":["GET"]}}],"collection":[{"href":"https:\/\/shinemusicrental.com\/ca\/wp-json\/wp\/v2\/product"}],"about":[{"href":"https:\/\/shinemusicrental.com\/ca\/wp-json\/wp\/v2\/types\/product"}],"replies":[{"embeddable":true,"href":"https:\/\/shinemusicrental.com\/ca\/wp-json\/wp\/v2\/comments?post=3071"}],"wp:featuredmedia":[{"embeddable":true,"href":"https:\/\/shinemusicrental.com\/ca\/wp-json\/wp\/v2\/media\/714"}],"wp:attachment":[{"href":"https:\/\/shinemusicrental.com\/ca\/wp-json\/wp\/v2\/media?parent=3071"}],"wp:term":[{"taxonomy":"product_brand","embeddable":true,"href":"https:\/\/shinemusicrental.com\/ca\/wp-json\/wp\/v2\/product_brand?post=3071"},{"taxonomy":"product_cat","embeddable":true,"href":"https:\/\/shinemusicrental.com\/ca\/wp-json\/wp\/v2\/product_cat?post=3071"},{"taxonomy":"product_tag","embeddable":true,"href":"https:\/\/shinemusicrental.com\/ca\/wp-json\/wp\/v2\/product_tag?post=3071"}],"curies":[{"name":"wp","href":"https:\/\/api.w.org\/{rel}","templated":true}]}}