{"id":3037,"date":"2022-11-03T16:17:16","date_gmt":"2022-11-03T14:17:16","guid":{"rendered":"http:\/\/www.shinemusicrental.com\/product\/llarga-duracio-banjo-intermedi\/"},"modified":"2022-12-07T14:58:37","modified_gmt":"2022-12-07T12:58:37","slug":"llarga-duracio-banjo-intermedi","status":"publish","type":"product","link":"https:\/\/shinemusicrental.com\/ca\/product\/llarga-duracio-banjo-intermedi\/","title":{"rendered":"Llarga Duraci\u00f3 \u2013 Banjo Intermedi"},"content":{"rendered":"","protected":false},"excerpt":{"rendered":"<p>El nostre\u00a0<em>Banjo Intermedi<\/em>\u00a0\u00e9s el Banjo Stagg BJW24 DL 5 Cordes o similar.<\/p>\n<p>Els lloguers a llarg temini\u00a0<strong>es paguen mensualment<\/strong>\u00a0i tenen una perman\u00e8ncia\u00a0<strong>m\u00ednima de 4 meses<\/strong>. El\u00a0<strong>pagament a la p\u00e0gina web reserva l\u2019instrument i<\/strong>\u00a0<b>paga el primer mes de lloguer<\/b><\/p>\n<p>Un cop confirmis la comanda,\u00a0<strong>un dels nostres simp\u00e0tics agents li contactar\u00e0 en les pr\u00f2ximes 24 hores<\/strong>\u00a0per deixar-ho tot llest i confirmat.<\/p>\n<p>Necessites m\u00e9s opcions de Banjos per al lloguer de llarg termini?<\/p>\n<h5>\u2013\u00a0<a href=\"http:\/\/www.shinemusicrental.com\/ca\/product\/llarga-duracio-banjo-diniciacio\/\">Banjo d\u2019Iniciaci\u00f3<\/a><br \/>\n\u2013 Banjo Intermedi \u2013 Actual<br \/>\n\u2013 <a href=\"http:\/\/www.shinemusicrental.com\/ca\/product\/llarga-duracio-banjo-professional\/\">Banjo Professional<\/a><\/h5>\n","protected":false},"featured_media":1276,"comment_status":"open","ping_status":"closed","template":"","meta":{"_acf_changed":false,"content-type":""},"product_brand":[],"product_cat":[255,265],"product_tag":[],"class_list":{"0":"post-3037","1":"product","2":"type-product","3":"status-publish","4":"has-post-thumbnail","6":"long_term_tag-guitarres-baixos","7":"long_term_level-intermedi","8":"product_cat-llarga-durada","9":"product_cat-banjo-ca-2","11":"first","12":"instock","13":"sale","14":"shipping-taxable","15":"purchasable","16":"product-type-simple"},"booking_location":null,"booking_location_type":null,"booking_duration":null,"booking_duration_unit":null,"booking_buffer":null,"booking_cost":null,"booking_resources":null,"exclude_global_add_ons":false,"addons":[{"name":"Guitarres Ac\u00fastiques","type":"checkbox","position":0,"required":false,"title_format":"label","default":"","description_enable":false,"description":"","placeholder_enable":false,"placeholder":"","display":"select","restrictions_type":"any_text","adjust_price":false,"price":"","price_type":"flat_fee","restrictions":false,"min":"0","max":"0","options":[{"label":"Cable d'Instrument Jack 1\/4","price":"5.00","price_type":"quantity_based","image":0,"visibility":true},{"label":"Pua de Qualitat","price":"2.00","price_type":"quantity_based","image":0,"visibility":true},{"label":"Pua Est\u00e0ndard","price":"1.00","price_type":"quantity_based","image":0,"visibility":true},{"label":"Corretja","price":"5.00","price_type":"quantity_based","image":0,"visibility":true},{"label":"Capo","price":"5.00","price_type":"quantity_based","image":0,"visibility":true},{"label":"Afinador","price":"5.00","price_type":"quantity_based","image":0,"visibility":true},{"label":"Faristol de Qualitat","price":"9.00","price_type":"quantity_based","image":0,"visibility":true},{"label":"Faristol","price":"5.00","price_type":"quantity_based","image":0,"visibility":true}]}],"acf":{"set_to_be_sold":false,"sale_description":"","sale_price":""},"_links":{"self":[{"href":"https:\/\/shinemusicrental.com\/ca\/wp-json\/wp\/v2\/product\/3037","targetHints":{"allow":["GET"]}}],"collection":[{"href":"https:\/\/shinemusicrental.com\/ca\/wp-json\/wp\/v2\/product"}],"about":[{"href":"https:\/\/shinemusicrental.com\/ca\/wp-json\/wp\/v2\/types\/product"}],"replies":[{"embeddable":true,"href":"https:\/\/shinemusicrental.com\/ca\/wp-json\/wp\/v2\/comments?post=3037"}],"wp:featuredmedia":[{"embeddable":true,"href":"https:\/\/shinemusicrental.com\/ca\/wp-json\/wp\/v2\/media\/1276"}],"wp:attachment":[{"href":"https:\/\/shinemusicrental.com\/ca\/wp-json\/wp\/v2\/media?parent=3037"}],"wp:term":[{"taxonomy":"product_brand","embeddable":true,"href":"https:\/\/shinemusicrental.com\/ca\/wp-json\/wp\/v2\/product_brand?post=3037"},{"taxonomy":"product_cat","embeddable":true,"href":"https:\/\/shinemusicrental.com\/ca\/wp-json\/wp\/v2\/product_cat?post=3037"},{"taxonomy":"product_tag","embeddable":true,"href":"https:\/\/shinemusicrental.com\/ca\/wp-json\/wp\/v2\/product_tag?post=3037"}],"curies":[{"name":"wp","href":"https:\/\/api.w.org\/{rel}","templated":true}]}}