{"id":3019,"date":"2022-11-03T15:55:09","date_gmt":"2022-11-03T13:55:09","guid":{"rendered":"http:\/\/www.shinemusicrental.com\/product\/llarga-duracio-amplificador-de-guitarra-electrica-intermedi\/"},"modified":"2022-12-07T15:33:46","modified_gmt":"2022-12-07T13:33:46","slug":"llarga-duracio-amplificador-de-guitarra-electrica-intermedi","status":"publish","type":"product","link":"https:\/\/shinemusicrental.com\/ca\/product\/llarga-duracio-amplificador-de-guitarra-electrica-intermedi\/","title":{"rendered":"Llarga Duraci\u00f3 \u2013 Amplificador de Guitarra El\u00e8ctrica Intermedi"},"content":{"rendered":"","protected":false},"excerpt":{"rendered":"<p>El nostre\u00a0<em>Amplificador de Guitarra Interm\u00e8dia<\/em>\u00a0\u00e9s un Amplificador Line 6 Spider V 30 MKII o similar.<\/p>\n<p>Els lloguers a llarg temini\u00a0<strong>es paguen mensualment<\/strong>\u00a0i tenen una perman\u00e8ncia\u00a0<strong>m\u00ednima de 4 meses<\/strong>. El\u00a0<strong>pagament a la p\u00e0gina web reserva l\u2019instrument i<\/strong>\u00a0<b>paga el primer mes de lloguer<\/b><\/p>\n<p>Un cop confirmis la comanda,\u00a0<strong>un dels nostres simp\u00e0tics agents li contactar\u00e0 en les pr\u00f2ximes 24 hores<\/strong>\u00a0per deixar-ho tot llest i confirmat.<\/p>\n<p>Necessites m\u00e9s opcions d&#8217;Amplificadors de Guitarra per al lloguer de llarg termini?<\/p>\n<h5>\u2013\u00a0<a href=\"http:\/\/www.shinemusicrental.com\/ca\/product\/llarga-duracio-amplificador-de-guitarra-electrica-diniciacio\/\">Amplificador de Guitarra d\u2019Iniciaci\u00f3<\/a><br \/>\n\u2013 Amplificador de Guitarra Intermedi \u2013 Actual<br \/>\n\u2013 <a href=\"http:\/\/www.shinemusicrental.com\/ca\/product\/llarga-duracio-amplificador-de-guitarra-electrica-professional\/\">Amplificador de Guitarra Professional<\/a><\/h5>\n","protected":false},"featured_media":622,"comment_status":"open","ping_status":"closed","template":"","meta":{"_acf_changed":false,"content-type":""},"product_brand":[],"product_cat":[255,295],"product_tag":[],"class_list":{"0":"post-3019","1":"product","2":"type-product","3":"status-publish","4":"has-post-thumbnail","6":"long_term_tag-guitarres-baixos","7":"long_term_level-intermedi","8":"product_cat-llarga-durada","9":"product_cat-amplificadors-de-guitarra-ca","11":"first","12":"instock","13":"sale","14":"shipping-taxable","15":"purchasable","16":"product-type-simple"},"booking_location":null,"booking_location_type":null,"booking_duration":null,"booking_duration_unit":null,"booking_buffer":null,"booking_cost":null,"booking_resources":null,"exclude_global_add_ons":false,"addons":[{"name":"Amplificadors (tots)","type":"checkbox","position":0,"required":false,"title_format":"label","default":"","description_enable":false,"description":"","placeholder_enable":false,"placeholder":"","display":"select","restrictions_type":"any_text","adjust_price":false,"price":"","price_type":"flat_fee","restrictions":false,"min":"0","max":"0","options":[{"label":"Cable d'Instrument Jack 1\/4","price":"5.00","price_type":"quantity_based","image":0,"visibility":true},{"label":"DI Box","price":"5.00","price_type":"quantity_based","image":0,"visibility":true}]}],"acf":{"set_to_be_sold":false,"sale_description":"","sale_price":""},"_links":{"self":[{"href":"https:\/\/shinemusicrental.com\/ca\/wp-json\/wp\/v2\/product\/3019","targetHints":{"allow":["GET"]}}],"collection":[{"href":"https:\/\/shinemusicrental.com\/ca\/wp-json\/wp\/v2\/product"}],"about":[{"href":"https:\/\/shinemusicrental.com\/ca\/wp-json\/wp\/v2\/types\/product"}],"replies":[{"embeddable":true,"href":"https:\/\/shinemusicrental.com\/ca\/wp-json\/wp\/v2\/comments?post=3019"}],"wp:featuredmedia":[{"embeddable":true,"href":"https:\/\/shinemusicrental.com\/ca\/wp-json\/wp\/v2\/media\/622"}],"wp:attachment":[{"href":"https:\/\/shinemusicrental.com\/ca\/wp-json\/wp\/v2\/media?parent=3019"}],"wp:term":[{"taxonomy":"product_brand","embeddable":true,"href":"https:\/\/shinemusicrental.com\/ca\/wp-json\/wp\/v2\/product_brand?post=3019"},{"taxonomy":"product_cat","embeddable":true,"href":"https:\/\/shinemusicrental.com\/ca\/wp-json\/wp\/v2\/product_cat?post=3019"},{"taxonomy":"product_tag","embeddable":true,"href":"https:\/\/shinemusicrental.com\/ca\/wp-json\/wp\/v2\/product_tag?post=3019"}],"curies":[{"name":"wp","href":"https:\/\/api.w.org\/{rel}","templated":true}]}}