{"id":3015,"date":"2022-11-03T15:49:42","date_gmt":"2022-11-03T13:49:42","guid":{"rendered":"http:\/\/www.shinemusicrental.com\/product\/llarga-duracio-packs-de-baix-electric-diniciacio\/"},"modified":"2022-12-09T12:39:27","modified_gmt":"2022-12-09T10:39:27","slug":"llarga-duracio-packs-de-baix-electric-diniciacio","status":"publish","type":"product","link":"https:\/\/shinemusicrental.com\/ca\/product\/llarga-duracio-packs-de-baix-electric-diniciacio\/","title":{"rendered":"Llarga Duraci\u00f3 \u2013 Packs de Baix El\u00e8ctric d\u2019Iniciaci\u00f3"},"content":{"rendered":"","protected":false},"excerpt":{"rendered":"<p>El nostre Set<em>\u00a0de Baix El\u00e8ctric d\u2019Iniciaci\u00f3<\/em>\u00a0\u00e9s de Fender Squire o similar.<\/p>\n<p>Els lloguers a llarg temini\u00a0<strong>es paguen mensualment<\/strong>\u00a0i tenen una perman\u00e8ncia\u00a0<strong>m\u00ednima de 4 meses<\/strong>. El\u00a0<strong>pagament a la p\u00e0gina web reserva l\u2019instrument i<\/strong>\u00a0<b>paga el primer mes de lloguer<\/b><\/p>\n<p>Un cop confirmis la comanda,\u00a0<strong>un dels nostres simp\u00e0tics agents li contactar\u00e0 en les pr\u00f2ximes 24 hores<\/strong>\u00a0per deixar-ho tot llest i confirmat.<\/p>\n<p>Necessites m\u00e9s opcions de Sets de Baix El\u00e8ctric per al lloguer de llarg termini?<\/p>\n<h5>\u2013\u00a0<u>Set de Baix El\u00e8ctric d\u2019Iniciaci\u00f3 \u2013 Actual<\/u><br \/>\n\u2013 Set de Baix El\u00e8ctric<u>\u00a0Intermedi<\/u><br \/>\n\u2013 Set de Baix El\u00e8ctric Professional<\/h5>\n","protected":false},"featured_media":1049,"comment_status":"open","ping_status":"closed","template":"","meta":{"_acf_changed":false,"content-type":""},"product_brand":[],"product_cat":[255,271],"product_tag":[],"class_list":{"0":"post-3015","1":"product","2":"type-product","3":"status-publish","4":"has-post-thumbnail","6":"long_term_tag-guitarres-baixos","7":"long_term_level-diniciacio","8":"product_cat-llarga-durada","9":"product_cat-pack-de-baix-electric","11":"first","12":"instock","13":"shipping-taxable","14":"purchasable","15":"product-type-simple"},"booking_location":null,"booking_location_type":null,"booking_duration":null,"booking_duration_unit":null,"booking_buffer":null,"booking_cost":null,"booking_resources":null,"exclude_global_add_ons":[],"addons":[],"acf":{"set_to_be_sold":false,"sale_description":"","sale_price":""},"_links":{"self":[{"href":"https:\/\/shinemusicrental.com\/ca\/wp-json\/wp\/v2\/product\/3015","targetHints":{"allow":["GET"]}}],"collection":[{"href":"https:\/\/shinemusicrental.com\/ca\/wp-json\/wp\/v2\/product"}],"about":[{"href":"https:\/\/shinemusicrental.com\/ca\/wp-json\/wp\/v2\/types\/product"}],"replies":[{"embeddable":true,"href":"https:\/\/shinemusicrental.com\/ca\/wp-json\/wp\/v2\/comments?post=3015"}],"wp:featuredmedia":[{"embeddable":true,"href":"https:\/\/shinemusicrental.com\/ca\/wp-json\/wp\/v2\/media\/1049"}],"wp:attachment":[{"href":"https:\/\/shinemusicrental.com\/ca\/wp-json\/wp\/v2\/media?parent=3015"}],"wp:term":[{"taxonomy":"product_brand","embeddable":true,"href":"https:\/\/shinemusicrental.com\/ca\/wp-json\/wp\/v2\/product_brand?post=3015"},{"taxonomy":"product_cat","embeddable":true,"href":"https:\/\/shinemusicrental.com\/ca\/wp-json\/wp\/v2\/product_cat?post=3015"},{"taxonomy":"product_tag","embeddable":true,"href":"https:\/\/shinemusicrental.com\/ca\/wp-json\/wp\/v2\/product_tag?post=3015"}],"curies":[{"name":"wp","href":"https:\/\/api.w.org\/{rel}","templated":true}]}}