{"id":3013,"date":"2022-11-03T15:46:33","date_gmt":"2022-11-03T13:46:33","guid":{"rendered":"http:\/\/www.shinemusicrental.com\/product\/llarga-duracio-packs-de-guitarra-electrica-intermedia\/"},"modified":"2022-12-07T15:39:06","modified_gmt":"2022-12-07T13:39:06","slug":"llarga-duracio-packs-de-guitarra-electrica-intermedia","status":"publish","type":"product","link":"https:\/\/shinemusicrental.com\/ca\/product\/llarga-duracio-packs-de-guitarra-electrica-intermedia\/","title":{"rendered":"Llarga Duraci\u00f3 \u2013 Packs de Guitarra El\u00e8ctrica Interm\u00e8dia"},"content":{"rendered":"","protected":false},"excerpt":{"rendered":"<p>El nostre Set<em> de Guitarra El\u00e8ctrica Interm\u00e8dia<\/em>\u00a0\u00e9s de Fender Squire o similar.<\/p>\n<p>Els lloguers a llarg temini\u00a0<strong>es paguen mensualment<\/strong>\u00a0i tenen una perman\u00e8ncia\u00a0<strong>m\u00ednima de 4 meses<\/strong>. El\u00a0<strong>pagament a la p\u00e0gina web reserva l\u2019instrument i<\/strong>\u00a0<b>paga el primer mes de lloguer<\/b><\/p>\n<p>Un cop confirmis la comanda,\u00a0<strong>un dels nostres simp\u00e0tics agents li contactar\u00e0 en les pr\u00f2ximes 24 hores<\/strong>\u00a0per deixar-ho tot llest i confirmat.<\/p>\n<p>Necessites m\u00e9s opcions de Sets de Guitarra El\u00e8ctrica per al lloguer de llarg termini?<\/p>\n<h5>\u2013\u00a0<a href=\"http:\/\/www.shinemusicrental.com\/ca\/product\/llarga-duracio-packs-de-guitarra-electrica-diniciacio\/\"><u>Set de Guitarra El\u00e8ctrica d\u2019Iniciaci\u00f3<\/u><\/a><br \/>\n\u2013 Set de Guitarra El\u00e8ctrica<u>\u00a0Intermedi \u2013 Actual<\/u><br \/>\n\u2013 Set de Guitarra El\u00e8ctrica Professional<\/h5>\n","protected":false},"featured_media":2816,"comment_status":"open","ping_status":"closed","template":"","meta":{"_acf_changed":false,"content-type":""},"product_brand":[],"product_cat":[255,287],"product_tag":[],"class_list":{"0":"post-3013","1":"product","2":"type-product","3":"status-publish","4":"has-post-thumbnail","6":"long_term_tag-guitarres-baixos","7":"long_term_level-intermedi","8":"product_cat-llarga-durada","9":"product_cat-packs-de-guitarres-electriques","11":"first","12":"instock","13":"sale","14":"shipping-taxable","15":"purchasable","16":"product-type-simple"},"booking_location":null,"booking_location_type":null,"booking_duration":null,"booking_duration_unit":null,"booking_buffer":null,"booking_cost":null,"booking_resources":null,"exclude_global_add_ons":[],"addons":[],"acf":{"set_to_be_sold":false,"sale_description":"","sale_price":""},"_links":{"self":[{"href":"https:\/\/shinemusicrental.com\/ca\/wp-json\/wp\/v2\/product\/3013","targetHints":{"allow":["GET"]}}],"collection":[{"href":"https:\/\/shinemusicrental.com\/ca\/wp-json\/wp\/v2\/product"}],"about":[{"href":"https:\/\/shinemusicrental.com\/ca\/wp-json\/wp\/v2\/types\/product"}],"replies":[{"embeddable":true,"href":"https:\/\/shinemusicrental.com\/ca\/wp-json\/wp\/v2\/comments?post=3013"}],"wp:featuredmedia":[{"embeddable":true,"href":"https:\/\/shinemusicrental.com\/ca\/wp-json\/wp\/v2\/media\/2816"}],"wp:attachment":[{"href":"https:\/\/shinemusicrental.com\/ca\/wp-json\/wp\/v2\/media?parent=3013"}],"wp:term":[{"taxonomy":"product_brand","embeddable":true,"href":"https:\/\/shinemusicrental.com\/ca\/wp-json\/wp\/v2\/product_brand?post=3013"},{"taxonomy":"product_cat","embeddable":true,"href":"https:\/\/shinemusicrental.com\/ca\/wp-json\/wp\/v2\/product_cat?post=3013"},{"taxonomy":"product_tag","embeddable":true,"href":"https:\/\/shinemusicrental.com\/ca\/wp-json\/wp\/v2\/product_tag?post=3013"}],"curies":[{"name":"wp","href":"https:\/\/api.w.org\/{rel}","templated":true}]}}