{"id":2985,"date":"2022-11-03T14:51:09","date_gmt":"2022-11-03T12:51:09","guid":{"rendered":"http:\/\/www.shinemusicrental.com\/product\/llarga-durada-guitarra-espanyola-professional\/"},"modified":"2024-10-16T13:01:41","modified_gmt":"2024-10-16T11:01:41","slug":"llarga-durada-guitarra-classica-professional","status":"publish","type":"product","link":"https:\/\/shinemusicrental.com\/ca\/product\/llarga-durada-guitarra-classica-professional\/","title":{"rendered":"Llarga Durada \u2013 Guitarra Cl\u00e0ssica Professional"},"content":{"rendered":"","protected":false},"excerpt":{"rendered":"<p>La nostre\u00a0<em>Guitarra Cl\u00e0ssica Professional<\/em>\u00a0\u00e9s l\u2019Alhambra 1C Guitarra Cl\u00e0ssica o similar.<\/p>\n<p>Els lloguers a llarg temini\u00a0<strong>es paguen mensualment<\/strong>\u00a0i tenen una perman\u00e8ncia\u00a0<strong>m\u00ednima de 4 meses<\/strong>. El\u00a0<strong>pagament a la p\u00e0gina web reserva l\u2019instrument i<\/strong>\u00a0<b>paga el primer mes de lloguer<\/b><\/p>\n<p>Un cop confirmis la comanda,\u00a0<strong>un dels nostres simp\u00e0tics agents li contactar\u00e0 en les pr\u00f2ximes 24 hores<\/strong>\u00a0per deixar-ho tot llest i confirmat.<\/p>\n<p>Necessites m\u00e9s opcions de Sets de Guitarra Espanyola per al lloguer de llarg termini?<\/p>\n<h5>\u2013\u00a0<a href=\"http:\/\/www.shinemusicrental.com\/ca\/product\/llarga-durada-guitarra-espanyola-diniciacio\/\">Guitarra Cl\u00e0ssica d\u2019Iniciaci\u00f3<\/a><br \/>\n\u2013 <a href=\"http:\/\/www.shinemusicrental.com\/ca\/product\/llarga-durada-guitarra-espanyola-intermedia\/\">Guitarra Cl\u00e0ssica Interm\u00e8dia<\/a><br \/>\n\u2013 Guitarra Cl\u00e0ssica Professional \u2013 Actual<\/h5>\n<p>Oferim instruments de qualitat per a tots els m\u00fasics, de principiants a professionals. Esculli els instruments que m\u00e9s s\u2019adapti a les seves necessitats d\u2019una de les <strong><a href=\"https:\/\/www.instrumentrentalbarcelona.com\/ca\/long-term-rentals\/\"><u>nostres moltes categories<\/u><\/a><\/strong>.<\/p>\n","protected":false},"featured_media":2779,"comment_status":"open","ping_status":"closed","template":"","meta":{"_acf_changed":false,"content-type":""},"product_brand":[],"product_cat":[255,301],"product_tag":[],"class_list":{"0":"post-2985","1":"product","2":"type-product","3":"status-publish","4":"has-post-thumbnail","6":"long_term_tag-guitarres-baixos","7":"long_term_level-professional-ca","8":"product_cat-llarga-durada","9":"product_cat-guitarra-classica","11":"first","12":"instock","13":"sale","14":"shipping-taxable","15":"purchasable","16":"product-type-simple"},"booking_location":null,"booking_location_type":null,"booking_duration":null,"booking_duration_unit":null,"booking_buffer":null,"booking_cost":null,"booking_resources":null,"exclude_global_add_ons":false,"addons":[{"name":"Guitarres Cl\u00e0ssiques","type":"checkbox","position":0,"required":false,"title_format":"label","default":"","description_enable":false,"description":"","placeholder_enable":false,"placeholder":"","display":"select","restrictions_type":"any_text","adjust_price":false,"price":"","price_type":"flat_fee","restrictions":false,"min":"0","max":"0","options":[{"label":"Afinador","price":"5.00","price_type":"quantity_based","image":0,"visibility":true},{"label":"Recolzapeus per a Guitarra de Qualitat","price":"9.00","price_type":"quantity_based","image":0,"visibility":true},{"label":"Recolzapeus per a Guitarra Est\u00e0ndard","price":"5.00","price_type":"quantity_based","image":0,"visibility":true},{"label":"Faristol de Qualitat","price":"9.00","price_type":"quantity_based","image":0,"visibility":true},{"label":"Faristol","price":"5.00","price_type":"quantity_based","image":0,"visibility":true},{"label":"Capo - Guitarra Cl\u00e0ssica","price":"5.00","price_type":"quantity_based","image":0,"visibility":true},{"label":"Pua de Qualitat","price":"2.00","price_type":"quantity_based","image":0,"visibility":true},{"label":"Pua Est\u00e0ndard","price":"1.00","price_type":"quantity_based","image":0,"visibility":true}]}],"acf":{"set_to_be_sold":false,"sale_description":"","sale_price":""},"_links":{"self":[{"href":"https:\/\/shinemusicrental.com\/ca\/wp-json\/wp\/v2\/product\/2985","targetHints":{"allow":["GET"]}}],"collection":[{"href":"https:\/\/shinemusicrental.com\/ca\/wp-json\/wp\/v2\/product"}],"about":[{"href":"https:\/\/shinemusicrental.com\/ca\/wp-json\/wp\/v2\/types\/product"}],"replies":[{"embeddable":true,"href":"https:\/\/shinemusicrental.com\/ca\/wp-json\/wp\/v2\/comments?post=2985"}],"wp:featuredmedia":[{"embeddable":true,"href":"https:\/\/shinemusicrental.com\/ca\/wp-json\/wp\/v2\/media\/2779"}],"wp:attachment":[{"href":"https:\/\/shinemusicrental.com\/ca\/wp-json\/wp\/v2\/media?parent=2985"}],"wp:term":[{"taxonomy":"product_brand","embeddable":true,"href":"https:\/\/shinemusicrental.com\/ca\/wp-json\/wp\/v2\/product_brand?post=2985"},{"taxonomy":"product_cat","embeddable":true,"href":"https:\/\/shinemusicrental.com\/ca\/wp-json\/wp\/v2\/product_cat?post=2985"},{"taxonomy":"product_tag","embeddable":true,"href":"https:\/\/shinemusicrental.com\/ca\/wp-json\/wp\/v2\/product_tag?post=2985"}],"curies":[{"name":"wp","href":"https:\/\/api.w.org\/{rel}","templated":true}]}}