{"id":27733,"date":"2026-05-08T17:25:28","date_gmt":"2026-05-08T15:25:28","guid":{"rendered":"https:\/\/shinemusicrental.com\/?post_type=product&#038;p=27733"},"modified":"2026-05-11T10:54:29","modified_gmt":"2026-05-11T08:54:29","slug":"eurolite-led-klx120-set-de-llums","status":"publish","type":"product","link":"https:\/\/shinemusicrental.com\/ca\/product\/eurolite-led-klx120-set-de-llums\/","title":{"rendered":"Eurolite LED KLX120 Set de Llums"},"content":{"rendered":"<p>El Set de Llums Eurolite LED KLX120 \u00e9s un sistema d\u2019il\u00b7luminaci\u00f3 compacte desenvolupat per a esdeveniments m\u00f2bils, espais d\u2019assaig i aplicacions esc\u00e8niques de petit format. Combina m\u00faltiples llumin\u00e0ries LED en una sola barra de muntatge per simplificar la instal\u00b7laci\u00f3 i el transport. La unitat admet control DMX, programes autom\u00e0tics i funcionament activat per so, permetent una integraci\u00f3 flexible en diferents muntatges d\u2019il\u00b7luminaci\u00f3. Equipat amb LEDs de baix consum, proporciona una il\u00b7luminaci\u00f3 constant mantenint una demanda energ\u00e8tica redu\u00efda. El maquinari de muntatge incl\u00f2s facilita una col\u00b7locaci\u00f3 r\u00e0pida sobre tr\u00edpodes o suports. La seva estructura lleugera afavoreix la portabilitat entre diferents espais i muntatges temporals. Les funcions de control integrades permeten accedir a patrons predefinits i ajustos de velocitat. Per a necessitats temporals, els serveis de lloguer d\u2019il\u00b7luminaci\u00f3 permeten accedir a aquest sistema.<\/p>\n<div id=\"gtx-trans\" style=\"position: absolute; left: -81px; top: -0.53125px;\">\n<div class=\"gtx-trans-icon\"><\/div>\n<\/div>\n","protected":false},"excerpt":{"rendered":"<p>El Set de Llums Eurolite LED KLX120 \u00e9s un sistema d\u2019il\u00b7luminaci\u00f3 compacte desenvolupat per a esdeveniments m\u00f2bils, espais d\u2019assaig i aplicacions esc\u00e8niques de petit format.<\/p>\n","protected":false},"featured_media":27752,"comment_status":"open","ping_status":"closed","template":"","meta":{"_acf_changed":false,"content-type":""},"product_brand":[],"product_cat":[330,1176],"product_tag":[580,562,462,561,590,464,490,558,592,579,554,556],"class_list":{"0":"post-27733","1":"product","2":"type-product","3":"status-publish","4":"has-post-thumbnail","6":"product_cat-estudi","7":"product_cat-illuminacio-i-escenari","8":"product_tag-cap-mobil","9":"product_tag-instruments-de-contractacio","10":"product_tag-lloguer-dinstruments","11":"product_tag-lloguer-dinstruments-ca","12":"product_tag-lloguer-dinstruments-ca-2","13":"product_tag-lloguer-dinstruments-barcelona","14":"product_tag-lloguer-dinstruments-barcelona-ca","15":"product_tag-lloguer-dinstruments-espanya","16":"product_tag-lloguer-dinstruments-espanya-ca","17":"product_tag-llums-ca","18":"product_tag-llums","19":"product_tag-llums-led","21":"first","22":"instock","23":"featured","24":"sold-individually","25":"shipping-taxable","26":"purchasable","27":"product-type-booking"},"booking_location":"","booking_location_type":"","booking_duration":1,"booking_duration_unit":"day","booking_buffer":0,"booking_cost":0,"booking_resources":[],"exclude_global_add_ons":false,"addons":[{"name":"Deposit","type":"checkbox","position":0,"required":true,"title_format":"hide","default":"","description_enable":false,"description":"","placeholder_enable":false,"placeholder":"","display":"select","restrictions_type":"any_text","adjust_price":false,"price":"","price_type":"flat_fee","restrictions":false,"min":"0","max":"0","options":[{"label":"Deposit","price":"450","price_type":"flat_fee","image":0,"visibility":true}],"id":1778496869}],"acf":{"set_to_be_sold":false,"sale_description":"","sale_price":""},"_links":{"self":[{"href":"https:\/\/shinemusicrental.com\/ca\/wp-json\/wp\/v2\/product\/27733","targetHints":{"allow":["GET"]}}],"collection":[{"href":"https:\/\/shinemusicrental.com\/ca\/wp-json\/wp\/v2\/product"}],"about":[{"href":"https:\/\/shinemusicrental.com\/ca\/wp-json\/wp\/v2\/types\/product"}],"replies":[{"embeddable":true,"href":"https:\/\/shinemusicrental.com\/ca\/wp-json\/wp\/v2\/comments?post=27733"}],"wp:featuredmedia":[{"embeddable":true,"href":"https:\/\/shinemusicrental.com\/ca\/wp-json\/wp\/v2\/media\/27752"}],"wp:attachment":[{"href":"https:\/\/shinemusicrental.com\/ca\/wp-json\/wp\/v2\/media?parent=27733"}],"wp:term":[{"taxonomy":"product_brand","embeddable":true,"href":"https:\/\/shinemusicrental.com\/ca\/wp-json\/wp\/v2\/product_brand?post=27733"},{"taxonomy":"product_cat","embeddable":true,"href":"https:\/\/shinemusicrental.com\/ca\/wp-json\/wp\/v2\/product_cat?post=27733"},{"taxonomy":"product_tag","embeddable":true,"href":"https:\/\/shinemusicrental.com\/ca\/wp-json\/wp\/v2\/product_tag?post=27733"}],"curies":[{"name":"wp","href":"https:\/\/api.w.org\/{rel}","templated":true}]}}