{"id":27702,"date":"2026-05-05T15:38:03","date_gmt":"2026-05-05T13:38:03","guid":{"rendered":"https:\/\/shinemusicrental.com\/?post_type=product&#038;p=27702"},"modified":"2026-05-11T10:35:11","modified_gmt":"2026-05-11T08:35:11","slug":"lp-matador-maracas","status":"publish","type":"product","link":"https:\/\/shinemusicrental.com\/ca\/product\/lp-matador-maracas\/","title":{"rendered":"LP Matador Maracas"},"content":{"rendered":"<p>Les LP Matador Maracas s\u00f3n un instrument de percussi\u00f3 manual dissenyat per a una articulaci\u00f3 r\u00edtmica consistent en contextos de conjunt i estudi. Cada parell compta amb carcasses de pl\u00e0stic resistent que proporcionen una resson\u00e0ncia estable i resist\u00e8ncia als canvis ambientals. Els m\u00e0necs tenen una forma ergon\u00f2mica per a una subjecci\u00f3 controlada durant interpretacions prolongades. Farcides amb boletes internes, produeixen un so brillant i definit amb un atac prec\u00eds. El disseny aparellat garanteix una resposta est\u00e8reo equilibrada quan s\u2019utilitzen en enregistrament. La seva construcci\u00f3 lleugera facilita patrons r\u00edtmics r\u00e0pids i variacions din\u00e0miques. L\u2019acabat superficial est\u00e0 dissenyat per a una manipulaci\u00f3 segura en diferents condicions d\u2019actuaci\u00f3. Per a usos temporals, els serveis de lloguer de percussi\u00f3 permeten accedir a les LP Matador Maracas en diversos entorns musicals.<\/p>\n<div id=\"gtx-trans\" style=\"position: absolute; left: -208px; top: -0.53125px;\">\n<div class=\"gtx-trans-icon\"><\/div>\n<\/div>\n","protected":false},"excerpt":{"rendered":"<p>Les LP Matador Maracas s\u00f3n un instrument de percussi\u00f3 manual dissenyat per a una articulaci\u00f3 r\u00edtmica consistent en contextos de conjunt i estudi.<\/p>\n","protected":false},"featured_media":27736,"comment_status":"open","ping_status":"closed","template":"","meta":{"_acf_changed":false,"content-type":""},"product_brand":[],"product_cat":[161,172],"product_tag":[551,458,544,540,542,538,562,561,462,590,464,490,592,558,466,467,470,474,471,476],"class_list":{"0":"post-27702","1":"product","2":"type-product","3":"status-publish","4":"has-post-thumbnail","6":"product_cat-bateries-i-percussions","7":"product_cat-percussions","8":"product_tag-bateria","9":"product_tag-bateries","10":"product_tag-bateries-barcelona","11":"product_tag-bateries-de-lloguer","12":"product_tag-bateries-es","13":"product_tag-bateries-espanya","14":"product_tag-instruments-de-contractacio","15":"product_tag-lloguer-dinstruments-ca","16":"product_tag-lloguer-dinstruments","17":"product_tag-lloguer-dinstruments-ca-2","18":"product_tag-lloguer-dinstruments-barcelona","19":"product_tag-lloguer-dinstruments-barcelona-ca","20":"product_tag-lloguer-dinstruments-espanya-ca","21":"product_tag-lloguer-dinstruments-espanya","22":"product_tag-percussio","23":"product_tag-percussions-ca","24":"product_tag-percussions-barcelona-ca","25":"product_tag-percussions-de-lloguer","26":"product_tag-percussions-es-ca","27":"product_tag-percussions-espanya","29":"first","30":"instock","31":"featured","32":"sold-individually","33":"shipping-taxable","34":"purchasable","35":"product-type-booking"},"booking_location":"","booking_location_type":"","booking_duration":1,"booking_duration_unit":"day","booking_buffer":0,"booking_cost":0,"booking_resources":[],"exclude_global_add_ons":false,"addons":[{"name":"Deposit","type":"checkbox","position":0,"required":true,"title_format":"hide","default":"","description_enable":false,"description":"","placeholder_enable":false,"placeholder":"","display":"select","restrictions_type":"any_text","adjust_price":false,"price":"","price_type":"flat_fee","restrictions":false,"min":"0","max":"0","options":[{"label":"Deposit","price":"450","price_type":"flat_fee","image":0,"visibility":true}],"id":1778495711},{"name":"Totes les Bateries ","type":"checkbox","position":0,"required":false,"title_format":"label","default":"","description_enable":false,"description":"","placeholder_enable":false,"placeholder":"","display":"select","restrictions_type":"any_text","adjust_price":false,"price":"","price_type":"flat_fee","restrictions":false,"min":"0","max":"0","options":[{"label":"Baquetes","price":"6.00","price_type":"quantity_based","image":0,"visibility":true},{"label":"Set de Plats","price":"48.00","price_type":"quantity_based","image":0,"visibility":true}]},{"name":"All Percussion","type":"checkbox","position":0,"required":false,"title_format":"label","default":"","description_enable":false,"description":"","placeholder_enable":false,"placeholder":"","display":"select","restrictions_type":"any_text","adjust_price":false,"price":"","price_type":"flat_fee","restrictions":false,"min":"0","max":"0","options":[{"label":"Stand","price":"10","price_type":"quantity_based","image":0,"visibility":true}]}],"acf":{"set_to_be_sold":false,"sale_description":"","sale_price":""},"_links":{"self":[{"href":"https:\/\/shinemusicrental.com\/ca\/wp-json\/wp\/v2\/product\/27702","targetHints":{"allow":["GET"]}}],"collection":[{"href":"https:\/\/shinemusicrental.com\/ca\/wp-json\/wp\/v2\/product"}],"about":[{"href":"https:\/\/shinemusicrental.com\/ca\/wp-json\/wp\/v2\/types\/product"}],"replies":[{"embeddable":true,"href":"https:\/\/shinemusicrental.com\/ca\/wp-json\/wp\/v2\/comments?post=27702"}],"wp:featuredmedia":[{"embeddable":true,"href":"https:\/\/shinemusicrental.com\/ca\/wp-json\/wp\/v2\/media\/27736"}],"wp:attachment":[{"href":"https:\/\/shinemusicrental.com\/ca\/wp-json\/wp\/v2\/media?parent=27702"}],"wp:term":[{"taxonomy":"product_brand","embeddable":true,"href":"https:\/\/shinemusicrental.com\/ca\/wp-json\/wp\/v2\/product_brand?post=27702"},{"taxonomy":"product_cat","embeddable":true,"href":"https:\/\/shinemusicrental.com\/ca\/wp-json\/wp\/v2\/product_cat?post=27702"},{"taxonomy":"product_tag","embeddable":true,"href":"https:\/\/shinemusicrental.com\/ca\/wp-json\/wp\/v2\/product_tag?post=27702"}],"curies":[{"name":"wp","href":"https:\/\/api.w.org\/{rel}","templated":true}]}}