{"id":2761,"date":"2022-11-02T14:34:39","date_gmt":"2022-11-02T12:34:39","guid":{"rendered":"http:\/\/www.shinemusicrental.com\/product\/h-bague-stii-mate-guitarra-classica\/"},"modified":"2023-03-20T15:15:21","modified_gmt":"2023-03-20T14:15:21","slug":"h-bague-stii-mate-guitarra-classica","status":"publish","type":"product","link":"https:\/\/shinemusicrental.com\/ca\/product\/h-bague-stii-mate-guitarra-classica\/","title":{"rendered":"H. Bague STII Mate Guitarra Cl\u00e0ssica"},"content":{"rendered":"<p>La guitarra cl\u00e0ssica H. Bague STII Mate \u00e9s un instrument musical magn\u00edficament elaborat que satisf\u00e0 les necessitats tant de m\u00fasics inexperts com veterans. Exhibeix una qualitat de so sonora i mel\u00b7liflua i una tocabilitat f\u00e0cil d&#8217;usar que gratifica el m\u00fasic. L&#8217;\u00e0pex ressonant d&#8217;avet de la guitarra i el fons i els c\u00e8rcols de caoba produeixen un so harmoni\u00f3s i vigor\u00f3s que concorda perfectament amb el g\u00e8nere de la m\u00fasica cl\u00e0ssica. La guitarra cl\u00e0ssica H. Bague STII Mate presenta un exquisit acabat mat que emana una est\u00e8tica moderna per\u00f2 atemporal. El diapas\u00f3 de palissandre amb un disseny de trast cl\u00e0ssic proporciona una experi\u00e8ncia d&#8217;interpretaci\u00f3 sense esfor\u00e7, cosa que permet al m\u00fasic crear melodies dolces sense esfor\u00e7. Si cerqueu una guitarra cl\u00e0ssica de qualitat superior que pugui accentuar la seva destresa musical durant la seva propera actuaci\u00f3 o enregistrament, llavors considereu llogar la guitarra cl\u00e0ssica H. Bague STII Mate. \u00c9s una opci\u00f3 excepcional per a qualsevol que vulgui afegir un toc de sofisticaci\u00f3 i eleg\u00e0ncia a la seva m\u00fasica.<\/p>\n","protected":false},"excerpt":{"rendered":"<p><b>Dip\u00f2sit: \u20ac70<\/b><\/p>\n<div id=\"gtx-trans\" style=\"position: absolute; left: 14px; top: -10.6667px;\">\n<div class=\"gtx-trans-icon\"><\/div>\n<\/div>\n","protected":false},"featured_media":0,"comment_status":"open","ping_status":"closed","template":"","meta":{"_acf_changed":false,"content-type":""},"product_brand":[],"product_cat":[176,192,206],"product_tag":[568,570,572,564,460,566,562,561,462,590,464,490,592,558],"class_list":{"0":"post-2761","1":"product","2":"type-product","3":"status-publish","5":"product_cat-guitarres-i-baixos","6":"product_cat-guitarres-classiques","7":"product_cat-guitarres-espanyoles","8":"product_tag-guitarra-ca","9":"product_tag-guitarra-barcelona-ca","10":"product_tag-guitarra-de-lloguer","11":"product_tag-guitarra-espanya","12":"product_tag-guitarres","13":"product_tag-guitarres-espanya","14":"product_tag-instruments-de-contractacio","15":"product_tag-lloguer-dinstruments-ca","16":"product_tag-lloguer-dinstruments","17":"product_tag-lloguer-dinstruments-ca-2","18":"product_tag-lloguer-dinstruments-barcelona","19":"product_tag-lloguer-dinstruments-barcelona-ca","20":"product_tag-lloguer-dinstruments-espanya-ca","21":"product_tag-lloguer-dinstruments-espanya","23":"first","24":"instock","25":"sold-individually","26":"shipping-taxable","27":"purchasable","28":"product-type-booking"},"booking_location":"","booking_location_type":"","booking_duration":1,"booking_duration_unit":"day","booking_buffer":0,"booking_cost":0,"booking_resources":[],"exclude_global_add_ons":false,"addons":[{"name":"Dip\u00f2sit","type":"checkbox","position":0,"required":false,"title_format":"hide","default":"","description_enable":false,"description":"","placeholder_enable":false,"placeholder":"","display":"select","restrictions_type":"any_text","adjust_price":false,"price":"","price_type":"flat_fee","restrictions":false,"min":"0","max":"0","options":[{"label":"Dip\u00f2sit","price":"70","price_type":"flat_fee","image":0,"visibility":true}]},{"name":"Guitarres Cl\u00e0ssiques","type":"checkbox","position":0,"required":false,"title_format":"label","default":"","description_enable":false,"description":"","placeholder_enable":false,"placeholder":"","display":"select","restrictions_type":"any_text","adjust_price":false,"price":"","price_type":"flat_fee","restrictions":false,"min":"0","max":"0","options":[{"label":"Afinador","price":"5.00","price_type":"quantity_based","image":0,"visibility":true},{"label":"Recolzapeus per a Guitarra de Qualitat","price":"9.00","price_type":"quantity_based","image":0,"visibility":true},{"label":"Recolzapeus per a Guitarra Est\u00e0ndard","price":"5.00","price_type":"quantity_based","image":0,"visibility":true},{"label":"Faristol de Qualitat","price":"9.00","price_type":"quantity_based","image":0,"visibility":true},{"label":"Faristol","price":"5.00","price_type":"quantity_based","image":0,"visibility":true},{"label":"Capo - Guitarra Cl\u00e0ssica","price":"5.00","price_type":"quantity_based","image":0,"visibility":true},{"label":"Pua de Qualitat","price":"2.00","price_type":"quantity_based","image":0,"visibility":true},{"label":"Pua Est\u00e0ndard","price":"1.00","price_type":"quantity_based","image":0,"visibility":true}]}],"acf":{"set_to_be_sold":false,"sale_description":"","sale_price":""},"_links":{"self":[{"href":"https:\/\/shinemusicrental.com\/ca\/wp-json\/wp\/v2\/product\/2761","targetHints":{"allow":["GET"]}}],"collection":[{"href":"https:\/\/shinemusicrental.com\/ca\/wp-json\/wp\/v2\/product"}],"about":[{"href":"https:\/\/shinemusicrental.com\/ca\/wp-json\/wp\/v2\/types\/product"}],"replies":[{"embeddable":true,"href":"https:\/\/shinemusicrental.com\/ca\/wp-json\/wp\/v2\/comments?post=2761"}],"wp:attachment":[{"href":"https:\/\/shinemusicrental.com\/ca\/wp-json\/wp\/v2\/media?parent=2761"}],"wp:term":[{"taxonomy":"product_brand","embeddable":true,"href":"https:\/\/shinemusicrental.com\/ca\/wp-json\/wp\/v2\/product_brand?post=2761"},{"taxonomy":"product_cat","embeddable":true,"href":"https:\/\/shinemusicrental.com\/ca\/wp-json\/wp\/v2\/product_cat?post=2761"},{"taxonomy":"product_tag","embeddable":true,"href":"https:\/\/shinemusicrental.com\/ca\/wp-json\/wp\/v2\/product_tag?post=2761"}],"curies":[{"name":"wp","href":"https:\/\/api.w.org\/{rel}","templated":true}]}}