{"id":2760,"date":"2022-11-02T14:32:02","date_gmt":"2022-11-02T12:32:02","guid":{"rendered":"http:\/\/www.shinemusicrental.com\/product\/goldea-ga-60-combo-amplificador-de-guitarra\/"},"modified":"2023-03-20T16:23:09","modified_gmt":"2023-03-20T15:23:09","slug":"goldea-ga-60-combo-amplificador-de-guitarra","status":"publish","type":"product","link":"https:\/\/shinemusicrental.com\/ca\/product\/goldea-ga-60-combo-amplificador-de-guitarra\/","title":{"rendered":"Goldea GA-60 Combo Amplificador de Guitarra"},"content":{"rendered":"<p>El combo amplificador de guitarra Goldea GA-60 \u00e9s una opci\u00f3 vers\u00e0til i fiable per a qualsevol m\u00fasic que necessiti un sistema de so de qualitat. Amb 60 watts de pot\u00e8ncia, \u00e9s capa\u00e7 de gestionar concerts i llocs m\u00e9s grans. L&#8217;amplificador compta amb un altaveu de 12 polzades i un elegant disseny negre i daurat que atraur\u00e0 els gustos est\u00e8tics de qualsevol m\u00fasic.<\/p>\n<p>Una caracter\u00edstica destacada s\u00f3n els seus m\u00faltiples canals, que proporcionen als m\u00fasics una \u00e0mplia gamma d&#8217;opcions tonals. Sigui que estigui buscant un so net i cl\u00e0ssic o un to m\u00e9s pesat i distorsionat, el Goldea GA-60 ho pot oferir. A m\u00e9s, la seva reverberaci\u00f3 incorporada i el bucle d&#8217;efectes permeten encara m\u00e9s possibilitats sonores.<\/p>\n<p>Per als qui estan en el mercat d&#8217;un amplificador, el Goldea GA-60 \u00e9s una opci\u00f3 que val la pena considerar. \u00c9s una opci\u00f3 fiable i vers\u00e0til, perfecta per a qualsevol m\u00fasic, sigui tocant en una banda o com a part d&#8217;un programa de lloguer d&#8217;instruments. \u00c9s com tenir un company de banda fiable i talent\u00f3s que sempre est\u00e0 llest per tocar.<\/p>\n","protected":false},"excerpt":{"rendered":"<p><strong>Dip\u00f2sit: \u20ac90<\/strong><\/p>\n<div id=\"gtx-trans\" style=\"position: absolute; left: 30px; top: 38.3333px;\">\n<div class=\"gtx-trans-icon\"><\/div>\n<\/div>\n","protected":false},"featured_media":19321,"comment_status":"open","ping_status":"closed","template":"","meta":{"_acf_changed":false,"content-type":""},"product_brand":[],"product_cat":[176,200],"product_tag":[681,683,568,570,572,564,460,566,562,561,462,590,464,490,592,558],"class_list":{"0":"post-2760","1":"product","2":"type-product","3":"status-publish","4":"has-post-thumbnail","6":"product_cat-guitarres-i-baixos","7":"product_cat-amplificadors-de-guitarra","8":"product_tag-amplificador-ca","9":"product_tag-amplificador-de-guitarra-ca","10":"product_tag-guitarra-ca","11":"product_tag-guitarra-barcelona-ca","12":"product_tag-guitarra-de-lloguer","13":"product_tag-guitarra-espanya","14":"product_tag-guitarres","15":"product_tag-guitarres-espanya","16":"product_tag-instruments-de-contractacio","17":"product_tag-lloguer-dinstruments-ca","18":"product_tag-lloguer-dinstruments","19":"product_tag-lloguer-dinstruments-ca-2","20":"product_tag-lloguer-dinstruments-barcelona","21":"product_tag-lloguer-dinstruments-barcelona-ca","22":"product_tag-lloguer-dinstruments-espanya-ca","23":"product_tag-lloguer-dinstruments-espanya","25":"first","26":"instock","27":"sold-individually","28":"shipping-taxable","29":"purchasable","30":"product-type-booking"},"booking_location":"","booking_location_type":"","booking_duration":1,"booking_duration_unit":"day","booking_buffer":0,"booking_cost":0,"booking_resources":[],"exclude_global_add_ons":false,"addons":[{"name":"Dip\u00f2sit","type":"checkbox","position":0,"required":false,"title_format":"hide","default":"","description_enable":false,"description":"","placeholder_enable":false,"placeholder":"","display":"select","restrictions_type":"any_text","adjust_price":false,"price":"","price_type":"flat_fee","restrictions":false,"min":"0","max":"0","options":[{"label":"Dip\u00f2sit","price":"90","price_type":"flat_fee","image":0,"visibility":true}]},{"name":"Amplificadors (tots)","type":"checkbox","position":0,"required":false,"title_format":"label","default":"","description_enable":false,"description":"","placeholder_enable":false,"placeholder":"","display":"select","restrictions_type":"any_text","adjust_price":false,"price":"","price_type":"flat_fee","restrictions":false,"min":"0","max":"0","options":[{"label":"Cable d'Instrument Jack 1\/4","price":"5.00","price_type":"quantity_based","image":0,"visibility":true},{"label":"DI Box","price":"5.00","price_type":"quantity_based","image":0,"visibility":true}]}],"acf":{"set_to_be_sold":false,"sale_description":"","sale_price":""},"_links":{"self":[{"href":"https:\/\/shinemusicrental.com\/ca\/wp-json\/wp\/v2\/product\/2760","targetHints":{"allow":["GET"]}}],"collection":[{"href":"https:\/\/shinemusicrental.com\/ca\/wp-json\/wp\/v2\/product"}],"about":[{"href":"https:\/\/shinemusicrental.com\/ca\/wp-json\/wp\/v2\/types\/product"}],"replies":[{"embeddable":true,"href":"https:\/\/shinemusicrental.com\/ca\/wp-json\/wp\/v2\/comments?post=2760"}],"wp:featuredmedia":[{"embeddable":true,"href":"https:\/\/shinemusicrental.com\/ca\/wp-json\/wp\/v2\/media\/19321"}],"wp:attachment":[{"href":"https:\/\/shinemusicrental.com\/ca\/wp-json\/wp\/v2\/media?parent=2760"}],"wp:term":[{"taxonomy":"product_brand","embeddable":true,"href":"https:\/\/shinemusicrental.com\/ca\/wp-json\/wp\/v2\/product_brand?post=2760"},{"taxonomy":"product_cat","embeddable":true,"href":"https:\/\/shinemusicrental.com\/ca\/wp-json\/wp\/v2\/product_cat?post=2760"},{"taxonomy":"product_tag","embeddable":true,"href":"https:\/\/shinemusicrental.com\/ca\/wp-json\/wp\/v2\/product_tag?post=2760"}],"curies":[{"name":"wp","href":"https:\/\/api.w.org\/{rel}","templated":true}]}}