{"id":27480,"date":"2026-03-24T11:33:55","date_gmt":"2026-03-24T10:33:55","guid":{"rendered":"https:\/\/shinemusicrental.com\/?post_type=product&#038;p=27480"},"modified":"2026-03-24T11:53:21","modified_gmt":"2026-03-24T10:53:21","slug":"roland-tr-8s-caixa-de-ritmes","status":"publish","type":"product","link":"https:\/\/shinemusicrental.com\/ca\/product\/roland-tr-8s-caixa-de-ritmes\/","title":{"rendered":"Roland TR-8S Caixa de Ritmes"},"content":{"rendered":"<p>La Roland TR-8S Rhythm Performer \u00e9s una caixa de ritmes programable que combina modelatge digital amb reproducci\u00f3 de mostres. Incorpora la tecnologia Analog Circuit Behavior de Roland, recreant sons de percussi\u00f3 cl\u00e0ssics amb gran precisi\u00f3. La unitat permet importar mostres d\u2019usuari mitjan\u00e7ant targeta SD, ampliant el seu rang sonor. Equipada amb 16 pads sensibles a la velocitat i faders dedicats, facilita un control prec\u00eds de patrons i nivells. La TR-8S inclou m\u00faltiples sortides per a una configuraci\u00f3 flexible en estudi o directe. Amb efectes integrats com reverb, delay i overdrive, permet modelar el so en temps real. La connectivitat MIDI i USB assegura la integraci\u00f3 amb equips externs i DAWs. Per a configuracions temporals, els serveis de lloguer d\u2019instruments proporcionen acc\u00e9s a la TR-8S.<\/p>\n<div id=\"gtx-trans\" style=\"position: absolute; left: -15px; top: -0.53125px;\">\n<div class=\"gtx-trans-icon\"><\/div>\n<\/div>\n","protected":false},"excerpt":{"rendered":"<p>La Roland TR-8S Rhythm Performer \u00e9s una caixa de ritmes programable que combina modelatge digital amb reproducci\u00f3 de mostres. Incorpora la tecnologia Analog Circuit Behavior de Roland, recreant sons de percussi\u00f3 cl\u00e0ssics amb gran precisi\u00f3.<\/p>\n","protected":false},"featured_media":27483,"comment_status":"open","ping_status":"closed","template":"","meta":{"_acf_changed":false,"content-type":""},"product_brand":[],"product_cat":[132,375,222,218,330,332,349],"product_tag":[562,462,590,561,464,490,592,558,478,479,488,482,484,486,946,576,948,924,594],"class_list":{"0":"post-27480","1":"product","2":"type-product","3":"status-publish","4":"has-post-thumbnail","6":"product_cat-instruments-de-teclat","7":"product_cat-teclats-ca","8":"product_cat-sintetitzadors","9":"product_cat-suports-pedals-i-accessoris","10":"product_cat-estudi","11":"product_cat-interficies-daudio-i-controladors","12":"product_cat-soports-i-accesoris","13":"product_tag-instruments-de-contractacio","14":"product_tag-lloguer-dinstruments","15":"product_tag-lloguer-dinstruments-ca-2","16":"product_tag-lloguer-dinstruments-ca","17":"product_tag-lloguer-dinstruments-barcelona","18":"product_tag-lloguer-dinstruments-barcelona-ca","19":"product_tag-lloguer-dinstruments-espanya-ca","20":"product_tag-lloguer-dinstruments-espanya","21":"product_tag-piano-ca","22":"product_tag-piano-es-ca","23":"product_tag-piano-espanya","24":"product_tag-pianos-ca","25":"product_tag-pianos-barcelona-ca","26":"product_tag-pianos-de-lloguer","27":"product_tag-sintetitzador-ca","28":"product_tag-sintetitzador","29":"product_tag-sintetitzador-de-lloguer","30":"product_tag-teclat-de-lloguer","31":"product_tag-yamaha-ca","33":"first","34":"instock","35":"featured","36":"sold-individually","37":"shipping-taxable","38":"purchasable","39":"product-type-booking"},"booking_location":"","booking_location_type":"","booking_duration":1,"booking_duration_unit":"day","booking_buffer":0,"booking_cost":0,"booking_resources":[],"exclude_global_add_ons":false,"addons":[{"name":"Deposit","type":"checkbox","position":0,"required":true,"title_format":"hide","default":"","description_enable":false,"description":"","placeholder_enable":false,"placeholder":"","display":"select","restrictions_type":"any_text","adjust_price":false,"price":"","price_type":"flat_fee","restrictions":false,"min":"0","max":"0","options":[{"label":"Deposit","price":"450","price_type":"flat_fee","image":0,"visibility":true}],"id":1774353202},{"name":"PIANO EL\u00c8CTRIC","type":"checkbox","position":0,"required":true,"title_format":"label","default":"","description_enable":false,"description":"","placeholder_enable":false,"placeholder":"","display":"select","restrictions_type":"any_text","adjust_price":false,"price":"","price_type":"flat_fee","restrictions":false,"min":"0","max":"0","options":[{"label":"Pedal de Sustain de Qualitat","price":"10.00","price_type":"quantity_based","image":0,"visibility":true},{"label":"Suport","price":"10.00","price_type":"quantity_based","image":0,"visibility":true},{"label":"Tamboret de Piano de Qualitat","price":"25.00","price_type":"quantity_based","image":0,"visibility":true},{"label":"Tamboret de Piano","price":"10.00","price_type":"quantity_based","image":0,"visibility":true}]}],"acf":{"set_to_be_sold":false,"sale_description":"","sale_price":""},"_links":{"self":[{"href":"https:\/\/shinemusicrental.com\/ca\/wp-json\/wp\/v2\/product\/27480","targetHints":{"allow":["GET"]}}],"collection":[{"href":"https:\/\/shinemusicrental.com\/ca\/wp-json\/wp\/v2\/product"}],"about":[{"href":"https:\/\/shinemusicrental.com\/ca\/wp-json\/wp\/v2\/types\/product"}],"replies":[{"embeddable":true,"href":"https:\/\/shinemusicrental.com\/ca\/wp-json\/wp\/v2\/comments?post=27480"}],"wp:featuredmedia":[{"embeddable":true,"href":"https:\/\/shinemusicrental.com\/ca\/wp-json\/wp\/v2\/media\/27483"}],"wp:attachment":[{"href":"https:\/\/shinemusicrental.com\/ca\/wp-json\/wp\/v2\/media?parent=27480"}],"wp:term":[{"taxonomy":"product_brand","embeddable":true,"href":"https:\/\/shinemusicrental.com\/ca\/wp-json\/wp\/v2\/product_brand?post=27480"},{"taxonomy":"product_cat","embeddable":true,"href":"https:\/\/shinemusicrental.com\/ca\/wp-json\/wp\/v2\/product_cat?post=27480"},{"taxonomy":"product_tag","embeddable":true,"href":"https:\/\/shinemusicrental.com\/ca\/wp-json\/wp\/v2\/product_tag?post=27480"}],"curies":[{"name":"wp","href":"https:\/\/api.w.org\/{rel}","templated":true}]}}