{"id":27464,"date":"2026-03-23T14:00:52","date_gmt":"2026-03-23T13:00:52","guid":{"rendered":"https:\/\/shinemusicrental.com\/?post_type=product&#038;p=27464"},"modified":"2026-03-23T15:14:46","modified_gmt":"2026-03-23T14:14:46","slug":"beamz-ice1800-maquina-de-fum-boira","status":"publish","type":"product","link":"https:\/\/shinemusicrental.com\/ca\/product\/beamz-ice1800-maquina-de-fum-boira\/","title":{"rendered":"Beamz ICE1800 M\u00e0quina de Fum\/Boira"},"content":{"rendered":"<div class=\"flex flex-col text-sm\">\n<section class=\"text-token-text-primary w-full focus:outline-none [--shadow-height:45px] has-data-writing-block:pointer-events-none has-data-writing-block:-mt-(--shadow-height) has-data-writing-block:pt-(--shadow-height) [&amp;:has([data-writing-block])&gt;*]:pointer-events-auto scroll-mt-[calc(var(--header-height)+min(200px,max(70px,20svh)))]\" dir=\"auto\" data-turn-id=\"request-99817a9a-5c75-4007-b342-17541a0fbbd7-0\" data-testid=\"conversation-turn-40\" data-scroll-anchor=\"true\" data-turn=\"assistant\">\n<div class=\"text-base my-auto mx-auto pb-10 [--thread-content-margin:var(--thread-content-margin-xs,calc(var(--spacing)*4))] @w-sm\/main:[--thread-content-margin:var(--thread-content-margin-sm,calc(var(--spacing)*6))] @w-lg\/main:[--thread-content-margin:var(--thread-content-margin-lg,calc(var(--spacing)*16))] px-(--thread-content-margin)\">\n<div class=\"[--thread-content-max-width:40rem] @w-lg\/main:[--thread-content-max-width:48rem] mx-auto max-w-(--thread-content-max-width) flex-1 group\/turn-messages focus-visible:outline-hidden relative flex w-full min-w-0 flex-col agent-turn\">\n<div class=\"flex max-w-full flex-col gap-4 grow\">\n<div class=\"min-h-8 text-message relative flex w-full flex-col items-end gap-2 text-start break-words whitespace-normal outline-none keyboard-focused:focus-ring [.text-message+&amp;]:mt-1\" dir=\"auto\" tabindex=\"0\" data-message-author-role=\"assistant\" data-message-id=\"fbec7460-8a22-4fb4-ad6c-e8331dc2123d\" data-message-model-slug=\"gpt-5-3\" data-turn-start-message=\"true\">\n<div class=\"flex w-full flex-col gap-1 empty:hidden\">\n<div class=\"markdown prose dark:prose-invert w-full wrap-break-word dark markdown-new-styling\">\n<p data-start=\"0\" data-end=\"726\" data-is-last-node=\"\" data-is-only-node=\"\">La m\u00e0quina de fum baix Beamz ICE1800 est\u00e0 dissenyada per produir efectes de boira densa a nivell de terra en entorns esc\u00e8nics i esdeveniments. Amb un element calefactor de 1800 W, ofereix una sortida constant adequada per a espais mitjans i grans. La unitat utilitza l\u00edquid de fum est\u00e0ndard combinat amb gel per generar un efecte baix sense necessitat de CO\u2082. Amb un temps d\u2019escalfament d\u2019aproximadament 4,5 minuts, permet cicles de preparaci\u00f3 eficients. La ICE1800 inclou un dip\u00f2sit de 2,5 litres i disposa de control manual i remot. La seva carcassa resistent assegura un rendiment estable amb \u00fas continuat. Per a aplicacions temporals o muntatges, els serveis de lloguer de m\u00e0quines de fum faciliten l\u2019acc\u00e9s a aquest equip.<\/p>\n<\/div>\n<\/div>\n<\/div>\n<\/div>\n<div class=\"z-0 flex min-h-[46px] justify-start\"><\/div>\n<div class=\"mt-3 w-full empty:hidden\">\n<div class=\"text-center\"><\/div>\n<\/div>\n<\/div>\n<\/div>\n<\/section>\n<\/div>\n<div class=\"pointer-events-none h-px w-px absolute bottom-0\" aria-hidden=\"true\" data-edge=\"true\"><\/div>\n","protected":false},"excerpt":{"rendered":"<p>La m\u00e0quina de fum baix Beamz ICE1800 est\u00e0 dissenyada per produir efectes de boira densa a nivell de terra en entorns esc\u00e8nics i esdeveniments. Amb un element calefactor de 1800 W, ofereix una sortida constant adequada per a espais mitjans i grans.<\/p>\n","protected":false},"featured_media":27467,"comment_status":"open","ping_status":"closed","template":"","meta":{"_acf_changed":false,"content-type":""},"product_brand":[],"product_cat":[330,1176],"product_tag":[562,462,590,561,464,490,592,558,978],"class_list":{"0":"post-27464","1":"product","2":"type-product","3":"status-publish","4":"has-post-thumbnail","6":"product_cat-estudi","7":"product_cat-illuminacio-i-escenari","8":"product_tag-instruments-de-contractacio","9":"product_tag-lloguer-dinstruments","10":"product_tag-lloguer-dinstruments-ca-2","11":"product_tag-lloguer-dinstruments-ca","12":"product_tag-lloguer-dinstruments-barcelona","13":"product_tag-lloguer-dinstruments-barcelona-ca","14":"product_tag-lloguer-dinstruments-espanya-ca","15":"product_tag-lloguer-dinstruments-espanya","16":"product_tag-maquina-de-fum","18":"first","19":"instock","20":"featured","21":"sold-individually","22":"shipping-taxable","23":"purchasable","24":"product-type-booking"},"booking_location":"","booking_location_type":"","booking_duration":1,"booking_duration_unit":"day","booking_buffer":0,"booking_cost":0,"booking_resources":[],"exclude_global_add_ons":false,"addons":[{"name":"Deposit","type":"checkbox","position":0,"required":true,"title_format":"hide","default":"","description_enable":false,"description":"","placeholder_enable":false,"placeholder":"","display":"select","restrictions_type":"any_text","adjust_price":false,"price":"","price_type":"flat_fee","restrictions":false,"min":"0","max":"0","options":[{"label":"Deposit","price":"450","price_type":"flat_fee","image":0,"visibility":true}],"id":1774278887}],"acf":{"set_to_be_sold":false,"sale_description":"","sale_price":""},"_links":{"self":[{"href":"https:\/\/shinemusicrental.com\/ca\/wp-json\/wp\/v2\/product\/27464","targetHints":{"allow":["GET"]}}],"collection":[{"href":"https:\/\/shinemusicrental.com\/ca\/wp-json\/wp\/v2\/product"}],"about":[{"href":"https:\/\/shinemusicrental.com\/ca\/wp-json\/wp\/v2\/types\/product"}],"replies":[{"embeddable":true,"href":"https:\/\/shinemusicrental.com\/ca\/wp-json\/wp\/v2\/comments?post=27464"}],"wp:featuredmedia":[{"embeddable":true,"href":"https:\/\/shinemusicrental.com\/ca\/wp-json\/wp\/v2\/media\/27467"}],"wp:attachment":[{"href":"https:\/\/shinemusicrental.com\/ca\/wp-json\/wp\/v2\/media?parent=27464"}],"wp:term":[{"taxonomy":"product_brand","embeddable":true,"href":"https:\/\/shinemusicrental.com\/ca\/wp-json\/wp\/v2\/product_brand?post=27464"},{"taxonomy":"product_cat","embeddable":true,"href":"https:\/\/shinemusicrental.com\/ca\/wp-json\/wp\/v2\/product_cat?post=27464"},{"taxonomy":"product_tag","embeddable":true,"href":"https:\/\/shinemusicrental.com\/ca\/wp-json\/wp\/v2\/product_tag?post=27464"}],"curies":[{"name":"wp","href":"https:\/\/api.w.org\/{rel}","templated":true}]}}