{"id":2745,"date":"2022-11-02T14:14:48","date_gmt":"2022-11-02T12:14:48","guid":{"rendered":"http:\/\/www.shinemusicrental.com\/product\/jupiter-jtr1110rq-trompeta\/"},"modified":"2024-04-10T14:15:20","modified_gmt":"2024-04-10T12:15:20","slug":"jupiter-jtr1110rq-trompeta","status":"publish","type":"product","link":"https:\/\/shinemusicrental.com\/ca\/product\/jupiter-jtr1110rq-trompeta\/","title":{"rendered":"Jupiter JTR1110RQ Trompeta"},"content":{"rendered":"<p>La trompeta Jupiter JTR1110RQ \u00e9s un instrument de vent de metall de gran qualitat dissenyat per a m\u00fasics experimentats. Aquest model en particular compta amb una campana martellada a m\u00e0 d&#8217;una sola pe\u00e7a, el que produeix un so tonalment ric i c\u00e0lid adequat per a una \u00e0mplia varietat de g\u00e8neres musicals. El seu orifici mitj\u00e0-gran facilita una excel\u00b7lent projecci\u00f3 i intonaci\u00f3, mentre que els seus pistons de Monel garanteixen una experi\u00e8ncia de joc suau i receptiva. Per a una major comoditat i conveni\u00e8ncia, el JTR1110RQ inclou un anell lliscant ajustable en la tercera v\u00e0lvula i una cadira de polze en la primera v\u00e0lvula. Si t\u00e9 una actuaci\u00f3 o sessi\u00f3 d&#8217;enregistrament properes que requereixen una trompeta de gran qualitat, potser desitgi considerar opcions de lloguer d&#8217;instruments que ofereixin la Jupiter JTR1110RQ. Aquest excepcional instrument \u00e9s fiable i impressionant, el que garanteix que la seva m\u00fasica encerti totes les notes correctes.<\/p>\n<div id=\"gtx-trans\" style=\"position: absolute; left: 952px; top: -0.666666px;\">\n<div class=\"gtx-trans-icon\"><\/div>\n<\/div>\n","protected":false},"excerpt":{"rendered":"<p><strong>Dip\u00f2sit: \u20ac450<\/strong><\/p>\n<div id=\"gtx-trans\" style=\"position: absolute; left: 31px; top: 38.3333px;\">\n<div class=\"gtx-trans-icon\"><\/div>\n<\/div>\n","protected":false},"featured_media":2643,"comment_status":"open","ping_status":"closed","template":"","meta":{"_acf_changed":false,"content-type":""},"product_brand":[],"product_cat":[352,371],"product_tag":[516,562,518,520,524,522,526,462,590,561,464,490,592,558,596,758],"class_list":{"0":"post-2745","1":"product","2":"type-product","3":"status-publish","4":"has-post-thumbnail","6":"product_cat-instruments-de-vent","7":"product_cat-trompetes-ca","8":"product_tag-instrument-de-vent","9":"product_tag-instruments-de-contractacio","10":"product_tag-instruments-de-vent","11":"product_tag-instruments-de-vent-barcelona","12":"product_tag-instruments-de-vent-de-lloguer","13":"product_tag-instruments-de-vent-es","14":"product_tag-instruments-de-vent-espanya","15":"product_tag-lloguer-dinstruments","16":"product_tag-lloguer-dinstruments-ca-2","17":"product_tag-lloguer-dinstruments-ca","18":"product_tag-lloguer-dinstruments-barcelona","19":"product_tag-lloguer-dinstruments-barcelona-ca","20":"product_tag-lloguer-dinstruments-espanya-ca","21":"product_tag-lloguer-dinstruments-espanya","22":"product_tag-trompeta-ca","23":"product_tag-trompeta-de-lloguer","25":"first","26":"instock","27":"sold-individually","28":"shipping-taxable","29":"purchasable","30":"product-type-booking"},"booking_location":"","booking_location_type":"","booking_duration":1,"booking_duration_unit":"day","booking_buffer":0,"booking_cost":0,"booking_resources":[],"exclude_global_add_ons":false,"addons":[{"name":"Dip\u00f2sit","type":"checkbox","position":0,"required":false,"title_format":"hide","default":"","description_enable":false,"description":"","placeholder_enable":false,"placeholder":"","display":"select","restrictions_type":"any_text","adjust_price":false,"price":"","price_type":"flat_fee","restrictions":false,"min":"0","max":"0","options":[{"label":"Dip\u00f2sit","price":"450","price_type":"flat_fee","image":0,"visibility":true}]},{"name":"INSTRUMENTS DE VENT (tots)","type":"checkbox","position":0,"required":false,"title_format":"label","default":"","description_enable":false,"description":"","placeholder_enable":false,"placeholder":"","display":"select","restrictions_type":"any_text","adjust_price":false,"price":"","price_type":"flat_fee","restrictions":false,"min":"0","max":"0","options":[{"label":"Lleng\u00fceta","price":"5.00","price_type":"quantity_based","image":0,"visibility":true},{"label":"Faristol","price":"5.00","price_type":"flat_fee","image":0,"visibility":true},{"label":"Faristol de Qualitat","price":"9.00","price_type":"flat_fee","image":0,"visibility":true}]}],"acf":{"set_to_be_sold":false,"sale_description":"","sale_price":""},"_links":{"self":[{"href":"https:\/\/shinemusicrental.com\/ca\/wp-json\/wp\/v2\/product\/2745","targetHints":{"allow":["GET"]}}],"collection":[{"href":"https:\/\/shinemusicrental.com\/ca\/wp-json\/wp\/v2\/product"}],"about":[{"href":"https:\/\/shinemusicrental.com\/ca\/wp-json\/wp\/v2\/types\/product"}],"replies":[{"embeddable":true,"href":"https:\/\/shinemusicrental.com\/ca\/wp-json\/wp\/v2\/comments?post=2745"}],"wp:featuredmedia":[{"embeddable":true,"href":"https:\/\/shinemusicrental.com\/ca\/wp-json\/wp\/v2\/media\/2643"}],"wp:attachment":[{"href":"https:\/\/shinemusicrental.com\/ca\/wp-json\/wp\/v2\/media?parent=2745"}],"wp:term":[{"taxonomy":"product_brand","embeddable":true,"href":"https:\/\/shinemusicrental.com\/ca\/wp-json\/wp\/v2\/product_brand?post=2745"},{"taxonomy":"product_cat","embeddable":true,"href":"https:\/\/shinemusicrental.com\/ca\/wp-json\/wp\/v2\/product_cat?post=2745"},{"taxonomy":"product_tag","embeddable":true,"href":"https:\/\/shinemusicrental.com\/ca\/wp-json\/wp\/v2\/product_tag?post=2745"}],"curies":[{"name":"wp","href":"https:\/\/api.w.org\/{rel}","templated":true}]}}