{"id":2741,"date":"2022-11-02T14:11:27","date_gmt":"2022-11-02T12:11:27","guid":{"rendered":"http:\/\/www.shinemusicrental.com\/product\/yamaha-clp-725-b-piano-digital\/"},"modified":"2024-04-22T11:54:12","modified_gmt":"2024-04-22T09:54:12","slug":"yamaha-clp-725-b-piano-digital","status":"publish","type":"product","link":"https:\/\/shinemusicrental.com\/ca\/product\/yamaha-clp-725-b-piano-digital\/","title":{"rendered":"Yamaha CLP-725 B Piano Digital"},"content":{"rendered":"<p>El piano digital Yamaha CLP-725 B \u00e9s un instrument de primera l\u00ednia dissenyat per a m\u00fasics seriosos que exigeixen el millor. Compta amb el teclat GrandTouch-S de Yamaha amb tecles de fusta, que proporciona una sensaci\u00f3 aut\u00e8ntica i una resposta similar a la d&#8217;un piano de cua.<\/p>\n<p>El piano tamb\u00e9 inclou la tecnologia de modelatge de resson\u00e0ncia virtual (VRM) de Yamaha, que simula les intrincades interaccions entre les cordes, els martells i la taula harm\u00f2nica per crear un so ric i matisat. T\u00e9 un total de 38 veus, incloent-hi dos pianos de cua de concert, i una varietat d&#8217;altres instruments com ara cordes, orgues i clavec\u00ed.<\/p>\n<p>El Yamaha CLP-725 B \u00e9s una excel\u00b7lent opci\u00f3 per als serveis de lloguer d&#8217;instruments, proporcionant un piano digital de alta qualitat per a estudiants i professionals per igual. Tamb\u00e9 \u00e9s una gran opci\u00f3 per a qualsevol que vulgui llogar un piano digital per practicar o actuar. Amb aquest piano digital, la vostra interpretaci\u00f3 despegar\u00e0 com una \u00e0guila majestuosa.<\/p>\n","protected":false},"excerpt":{"rendered":"<p><strong>Dip\u00f2sit: \u20ac450<\/strong><\/p>\n<div id=\"gtx-trans\" style=\"position: absolute; left: 19px; top: 38.3333px;\">\n<div class=\"gtx-trans-icon\"><\/div>\n<\/div>\n","protected":false},"featured_media":2634,"comment_status":"open","ping_status":"closed","template":"","meta":{"_acf_changed":false,"content-type":""},"product_brand":[],"product_cat":[132,133],"product_tag":[562,663,462,590,561,464,490,592,558,478,660,479,488,482,484,486],"class_list":{"0":"post-2741","1":"product","2":"type-product","3":"status-publish","4":"has-post-thumbnail","6":"product_cat-instruments-de-teclat","7":"product_cat-pianos-digitals","8":"product_tag-instruments-de-contractacio","9":"product_tag-llogar-piano-digital","10":"product_tag-lloguer-dinstruments","11":"product_tag-lloguer-dinstruments-ca-2","12":"product_tag-lloguer-dinstruments-ca","13":"product_tag-lloguer-dinstruments-barcelona","14":"product_tag-lloguer-dinstruments-barcelona-ca","15":"product_tag-lloguer-dinstruments-espanya-ca","16":"product_tag-lloguer-dinstruments-espanya","17":"product_tag-piano-ca","18":"product_tag-piano-digital-ca","19":"product_tag-piano-es-ca","20":"product_tag-piano-espanya","21":"product_tag-pianos-ca","22":"product_tag-pianos-barcelona-ca","23":"product_tag-pianos-de-lloguer","25":"first","26":"instock","27":"sold-individually","28":"shipping-taxable","29":"purchasable","30":"product-type-booking"},"booking_location":"","booking_location_type":"","booking_duration":1,"booking_duration_unit":"day","booking_buffer":0,"booking_cost":0,"booking_resources":[],"exclude_global_add_ons":false,"addons":[{"name":"Dip\u00f2sit","type":"checkbox","position":0,"required":false,"title_format":"hide","default":"","description_enable":false,"description":"","placeholder_enable":false,"placeholder":"","display":"select","restrictions_type":"any_text","adjust_price":false,"price":"","price_type":"flat_fee","restrictions":false,"min":"0","max":"0","options":[{"label":"Dip\u00f2sit","price":"450","price_type":"flat_fee","image":0,"visibility":true}]},{"name":"PIANO EL\u00c8CTRIC","type":"checkbox","position":0,"required":true,"title_format":"label","default":"","description_enable":false,"description":"","placeholder_enable":false,"placeholder":"","display":"select","restrictions_type":"any_text","adjust_price":false,"price":"","price_type":"flat_fee","restrictions":false,"min":"0","max":"0","options":[{"label":"Pedal de Sustain de Qualitat","price":"10.00","price_type":"quantity_based","image":0,"visibility":true},{"label":"Suport","price":"10.00","price_type":"quantity_based","image":0,"visibility":true},{"label":"Tamboret de Piano de Qualitat","price":"25.00","price_type":"quantity_based","image":0,"visibility":true},{"label":"Tamboret de Piano","price":"10.00","price_type":"quantity_based","image":0,"visibility":true}]}],"acf":{"set_to_be_sold":false,"sale_description":"","sale_price":""},"_links":{"self":[{"href":"https:\/\/shinemusicrental.com\/ca\/wp-json\/wp\/v2\/product\/2741","targetHints":{"allow":["GET"]}}],"collection":[{"href":"https:\/\/shinemusicrental.com\/ca\/wp-json\/wp\/v2\/product"}],"about":[{"href":"https:\/\/shinemusicrental.com\/ca\/wp-json\/wp\/v2\/types\/product"}],"replies":[{"embeddable":true,"href":"https:\/\/shinemusicrental.com\/ca\/wp-json\/wp\/v2\/comments?post=2741"}],"wp:featuredmedia":[{"embeddable":true,"href":"https:\/\/shinemusicrental.com\/ca\/wp-json\/wp\/v2\/media\/2634"}],"wp:attachment":[{"href":"https:\/\/shinemusicrental.com\/ca\/wp-json\/wp\/v2\/media?parent=2741"}],"wp:term":[{"taxonomy":"product_brand","embeddable":true,"href":"https:\/\/shinemusicrental.com\/ca\/wp-json\/wp\/v2\/product_brand?post=2741"},{"taxonomy":"product_cat","embeddable":true,"href":"https:\/\/shinemusicrental.com\/ca\/wp-json\/wp\/v2\/product_cat?post=2741"},{"taxonomy":"product_tag","embeddable":true,"href":"https:\/\/shinemusicrental.com\/ca\/wp-json\/wp\/v2\/product_tag?post=2741"}],"curies":[{"name":"wp","href":"https:\/\/api.w.org\/{rel}","templated":true}]}}