{"id":2737,"date":"2022-11-02T13:58:56","date_gmt":"2022-11-02T11:58:56","guid":{"rendered":"http:\/\/www.shinemusicrental.com\/product\/yamaha-mg12-xuk-taula-de-mescles\/"},"modified":"2023-03-15T15:49:28","modified_gmt":"2023-03-15T14:49:28","slug":"yamaha-mg12-xuk-taula-de-mescles","status":"publish","type":"product","link":"https:\/\/shinemusicrental.com\/ca\/product\/yamaha-mg12-xuk-taula-de-mescles\/","title":{"rendered":"Yamaha MG12 XUK Taula de Mescles"},"content":{"rendered":"<p>La taula de mescles Yamaha MG12 XUK \u00e9s una opci\u00f3 vers\u00e0til i fiable per a les empreses de lloguer d&#8217;instruments que busquen llogar una taula de mescles per a actuacions en directe i esdeveniments. Aquesta taula de mescles disposa de sis entrades de micr\u00f2fon i dotze entrades de l\u00ednia, juntament amb preamplificadors d&#8217;alta qualitat i un processador d&#8217;efectes digitals SPX incorporat.<\/p>\n<p>La taula de mescles est\u00e0 dissenyada per proporcionar un so clar i transparent, amb components d&#8217;alta qualitat i un disseny de circuit avan\u00e7at. La mida compacta i port\u00e0til fa que sigui f\u00e0cil de transportar i configurar, mentre que la construcci\u00f3 resistent garanteix que pugui suportar les exig\u00e8ncies de l&#8217;\u00fas regular.<\/p>\n<p>Utilitzar la taula de mescles Yamaha MG12 XUK \u00e9s com tenir un director expert liderant una orquestra. Reuneix tots els diferents elements del seu so i l&#8217;ajuda a aconseguir una presentaci\u00f3 harmoniosa i equilibrada. Ja sigui que sigui un m\u00fasic que busqui una taula de mescles fiable per al seu pr\u00f2xim concert o un planificador d&#8217;esdeveniments que busqui refor\u00e7 de so d&#8217;alta qualitat, la taula de mescles Yamaha MG12 XUK \u00e9s una excel\u00b7lent opci\u00f3.<\/p>\n","protected":false},"excerpt":{"rendered":"<p><strong>Dip\u00f2sit: \u20ac150<\/strong><\/p>\n<div id=\"gtx-trans\" style=\"position: absolute; left: 2px; top: -10.6667px;\">\n<div class=\"gtx-trans-icon\"><\/div>\n<\/div>\n","protected":false},"featured_media":2626,"comment_status":"open","ping_status":"closed","template":"","meta":{"_acf_changed":false,"content-type":""},"product_brand":[],"product_cat":[330,342],"product_tag":[506,508,512,510,514,504,562,462,590,561,464,490,592,558,787,789,790],"class_list":{"0":"post-2737","1":"product","2":"type-product","3":"status-publish","4":"has-post-thumbnail","6":"product_cat-estudi","7":"product_cat-mescladors-i-equips-dj","8":"product_tag-equip-destudi","9":"product_tag-equip-destudi-barcelona","10":"product_tag-equip-destudi-de-lloguer","11":"product_tag-equip-destudi-es","12":"product_tag-equip-destudi-espanya","13":"product_tag-estudi","14":"product_tag-instruments-de-contractacio","15":"product_tag-lloguer-dinstruments","16":"product_tag-lloguer-dinstruments-ca-2","17":"product_tag-lloguer-dinstruments-ca","18":"product_tag-lloguer-dinstruments-barcelona","19":"product_tag-lloguer-dinstruments-barcelona-ca","20":"product_tag-lloguer-dinstruments-espanya-ca","21":"product_tag-lloguer-dinstruments-espanya","22":"product_tag-mixer-ca","23":"product_tag-taula-de-mescles","24":"product_tag-taula-de-mescles-de-lloguer","26":"first","27":"instock","28":"sold-individually","29":"shipping-taxable","30":"purchasable","31":"product-type-booking"},"booking_location":"","booking_location_type":"","booking_duration":1,"booking_duration_unit":"day","booking_buffer":0,"booking_cost":0,"booking_resources":[],"exclude_global_add_ons":false,"addons":[{"name":"Dip\u00f2sit","type":"checkbox","position":0,"required":false,"title_format":"hide","default":"","description_enable":false,"description":"","placeholder_enable":false,"placeholder":"","display":"select","restrictions_type":"any_text","adjust_price":false,"price":"","price_type":"flat_fee","restrictions":false,"min":"0","max":"0","options":[{"label":"Dip\u00f2sit","price":"150","price_type":"flat_fee","image":0,"visibility":true}]},{"name":"ALTAVEUS PA","type":"checkbox","position":0,"required":false,"title_format":"label","default":"","description_enable":false,"description":"","placeholder_enable":false,"placeholder":"","display":"select","restrictions_type":"any_text","adjust_price":false,"price":"","price_type":"flat_fee","restrictions":false,"min":"0","max":"0","options":[{"label":"Cable d'Instrument Jack 1\/4","price":"5.00","price_type":"quantity_based","image":0,"visibility":true},{"label":"Cable XLR","price":"5.00","price_type":"quantity_based","image":0,"visibility":true},{"label":"Taula de Mescles (est\u00e0ndard)","price":"55.00","price_type":"quantity_based","image":0,"visibility":true},{"label":"Suport","price":"19.00","price_type":"quantity_based","image":0,"visibility":true},{"label":"DI Box","price":"5","price_type":"quantity_based","image":0,"visibility":true}]}],"acf":{"set_to_be_sold":false,"sale_description":"","sale_price":""},"_links":{"self":[{"href":"https:\/\/shinemusicrental.com\/ca\/wp-json\/wp\/v2\/product\/2737","targetHints":{"allow":["GET"]}}],"collection":[{"href":"https:\/\/shinemusicrental.com\/ca\/wp-json\/wp\/v2\/product"}],"about":[{"href":"https:\/\/shinemusicrental.com\/ca\/wp-json\/wp\/v2\/types\/product"}],"replies":[{"embeddable":true,"href":"https:\/\/shinemusicrental.com\/ca\/wp-json\/wp\/v2\/comments?post=2737"}],"wp:featuredmedia":[{"embeddable":true,"href":"https:\/\/shinemusicrental.com\/ca\/wp-json\/wp\/v2\/media\/2626"}],"wp:attachment":[{"href":"https:\/\/shinemusicrental.com\/ca\/wp-json\/wp\/v2\/media?parent=2737"}],"wp:term":[{"taxonomy":"product_brand","embeddable":true,"href":"https:\/\/shinemusicrental.com\/ca\/wp-json\/wp\/v2\/product_brand?post=2737"},{"taxonomy":"product_cat","embeddable":true,"href":"https:\/\/shinemusicrental.com\/ca\/wp-json\/wp\/v2\/product_cat?post=2737"},{"taxonomy":"product_tag","embeddable":true,"href":"https:\/\/shinemusicrental.com\/ca\/wp-json\/wp\/v2\/product_tag?post=2737"}],"curies":[{"name":"wp","href":"https:\/\/api.w.org\/{rel}","templated":true}]}}