{"id":2728,"date":"2022-11-02T13:39:48","date_gmt":"2022-11-02T11:39:48","guid":{"rendered":"http:\/\/www.shinemusicrental.com\/product\/algam-llum-mobil-led\/"},"modified":"2023-03-20T16:58:39","modified_gmt":"2023-03-20T15:58:39","slug":"algam-llum-mobil-led","status":"publish","type":"product","link":"https:\/\/shinemusicrental.com\/ca\/product\/algam-llum-mobil-led\/","title":{"rendered":"Algam Llum M\u00f2bil LED"},"content":{"rendered":"<p>La llum m\u00f2bil Algam representa un artefacte d&#8217;il\u00b7luminaci\u00f3 altament vers\u00e0til i adaptable que s&#8217;adapta a un ampli espectre d&#8217;aplicacions, com ara concerts, representacions teatrals i estudis de televisi\u00f3. Aquest dispositiu emissor de llum, a causa de la seva tecnologia LED superior, emana un calidoscopi de matisos v\u00edvids i radiants. La seva incomparable mobilitat i exactitud faciliten exhibicions de llum din\u00e0miques i captivadores. A m\u00e9s, el model elegant i convenient d&#8217;Algam Moving Head Light agilitza el transport i la configuraci\u00f3, fet que el converteix en un producte molt buscat per a les empreses de lloguer d&#8217;instruments.<\/p>\n<p>La llum m\u00f2bil Algam aprofita la pot\u00e8ncia de les fonts de llum LED per produir una pan\u00f2plia d&#8217;efectes d&#8217;il\u00b7luminaci\u00f3, que van des de rentats constants fins a feixos r\u00e0pids i en\u00e8rgics. Els dissenyadors d&#8217;il\u00b7luminaci\u00f3 poden emprar les funcions personalitzables d&#8217;enfocament i zoom per orquestrar modificacions meticuloses, atorgant-los un control integral i sense restriccions sobre les presentacions. La llum m\u00f2bil Algam sorgeix com un far excepcionalment brillant al domini de la il\u00b7luminaci\u00f3 esc\u00e8nica, aportant un element fluid, visualment captivador i estimulant a cada acte teatral.<\/p>\n<div id=\"gtx-trans\" style=\"position: absolute; left: 569px; top: 159.453px;\">\n<div class=\"gtx-trans-icon\"><\/div>\n<\/div>\n","protected":false},"excerpt":{"rendered":"<p><strong>Dip\u00f2sit: \u20ac30<\/strong><\/p>\n<div id=\"gtx-trans\" style=\"position: absolute; left: 30px; top: 38.3333px;\">\n<div class=\"gtx-trans-icon\"><\/div>\n<\/div>\n","protected":false},"featured_media":2598,"comment_status":"open","ping_status":"closed","template":"","meta":{"_acf_changed":false,"content-type":""},"product_brand":[],"product_cat":[330,1176],"product_tag":[580,562,462,561,590,464,490,558,592,579,554,556],"class_list":{"0":"post-2728","1":"product","2":"type-product","3":"status-publish","4":"has-post-thumbnail","6":"product_cat-estudi","7":"product_cat-illuminacio-i-escenari","8":"product_tag-cap-mobil","9":"product_tag-instruments-de-contractacio","10":"product_tag-lloguer-dinstruments","11":"product_tag-lloguer-dinstruments-ca","12":"product_tag-lloguer-dinstruments-ca-2","13":"product_tag-lloguer-dinstruments-barcelona","14":"product_tag-lloguer-dinstruments-barcelona-ca","15":"product_tag-lloguer-dinstruments-espanya","16":"product_tag-lloguer-dinstruments-espanya-ca","17":"product_tag-llums-ca","18":"product_tag-llums","19":"product_tag-llums-led","21":"first","22":"instock","23":"sold-individually","24":"shipping-taxable","25":"purchasable","26":"product-type-booking"},"booking_location":"","booking_location_type":"","booking_duration":1,"booking_duration_unit":"day","booking_buffer":0,"booking_cost":0,"booking_resources":[],"exclude_global_add_ons":false,"addons":[{"name":"Dip\u00f2sit","type":"checkbox","position":0,"required":false,"title_format":"hide","default":"","description_enable":false,"description":"","placeholder_enable":false,"placeholder":"","display":"select","restrictions_type":"any_text","adjust_price":false,"price":"","price_type":"flat_fee","restrictions":false,"min":"0","max":"0","options":[{"label":"Dip\u00f2sit","price":"30","price_type":"flat_fee","image":0,"visibility":true}]}],"acf":{"set_to_be_sold":false,"sale_description":"","sale_price":""},"_links":{"self":[{"href":"https:\/\/shinemusicrental.com\/ca\/wp-json\/wp\/v2\/product\/2728","targetHints":{"allow":["GET"]}}],"collection":[{"href":"https:\/\/shinemusicrental.com\/ca\/wp-json\/wp\/v2\/product"}],"about":[{"href":"https:\/\/shinemusicrental.com\/ca\/wp-json\/wp\/v2\/types\/product"}],"replies":[{"embeddable":true,"href":"https:\/\/shinemusicrental.com\/ca\/wp-json\/wp\/v2\/comments?post=2728"}],"wp:featuredmedia":[{"embeddable":true,"href":"https:\/\/shinemusicrental.com\/ca\/wp-json\/wp\/v2\/media\/2598"}],"wp:attachment":[{"href":"https:\/\/shinemusicrental.com\/ca\/wp-json\/wp\/v2\/media?parent=2728"}],"wp:term":[{"taxonomy":"product_brand","embeddable":true,"href":"https:\/\/shinemusicrental.com\/ca\/wp-json\/wp\/v2\/product_brand?post=2728"},{"taxonomy":"product_cat","embeddable":true,"href":"https:\/\/shinemusicrental.com\/ca\/wp-json\/wp\/v2\/product_cat?post=2728"},{"taxonomy":"product_tag","embeddable":true,"href":"https:\/\/shinemusicrental.com\/ca\/wp-json\/wp\/v2\/product_tag?post=2728"}],"curies":[{"name":"wp","href":"https:\/\/api.w.org\/{rel}","templated":true}]}}