{"id":2718,"date":"2022-11-02T13:19:07","date_gmt":"2022-11-02T11:19:07","guid":{"rendered":"http:\/\/www.shinemusicrental.com\/product\/violoncel-stentor-student-ii\/"},"modified":"2023-03-21T11:35:29","modified_gmt":"2023-03-21T10:35:29","slug":"violoncel-stentor-student-ii","status":"publish","type":"product","link":"https:\/\/shinemusicrental.com\/ca\/product\/violoncel-stentor-student-ii\/","title":{"rendered":"Violoncel Stentor Student II"},"content":{"rendered":"<p>El violoncel Stentor Student II \u00e9s una opci\u00f3 fiable i assequible per a violoncel\u00b7listes principiants i intermedis. Amb la seva tapa de pi mass\u00eds i el dorsal, m\u00e0nec i costats d&#8217;aur\u00f3, produeix un to c\u00e0lid i equilibrat. El diapas\u00f3 i clavilles de ban\u00fas proporcionen una experi\u00e8ncia de joc c\u00f2moda i estable, mentre que el cordal d&#8217;aliatge amb quatre afinadors integrats assegura una afinaci\u00f3 precisa. El seu disseny lleuger i funda acotxada el fan f\u00e0cil de transportar a classes o actuacions, el que el converteix en una opci\u00f3 perfecta per a serveis de lloguer d&#8217;instruments. El violoncel Stentor Student II \u00e9s com un mestre pacient i solidari, que ajuda a desenvolupar habilitats i a trobar la veu com a violoncel\u00b7lista.<\/p>\n<div id=\"gtx-trans\" style=\"position: absolute; left: 930px; top: -0.53125px;\">\n<div class=\"gtx-trans-icon\"><\/div>\n<\/div>\n","protected":false},"excerpt":{"rendered":"<p><strong>Dip\u00f2sit: \u20ac290<\/strong><\/p>\n<div id=\"gtx-trans\" style=\"position: absolute; left: 34px; top: 38.3333px;\">\n<div class=\"gtx-trans-icon\"><\/div>\n<\/div>\n","protected":false},"featured_media":2578,"comment_status":"open","ping_status":"closed","template":"","meta":{"_acf_changed":false,"content-type":""},"product_brand":[],"product_cat":[318,319],"product_tag":[713,562,492,494,496,500,498,502,462,590,561,464,490,592,558,711],"class_list":{"0":"post-2718","1":"product","2":"type-product","3":"status-publish","4":"has-post-thumbnail","6":"product_cat-instruments-de-corda","7":"product_cat-violoncels-ca","8":"product_tag-chelo-de-lloguer","9":"product_tag-instruments-de-contractacio","10":"product_tag-instruments-de-corda","11":"product_tag-instruments-de-corda-ca","12":"product_tag-instruments-de-corda-barcelona","13":"product_tag-instruments-de-corda-de-lloguer","14":"product_tag-instruments-de-corda-es","15":"product_tag-instruments-de-corda-espanya","16":"product_tag-lloguer-dinstruments","17":"product_tag-lloguer-dinstruments-ca-2","18":"product_tag-lloguer-dinstruments-ca","19":"product_tag-lloguer-dinstruments-barcelona","20":"product_tag-lloguer-dinstruments-barcelona-ca","21":"product_tag-lloguer-dinstruments-espanya-ca","22":"product_tag-lloguer-dinstruments-espanya","23":"product_tag-violoncel","25":"first","26":"instock","27":"sold-individually","28":"shipping-taxable","29":"purchasable","30":"product-type-booking"},"booking_location":"","booking_location_type":"","booking_duration":1,"booking_duration_unit":"day","booking_buffer":0,"booking_cost":0,"booking_resources":[],"exclude_global_add_ons":false,"addons":[{"name":"Dip\u00f2sit","type":"checkbox","position":0,"required":false,"title_format":"hide","default":"","description_enable":false,"description":"","placeholder_enable":false,"placeholder":"","display":"select","restrictions_type":"any_text","adjust_price":false,"price":"","price_type":"flat_fee","restrictions":false,"min":"0","max":"0","options":[{"label":"Dip\u00f2sit","price":"290","price_type":"flat_fee","image":0,"visibility":true}]},{"name":"CHELO","type":"checkbox","position":0,"required":false,"title_format":"label","default":"","description_enable":false,"description":"","placeholder_enable":false,"placeholder":"","display":"select","restrictions_type":"any_text","adjust_price":false,"price":"","price_type":"flat_fee","restrictions":false,"min":"0","max":"0","options":[{"label":"Corretja Antilliscant","price":"5.00","price_type":"quantity_based","image":0,"visibility":true},{"label":"Faristoll","price":"5.00","price_type":"quantity_based","image":0,"visibility":true},{"label":"Faristol de Qualitat","price":"9.00","price_type":"quantity_based","image":0,"visibility":true},{"label":"Suport de Chelo","price":"10.00","price_type":"quantity_based","image":0,"visibility":true}]}],"acf":{"set_to_be_sold":false,"sale_description":"","sale_price":""},"_links":{"self":[{"href":"https:\/\/shinemusicrental.com\/ca\/wp-json\/wp\/v2\/product\/2718","targetHints":{"allow":["GET"]}}],"collection":[{"href":"https:\/\/shinemusicrental.com\/ca\/wp-json\/wp\/v2\/product"}],"about":[{"href":"https:\/\/shinemusicrental.com\/ca\/wp-json\/wp\/v2\/types\/product"}],"replies":[{"embeddable":true,"href":"https:\/\/shinemusicrental.com\/ca\/wp-json\/wp\/v2\/comments?post=2718"}],"wp:featuredmedia":[{"embeddable":true,"href":"https:\/\/shinemusicrental.com\/ca\/wp-json\/wp\/v2\/media\/2578"}],"wp:attachment":[{"href":"https:\/\/shinemusicrental.com\/ca\/wp-json\/wp\/v2\/media?parent=2718"}],"wp:term":[{"taxonomy":"product_brand","embeddable":true,"href":"https:\/\/shinemusicrental.com\/ca\/wp-json\/wp\/v2\/product_brand?post=2718"},{"taxonomy":"product_cat","embeddable":true,"href":"https:\/\/shinemusicrental.com\/ca\/wp-json\/wp\/v2\/product_cat?post=2718"},{"taxonomy":"product_tag","embeddable":true,"href":"https:\/\/shinemusicrental.com\/ca\/wp-json\/wp\/v2\/product_tag?post=2718"}],"curies":[{"name":"wp","href":"https:\/\/api.w.org\/{rel}","templated":true}]}}