{"id":2692,"date":"2022-11-02T12:21:35","date_gmt":"2022-11-02T10:21:35","guid":{"rendered":"http:\/\/www.shinemusicrental.com\/product\/mackie-mix8-taula-de-mescles\/"},"modified":"2023-03-15T16:27:41","modified_gmt":"2023-03-15T15:27:41","slug":"mackie-mix8-taula-de-mescles","status":"publish","type":"product","link":"https:\/\/shinemusicrental.com\/ca\/product\/mackie-mix8-taula-de-mescles\/","title":{"rendered":"Mackie Mix8 Taula de Mescles"},"content":{"rendered":"<p>El mesclador Mackie Mix8 \u00e9s una alternativa econ\u00f2mica i compacta per a les empreses de lloguer d&#8217;instruments que busquen llogar un mesclador per a esdeveniments i actuacions m\u00e9s petites. Aquest mesclador compta amb 2 entrades de micr\u00f2fon\/l\u00ednia, 2 entrades de l\u00ednia est\u00e8reo i un equalitzador de 2 bandes a tots els canals per a una f\u00e0cil configuraci\u00f3 del so.<\/p>\n<p>El mesclador est\u00e0 dissenyat per proporcionar una operaci\u00f3 fiable i sense complicacions, amb un xass\u00eds met\u00e0l\u00b7lic resistent i components d&#8217;alta qualitat. La mida compacta facilita el seu transport i configuraci\u00f3, mentre que el disseny intu\u00eftiu garanteix que qualsevol persona, fins i tot aquelles amb poca experi\u00e8ncia t\u00e8cnica, pugui manejar sense problemes.<\/p>\n<p>Utilitzar el mesclador Mackie Mix8 \u00e9s com tenir un fidel company per al vostre sistema de so. Pot ser petit, per\u00f2 \u00e9s fiable i sempre hi \u00e9s quan ho necessita, ajudant-lo a aconseguir el so que desitja sense cap problema. Ja sigui que sigui un m\u00fasic buscant un mesclador simple per al proper concert o un planificador d&#8217;esdeveniments buscant una opci\u00f3 de refor\u00e7 de so econ\u00f2mica, el mesclador Mackie Mix8 \u00e9s una opci\u00f3 s\u00f2lida.<\/p>\n<div id=\"gtx-trans\" style=\"position: absolute; left: -168px; top: -0.666666px;\">\n<div class=\"gtx-trans-icon\"><\/div>\n<\/div>\n","protected":false},"excerpt":{"rendered":"<p><strong>Dip\u00f2sit: \u20ac50<\/strong><\/p>\n<div id=\"gtx-trans\" style=\"position: absolute; left: 23px; top: 38.3333px;\">\n<div class=\"gtx-trans-icon\"><\/div>\n<\/div>\n","protected":false},"featured_media":2532,"comment_status":"open","ping_status":"closed","template":"","meta":{"_acf_changed":false,"content-type":""},"product_brand":[],"product_cat":[330,342],"product_tag":[506,508,512,510,514,504,562,462,590,561,464,490,592,558,787,789,790],"class_list":{"0":"post-2692","1":"product","2":"type-product","3":"status-publish","4":"has-post-thumbnail","6":"product_cat-estudi","7":"product_cat-mescladors-i-equips-dj","8":"product_tag-equip-destudi","9":"product_tag-equip-destudi-barcelona","10":"product_tag-equip-destudi-de-lloguer","11":"product_tag-equip-destudi-es","12":"product_tag-equip-destudi-espanya","13":"product_tag-estudi","14":"product_tag-instruments-de-contractacio","15":"product_tag-lloguer-dinstruments","16":"product_tag-lloguer-dinstruments-ca-2","17":"product_tag-lloguer-dinstruments-ca","18":"product_tag-lloguer-dinstruments-barcelona","19":"product_tag-lloguer-dinstruments-barcelona-ca","20":"product_tag-lloguer-dinstruments-espanya-ca","21":"product_tag-lloguer-dinstruments-espanya","22":"product_tag-mixer-ca","23":"product_tag-taula-de-mescles","24":"product_tag-taula-de-mescles-de-lloguer","26":"first","27":"instock","28":"sold-individually","29":"shipping-taxable","30":"purchasable","31":"product-type-booking"},"booking_location":"","booking_location_type":"","booking_duration":1,"booking_duration_unit":"day","booking_buffer":0,"booking_cost":0,"booking_resources":[],"exclude_global_add_ons":false,"addons":[{"name":"Dip\u00f2sit","type":"checkbox","position":0,"required":false,"title_format":"hide","default":"","description_enable":false,"description":"","placeholder_enable":false,"placeholder":"","display":"select","restrictions_type":"any_text","adjust_price":false,"price":"","price_type":"flat_fee","restrictions":false,"min":"0","max":"0","options":[{"label":"Dip\u00f2sit","price":"50","price_type":"flat_fee","image":0,"visibility":true}]},{"name":"ALTAVEUS PA","type":"checkbox","position":0,"required":false,"title_format":"label","default":"","description_enable":false,"description":"","placeholder_enable":false,"placeholder":"","display":"select","restrictions_type":"any_text","adjust_price":false,"price":"","price_type":"flat_fee","restrictions":false,"min":"0","max":"0","options":[{"label":"Cable d'Instrument Jack 1\/4","price":"5.00","price_type":"quantity_based","image":0,"visibility":true},{"label":"Cable XLR","price":"5.00","price_type":"quantity_based","image":0,"visibility":true},{"label":"Taula de Mescles (est\u00e0ndard)","price":"55.00","price_type":"quantity_based","image":0,"visibility":true},{"label":"Suport","price":"19.00","price_type":"quantity_based","image":0,"visibility":true},{"label":"DI Box","price":"5","price_type":"quantity_based","image":0,"visibility":true}]}],"acf":{"set_to_be_sold":false,"sale_description":"","sale_price":""},"_links":{"self":[{"href":"https:\/\/shinemusicrental.com\/ca\/wp-json\/wp\/v2\/product\/2692","targetHints":{"allow":["GET"]}}],"collection":[{"href":"https:\/\/shinemusicrental.com\/ca\/wp-json\/wp\/v2\/product"}],"about":[{"href":"https:\/\/shinemusicrental.com\/ca\/wp-json\/wp\/v2\/types\/product"}],"replies":[{"embeddable":true,"href":"https:\/\/shinemusicrental.com\/ca\/wp-json\/wp\/v2\/comments?post=2692"}],"wp:featuredmedia":[{"embeddable":true,"href":"https:\/\/shinemusicrental.com\/ca\/wp-json\/wp\/v2\/media\/2532"}],"wp:attachment":[{"href":"https:\/\/shinemusicrental.com\/ca\/wp-json\/wp\/v2\/media?parent=2692"}],"wp:term":[{"taxonomy":"product_brand","embeddable":true,"href":"https:\/\/shinemusicrental.com\/ca\/wp-json\/wp\/v2\/product_brand?post=2692"},{"taxonomy":"product_cat","embeddable":true,"href":"https:\/\/shinemusicrental.com\/ca\/wp-json\/wp\/v2\/product_cat?post=2692"},{"taxonomy":"product_tag","embeddable":true,"href":"https:\/\/shinemusicrental.com\/ca\/wp-json\/wp\/v2\/product_tag?post=2692"}],"curies":[{"name":"wp","href":"https:\/\/api.w.org\/{rel}","templated":true}]}}