{"id":26690,"date":"2025-11-20T14:42:47","date_gmt":"2025-11-20T13:42:47","guid":{"rendered":"https:\/\/shinemusicrental.com\/?post_type=product&#038;p=26690"},"modified":"2025-11-20T15:05:32","modified_gmt":"2025-11-20T14:05:32","slug":"komplete-kontrol-a61","status":"publish","type":"product","link":"https:\/\/shinemusicrental.com\/ca\/product\/komplete-kontrol-a61\/","title":{"rendered":"Komplete kontrol A61"},"content":{"rendered":"<p>El\u00a0Native\u00a0Instruments\u00a0Komplete\u00a0Kontrol\u00a0A61 \u00e9s un controlador MIDI de teclat de 61 tecles intel\u00b7ligent i compacte que ofereix una integraci\u00f3 perfecta amb instruments virtuals i\u00a0DAWs. El seu\u00a0keybed\u00a0semi-pesat\u00a0d&#8217;alta qualitat proporciona una sensaci\u00f3 d&#8217;interpretaci\u00f3 expressiva, mentre que el\u00a0encoder\u00a0push\u00a0de 4 direccions i la pantalla OLED faciliten la navegaci\u00f3 r\u00e0pida i sense esfor\u00e7 per milers de\u00a0presets. Amb vuit\u00a0knobs\u00a0sensibles al tacte, rodes de\u00a0pitch\u00a0i modulaci\u00f3, a m\u00e9s de les funcions\u00a0Smart\u00a0Play\u00a0per a escales, concordes i arpegis, pot\u00e8ncia la creativitat tant en compondre com en actuar en viu. Els controls\u00a0pre-mapatges\u00a0per a tots els instruments\u00a0Komplete, centenars de\u00a0plugins\u00a0NKS\u00a0i una integraci\u00f3 profunda amb el transport de\u00a0DAW\u00a0garanteixen un flux de treball optimitzat des del primer moment. Aquest vers\u00e0til controlador est\u00e0 disponible per a llogar a un preu assequible, ideal per a productors que vulguin ampliar el seu\u00a0setup\u00a0sense comprom\u00eds.<\/p>\n","protected":false},"excerpt":{"rendered":"<p>El\u00a0Native\u00a0Instruments\u00a0Komplete\u00a0Kontrol\u00a0A61 \u00e9s un controlador MIDI de teclat de 61 tecles intel\u00b7ligent i compacte que ofereix una integraci\u00f3 perfecta amb instruments virtuals i\u00a0DAWs. El seu\u00a0keybed\u00a0semi-pesat\u00a0d&#8217;alta qualitat proporciona una sensaci\u00f3 d&#8217;interpretaci\u00f3 expressiva, mentre que el\u00a0encoder\u00a0push\u00a0de 4 direccions i la pantalla OLED faciliten la navegaci\u00f3 r\u00e0pida i sense esfor\u00e7 per milers de\u00a0presets.<\/p>\n<div id=\"gtx-trans\" style=\"position: absolute; left: 1404px; top: 38.3333px;\">\n<div class=\"gtx-trans-icon\"><\/div>\n<\/div>\n","protected":false},"featured_media":26696,"comment_status":"open","ping_status":"closed","template":"","meta":{"_acf_changed":false,"content-type":""},"product_brand":[],"product_cat":[132,375],"product_tag":[562,462,590,561,464,490,592,558,478,479,488,482,484,486,923,924],"class_list":{"0":"post-26690","1":"product","2":"type-product","3":"status-publish","4":"has-post-thumbnail","6":"product_cat-instruments-de-teclat","7":"product_cat-teclats-ca","8":"product_tag-instruments-de-contractacio","9":"product_tag-lloguer-dinstruments","10":"product_tag-lloguer-dinstruments-ca-2","11":"product_tag-lloguer-dinstruments-ca","12":"product_tag-lloguer-dinstruments-barcelona","13":"product_tag-lloguer-dinstruments-barcelona-ca","14":"product_tag-lloguer-dinstruments-espanya-ca","15":"product_tag-lloguer-dinstruments-espanya","16":"product_tag-piano-ca","17":"product_tag-piano-es-ca","18":"product_tag-piano-espanya","19":"product_tag-pianos-ca","20":"product_tag-pianos-barcelona-ca","21":"product_tag-pianos-de-lloguer","22":"product_tag-teclat","23":"product_tag-teclat-de-lloguer","25":"first","26":"instock","27":"featured","28":"sold-individually","29":"shipping-taxable","30":"purchasable","31":"product-type-booking"},"booking_location":"","booking_location_type":"","booking_duration":1,"booking_duration_unit":"day","booking_buffer":0,"booking_cost":55,"booking_resources":[],"exclude_global_add_ons":false,"addons":[{"name":"Deposit","type":"checkbox","position":0,"required":true,"title_format":"hide","default":"","description_enable":false,"description":"","placeholder_enable":false,"placeholder":"","display":"select","restrictions_type":"any_text","adjust_price":false,"price":"","price_type":"flat_fee","restrictions":false,"min":"0","max":"0","options":[{"label":"Deposit","price":"450","price_type":"flat_fee","image":0,"visibility":true}]},{"name":"PIANO EL\u00c8CTRIC","type":"checkbox","position":0,"required":true,"title_format":"label","default":"","description_enable":false,"description":"","placeholder_enable":false,"placeholder":"","display":"select","restrictions_type":"any_text","adjust_price":false,"price":"","price_type":"flat_fee","restrictions":false,"min":"0","max":"0","options":[{"label":"Pedal de Sustain de Qualitat","price":"10.00","price_type":"quantity_based","image":0,"visibility":true},{"label":"Suport","price":"10.00","price_type":"quantity_based","image":0,"visibility":true},{"label":"Tamboret de Piano de Qualitat","price":"25.00","price_type":"quantity_based","image":0,"visibility":true},{"label":"Tamboret de Piano","price":"10.00","price_type":"quantity_based","image":0,"visibility":true}]}],"acf":{"set_to_be_sold":false,"sale_description":"","sale_price":""},"_links":{"self":[{"href":"https:\/\/shinemusicrental.com\/ca\/wp-json\/wp\/v2\/product\/26690","targetHints":{"allow":["GET"]}}],"collection":[{"href":"https:\/\/shinemusicrental.com\/ca\/wp-json\/wp\/v2\/product"}],"about":[{"href":"https:\/\/shinemusicrental.com\/ca\/wp-json\/wp\/v2\/types\/product"}],"replies":[{"embeddable":true,"href":"https:\/\/shinemusicrental.com\/ca\/wp-json\/wp\/v2\/comments?post=26690"}],"wp:featuredmedia":[{"embeddable":true,"href":"https:\/\/shinemusicrental.com\/ca\/wp-json\/wp\/v2\/media\/26696"}],"wp:attachment":[{"href":"https:\/\/shinemusicrental.com\/ca\/wp-json\/wp\/v2\/media?parent=26690"}],"wp:term":[{"taxonomy":"product_brand","embeddable":true,"href":"https:\/\/shinemusicrental.com\/ca\/wp-json\/wp\/v2\/product_brand?post=26690"},{"taxonomy":"product_cat","embeddable":true,"href":"https:\/\/shinemusicrental.com\/ca\/wp-json\/wp\/v2\/product_cat?post=26690"},{"taxonomy":"product_tag","embeddable":true,"href":"https:\/\/shinemusicrental.com\/ca\/wp-json\/wp\/v2\/product_tag?post=26690"}],"curies":[{"name":"wp","href":"https:\/\/api.w.org\/{rel}","templated":true}]}}