{"id":26676,"date":"2025-11-18T19:45:14","date_gmt":"2025-11-18T18:45:14","guid":{"rendered":"https:\/\/shinemusicrental.com\/?post_type=product&#038;p=26676"},"modified":"2025-11-18T19:57:30","modified_gmt":"2025-11-18T18:57:30","slug":"universal-audio-volt-2-2","status":"publish","type":"product","link":"https:\/\/shinemusicrental.com\/ca\/product\/universal-audio-volt-2-2\/","title":{"rendered":"Universal Audio Volt 2"},"content":{"rendered":"<p>L&#8217;Universal \u00c0udio Volt 2 \u00e9s una interf\u00edcie d&#8217;\u00e0udio USB 2-in\/2-out\u00a0compacta i alimentada per bus que ofereix qualitat de gravaci\u00f3 professional en un format port\u00e0til. Incorpora dos preamplificadors de micr\u00f2fon\/l\u00ednia d&#8217;alta qualitat amb mode\u00a0Vintage\u00a0commutable, que emula el c\u00e0lid i ric to del llegendari preamplificador de tub UA 610 per a aportar car\u00e0cter addicional a veus i instruments. Gr\u00e0cies als seus convertidors l\u00edders en la seva classe de 24 bits\/192 kHz, connectivitat MIDI I\/O i monitoratge directe sense lat\u00e8ncia, aquesta interf\u00edcie proporciona una claredat i versatilitat excepcionals per a estudis casolans, configuracions m\u00f2bils o podc\u00e0sting. La seva construcci\u00f3 robusta garanteix fiabilitat en qualsevol situaci\u00f3, mentre que la compatibilitat amb\u00a0Mac, PC, iPad i iPhone facilita la seva integraci\u00f3 en qualsevol flux de treball. Llogar el Volt 2 representa una forma assequible d&#8217;accedir al so\u00a0premium\u00a0d&#8217;Universal \u00c0udio sense una gran inversi\u00f3 inicial.<\/p>\n","protected":false},"excerpt":{"rendered":"<p>L&#8217;Universal \u00c0udio Volt 2 \u00e9s una interf\u00edcie d&#8217;\u00e0udio USB 2-in\/2-out\u00a0compacta i alimentada per bus que ofereix qualitat de gravaci\u00f3 professional en un format port\u00e0til. Incorpora dos preamplificadors de micr\u00f2fon\/l\u00ednia d&#8217;alta qualitat amb mode\u00a0Vintage\u00a0commutable, que emula el c\u00e0lid i ric to del llegendari preamplificador de tub UA 610 per a aportar car\u00e0cter addicional a veus i instruments.<\/p>\n<div id=\"gtx-trans\" style=\"position: absolute; left: -17px; top: 38.3333px;\">\n<div class=\"gtx-trans-icon\"><\/div>\n<\/div>\n","protected":false},"featured_media":26680,"comment_status":"open","ping_status":"closed","template":"","meta":{"_acf_changed":false,"content-type":""},"product_brand":[],"product_cat":[330,332],"product_tag":[506,508,512,510,514,504,562,823,824,462,590,561,464,490,592,558],"class_list":{"0":"post-26676","1":"product","2":"type-product","3":"status-publish","4":"has-post-thumbnail","6":"product_cat-estudi","7":"product_cat-interficies-daudio-i-controladors","8":"product_tag-equip-destudi","9":"product_tag-equip-destudi-barcelona","10":"product_tag-equip-destudi-de-lloguer","11":"product_tag-equip-destudi-es","12":"product_tag-equip-destudi-espanya","13":"product_tag-estudi","14":"product_tag-instruments-de-contractacio","15":"product_tag-interficie-daudio","16":"product_tag-interficie-daudio-de-lloguer","17":"product_tag-lloguer-dinstruments","18":"product_tag-lloguer-dinstruments-ca-2","19":"product_tag-lloguer-dinstruments-ca","20":"product_tag-lloguer-dinstruments-barcelona","21":"product_tag-lloguer-dinstruments-barcelona-ca","22":"product_tag-lloguer-dinstruments-espanya-ca","23":"product_tag-lloguer-dinstruments-espanya","25":"first","26":"instock","27":"featured","28":"sold-individually","29":"shipping-taxable","30":"purchasable","31":"product-type-booking"},"booking_location":"","booking_location_type":"","booking_duration":1,"booking_duration_unit":"day","booking_buffer":0,"booking_cost":45,"booking_resources":[],"exclude_global_add_ons":false,"addons":[{"name":"Deposit","type":"checkbox","position":0,"required":true,"title_format":"hide","default":"","description_enable":false,"description":"","placeholder_enable":false,"placeholder":"","display":"select","restrictions_type":"any_text","adjust_price":false,"price":"","price_type":"flat_fee","restrictions":false,"min":"0","max":"0","options":[{"label":"Deposit","price":"450","price_type":"flat_fee","image":0,"visibility":true}]}],"acf":{"set_to_be_sold":false,"sale_description":"","sale_price":""},"_links":{"self":[{"href":"https:\/\/shinemusicrental.com\/ca\/wp-json\/wp\/v2\/product\/26676","targetHints":{"allow":["GET"]}}],"collection":[{"href":"https:\/\/shinemusicrental.com\/ca\/wp-json\/wp\/v2\/product"}],"about":[{"href":"https:\/\/shinemusicrental.com\/ca\/wp-json\/wp\/v2\/types\/product"}],"replies":[{"embeddable":true,"href":"https:\/\/shinemusicrental.com\/ca\/wp-json\/wp\/v2\/comments?post=26676"}],"wp:featuredmedia":[{"embeddable":true,"href":"https:\/\/shinemusicrental.com\/ca\/wp-json\/wp\/v2\/media\/26680"}],"wp:attachment":[{"href":"https:\/\/shinemusicrental.com\/ca\/wp-json\/wp\/v2\/media?parent=26676"}],"wp:term":[{"taxonomy":"product_brand","embeddable":true,"href":"https:\/\/shinemusicrental.com\/ca\/wp-json\/wp\/v2\/product_brand?post=26676"},{"taxonomy":"product_cat","embeddable":true,"href":"https:\/\/shinemusicrental.com\/ca\/wp-json\/wp\/v2\/product_cat?post=26676"},{"taxonomy":"product_tag","embeddable":true,"href":"https:\/\/shinemusicrental.com\/ca\/wp-json\/wp\/v2\/product_tag?post=26676"}],"curies":[{"name":"wp","href":"https:\/\/api.w.org\/{rel}","templated":true}]}}