{"id":26667,"date":"2025-11-18T19:18:34","date_gmt":"2025-11-18T18:18:34","guid":{"rendered":"https:\/\/shinemusicrental.com\/?post_type=product&#038;p=26667"},"modified":"2025-11-18T19:40:18","modified_gmt":"2025-11-18T18:40:18","slug":"jbl-305p-mk2","status":"publish","type":"product","link":"https:\/\/shinemusicrental.com\/ca\/product\/jbl-305p-mk2\/","title":{"rendered":"JBL 305p MK2"},"content":{"rendered":"<p>El JBL 305P MkII \u00e9s un monitor d&#8217;estudi de 5 polzades molt considerat que ofereix un so prec\u00eds i detallat en un paquet compacte i assequible. Amb el control d&#8217;imatge patentat de JBL Waveguide i transductors refinats, proporciona una claredat excepcional, un ampli punt dol\u00e7 i una impressionant extensi\u00f3 de gamma baixa per la seva mida. Les entrades XLR i TRS equilibrades, juntament amb un interruptor EQ de frontera, fan que la integraci\u00f3 en qualsevol espai d&#8217;estudi sigui f\u00e0cil i efica\u00e7. Amb 82 watts de pot\u00e8ncia bi-amplificada i una resposta de freq\u00fc\u00e8ncia a 43 Hz, aquests monitors excel\u00b7leixen en revelar el veritable car\u00e0cter de la seva barreja. Llogar un parell de monitors JBL 305P MkII ofereix una forma econ\u00f2mica d&#8217;experimentar un seguiment de refer\u00e8ncia professional sense el comprom\u00eds complet de compra.<\/p>\n","protected":false},"excerpt":{"rendered":"<p>El JBL 305P MkII \u00e9s un monitor d&#8217;estudi de 5 polzades molt considerat que ofereix un so prec\u00eds i detallat en un paquet compacte i assequible. Amb el control d&#8217;imatge patentat de JBL Waveguide i transductors refinats, proporciona una claredat excepcional, un ampli punt dol\u00e7 i una impressionant extensi\u00f3 de gamma baixa per la seva mida.<\/p>\n<div id=\"gtx-trans\" style=\"position: absolute; left: -97px; top: -10.6667px;\">\n<div class=\"gtx-trans-icon\"><\/div>\n<\/div>\n","protected":false},"featured_media":26670,"comment_status":"open","ping_status":"closed","template":"","meta":{"_acf_changed":false,"content-type":""},"product_brand":[],"product_cat":[330,346],"product_tag":[930,797,506,508,512,510,514,504,562,462,590,561,464,490,592,558],"class_list":{"0":"post-26667","1":"product","2":"type-product","3":"status-publish","4":"has-post-thumbnail","6":"product_cat-estudi","7":"product_cat-altaveus","8":"product_tag-altaveus","9":"product_tag-altaveus-de-lloguer","10":"product_tag-equip-destudi","11":"product_tag-equip-destudi-barcelona","12":"product_tag-equip-destudi-de-lloguer","13":"product_tag-equip-destudi-es","14":"product_tag-equip-destudi-espanya","15":"product_tag-estudi","16":"product_tag-instruments-de-contractacio","17":"product_tag-lloguer-dinstruments","18":"product_tag-lloguer-dinstruments-ca-2","19":"product_tag-lloguer-dinstruments-ca","20":"product_tag-lloguer-dinstruments-barcelona","21":"product_tag-lloguer-dinstruments-barcelona-ca","22":"product_tag-lloguer-dinstruments-espanya-ca","23":"product_tag-lloguer-dinstruments-espanya","25":"first","26":"instock","27":"featured","28":"sold-individually","29":"shipping-taxable","30":"purchasable","31":"product-type-booking"},"booking_location":"","booking_location_type":"","booking_duration":1,"booking_duration_unit":"day","booking_buffer":0,"booking_cost":37,"booking_resources":[],"exclude_global_add_ons":false,"addons":[{"name":"Deposit","type":"checkbox","position":0,"required":true,"title_format":"hide","default":"","description_enable":false,"description":"","placeholder_enable":false,"placeholder":"","display":"select","restrictions_type":"any_text","adjust_price":false,"price":"","price_type":"flat_fee","restrictions":false,"min":"0","max":"0","options":[{"label":"Deposit","price":"450","price_type":"flat_fee","image":0,"visibility":true}]},{"name":"ALTAVEUS PA","type":"checkbox","position":0,"required":false,"title_format":"label","default":"","description_enable":false,"description":"","placeholder_enable":false,"placeholder":"","display":"select","restrictions_type":"any_text","adjust_price":false,"price":"","price_type":"flat_fee","restrictions":false,"min":"0","max":"0","options":[{"label":"Cable d'Instrument Jack 1\/4","price":"5.00","price_type":"quantity_based","image":0,"visibility":true},{"label":"Cable XLR","price":"5.00","price_type":"quantity_based","image":0,"visibility":true},{"label":"Taula de Mescles (est\u00e0ndard)","price":"55.00","price_type":"quantity_based","image":0,"visibility":true},{"label":"Suport","price":"19.00","price_type":"quantity_based","image":0,"visibility":true},{"label":"DI Box","price":"5","price_type":"quantity_based","image":0,"visibility":true}]}],"acf":{"set_to_be_sold":false,"sale_description":"","sale_price":""},"_links":{"self":[{"href":"https:\/\/shinemusicrental.com\/ca\/wp-json\/wp\/v2\/product\/26667","targetHints":{"allow":["GET"]}}],"collection":[{"href":"https:\/\/shinemusicrental.com\/ca\/wp-json\/wp\/v2\/product"}],"about":[{"href":"https:\/\/shinemusicrental.com\/ca\/wp-json\/wp\/v2\/types\/product"}],"replies":[{"embeddable":true,"href":"https:\/\/shinemusicrental.com\/ca\/wp-json\/wp\/v2\/comments?post=26667"}],"wp:featuredmedia":[{"embeddable":true,"href":"https:\/\/shinemusicrental.com\/ca\/wp-json\/wp\/v2\/media\/26670"}],"wp:attachment":[{"href":"https:\/\/shinemusicrental.com\/ca\/wp-json\/wp\/v2\/media?parent=26667"}],"wp:term":[{"taxonomy":"product_brand","embeddable":true,"href":"https:\/\/shinemusicrental.com\/ca\/wp-json\/wp\/v2\/product_brand?post=26667"},{"taxonomy":"product_cat","embeddable":true,"href":"https:\/\/shinemusicrental.com\/ca\/wp-json\/wp\/v2\/product_cat?post=26667"},{"taxonomy":"product_tag","embeddable":true,"href":"https:\/\/shinemusicrental.com\/ca\/wp-json\/wp\/v2\/product_tag?post=26667"}],"curies":[{"name":"wp","href":"https:\/\/api.w.org\/{rel}","templated":true}]}}