{"id":26531,"date":"2025-11-06T19:16:22","date_gmt":"2025-11-06T18:16:22","guid":{"rendered":"https:\/\/shinemusicrental.com\/?post_type=product&#038;p=26531"},"modified":"2025-11-07T16:46:57","modified_gmt":"2025-11-07T15:46:57","slug":"cameo-phantom-f3","status":"publish","type":"product","link":"https:\/\/shinemusicrental.com\/ca\/product\/cameo-phantom-f3\/","title":{"rendered":"Cameo\u00a0Phantom\u00a0F3"},"content":{"rendered":"<p>La Cameo\u00a0Phantom\u00a0F3 M\u00e0quina de Boira \u00e9s un generador de fum professional dissenyat per a escenaris, estudis i esdeveniments en viu. Compta amb un element calefactor d&#8217;alta pot\u00e8ncia que permet una producci\u00f3 constant de boira densa en curts per\u00edodes d&#8217;activaci\u00f3. La unitat inclou control\u00a0DMX\u00a0de 3 o 5 canals, oferint regulaci\u00f3 precisa de sortida, temperatura i temps d&#8217;activaci\u00f3. El seu dip\u00f2sit de fluid t\u00e9 capacitat suficient per a sessions prolongades, mentre que un sistema de bombament integrat garanteix flux uniforme. La carcassa met\u00e0l\u00b7lica resistent facilita la dissipaci\u00f3 de calor i assegura estabilitat estructural. Connectors est\u00e0ndard IEC permeten alimentaci\u00f3 de confian\u00e7a.<\/p>\n","protected":false},"excerpt":{"rendered":"<p>La Cameo\u00a0Phantom\u00a0F3 M\u00e0quina de Boira \u00e9s un generador de fum professional dissenyat per a escenaris, estudis i esdeveniments en viu. Compta amb un element calefactor d&#8217;alta pot\u00e8ncia que permet una producci\u00f3 constant de boira densa en curts per\u00edodes d&#8217;activaci\u00f3.<\/p>\n<div id=\"gtx-trans\" style=\"position: absolute; left: -29px; top: -9.78819px;\">\n<div class=\"gtx-trans-icon\"><\/div>\n<\/div>\n","protected":false},"featured_media":26541,"comment_status":"open","ping_status":"closed","template":"","meta":{"_acf_changed":false,"content-type":""},"product_brand":[],"product_cat":[330,1176],"product_tag":[562,462,590,561,464,490,592,558,978],"class_list":{"0":"post-26531","1":"product","2":"type-product","3":"status-publish","4":"has-post-thumbnail","6":"product_cat-estudi","7":"product_cat-illuminacio-i-escenari","8":"product_tag-instruments-de-contractacio","9":"product_tag-lloguer-dinstruments","10":"product_tag-lloguer-dinstruments-ca-2","11":"product_tag-lloguer-dinstruments-ca","12":"product_tag-lloguer-dinstruments-barcelona","13":"product_tag-lloguer-dinstruments-barcelona-ca","14":"product_tag-lloguer-dinstruments-espanya-ca","15":"product_tag-lloguer-dinstruments-espanya","16":"product_tag-maquina-de-fum","18":"first","19":"instock","20":"sold-individually","21":"shipping-taxable","22":"purchasable","23":"product-type-booking"},"booking_location":"","booking_location_type":"","booking_duration":1,"booking_duration_unit":"day","booking_buffer":0,"booking_cost":0,"booking_resources":[],"exclude_global_add_ons":false,"addons":[{"name":"Deposit","type":"checkbox","position":0,"required":true,"title_format":"hide","default":"","description_enable":false,"description":"","placeholder_enable":false,"placeholder":"","display":"select","restrictions_type":"any_text","adjust_price":false,"price":"","price_type":"flat_fee","restrictions":false,"min":"0","max":"0","options":[{"label":"Deposit","price":"450","price_type":"flat_fee","image":0,"visibility":true}]}],"acf":{"set_to_be_sold":false,"sale_description":"","sale_price":""},"_links":{"self":[{"href":"https:\/\/shinemusicrental.com\/ca\/wp-json\/wp\/v2\/product\/26531","targetHints":{"allow":["GET"]}}],"collection":[{"href":"https:\/\/shinemusicrental.com\/ca\/wp-json\/wp\/v2\/product"}],"about":[{"href":"https:\/\/shinemusicrental.com\/ca\/wp-json\/wp\/v2\/types\/product"}],"replies":[{"embeddable":true,"href":"https:\/\/shinemusicrental.com\/ca\/wp-json\/wp\/v2\/comments?post=26531"}],"wp:featuredmedia":[{"embeddable":true,"href":"https:\/\/shinemusicrental.com\/ca\/wp-json\/wp\/v2\/media\/26541"}],"wp:attachment":[{"href":"https:\/\/shinemusicrental.com\/ca\/wp-json\/wp\/v2\/media?parent=26531"}],"wp:term":[{"taxonomy":"product_brand","embeddable":true,"href":"https:\/\/shinemusicrental.com\/ca\/wp-json\/wp\/v2\/product_brand?post=26531"},{"taxonomy":"product_cat","embeddable":true,"href":"https:\/\/shinemusicrental.com\/ca\/wp-json\/wp\/v2\/product_cat?post=26531"},{"taxonomy":"product_tag","embeddable":true,"href":"https:\/\/shinemusicrental.com\/ca\/wp-json\/wp\/v2\/product_tag?post=26531"}],"curies":[{"name":"wp","href":"https:\/\/api.w.org\/{rel}","templated":true}]}}