{"id":26523,"date":"2025-11-06T18:13:03","date_gmt":"2025-11-06T17:13:03","guid":{"rendered":"https:\/\/shinemusicrental.com\/?post_type=product&#038;p=26523"},"modified":"2025-11-20T15:26:05","modified_gmt":"2025-11-20T14:26:05","slug":"beamz-surtur-ii-double-rg-laser","status":"publish","type":"product","link":"https:\/\/shinemusicrental.com\/ca\/product\/beamz-surtur-ii-double-rg-laser\/","title":{"rendered":"BeamZ Surtur II Double RG Laser"},"content":{"rendered":"<p>El BeamZ Surtur II Double RG \u00e9s un dispositiu d&#8217;il\u00b7luminaci\u00f3 LED RGB de doble barra dissenyat per a entorns d&#8217;escenari i clubs din\u00e0mics. Compta amb dues barres controlables de manera independent, cadascuna amb m\u00faltiples Leds RGB d&#8217;alta intensitat capaces de generar milions de combinacions de color. La unitat \u00e9s compatible amb control DMX, amb canals seleccionables per a programaci\u00f3 avan\u00e7ada i efectes sincronitzats. Els angles d&#8217;inclinaci\u00f3 ajustables permeten posicionar els feixos de llum amb precisi\u00f3, mentre que els programes incorporats ofereixen seq\u00fc\u00e8ncies autom\u00e0tiques de color i moviment. La seva carcassa d&#8217;alumini assegura dissipaci\u00f3 de calor i durabilitat estructural. L&#8217;alimentaci\u00f3 i el senyal es realitzen mitjan\u00e7ant connectors est\u00e0ndard IEC i XLR.<\/p>\n","protected":false},"excerpt":{"rendered":"<p>El BeamZ Surtur II Double RG \u00e9s un dispositiu d&#8217;il\u00b7luminaci\u00f3 LED RGB de doble barra dissenyat per a entorns d&#8217;escenari i clubs din\u00e0mics. Compta amb dues barres controlables de manera independent, cadascuna amb m\u00faltiples Leds RGB d&#8217;alta intensitat capaces de generar milions de combinacions de color<\/p>\n<div id=\"gtx-trans\" style=\"position: absolute; left: -73px; top: -9.78819px;\">\n<div class=\"gtx-trans-icon\"><\/div>\n<\/div>\n","protected":false},"featured_media":26526,"comment_status":"open","ping_status":"closed","template":"","meta":{"_acf_changed":false,"content-type":""},"product_brand":[],"product_cat":[330,1176],"product_tag":[580,562,462,561,590,464,490,558,592,579,554,556],"class_list":{"0":"post-26523","1":"product","2":"type-product","3":"status-publish","4":"has-post-thumbnail","6":"product_cat-estudi","7":"product_cat-illuminacio-i-escenari","8":"product_tag-cap-mobil","9":"product_tag-instruments-de-contractacio","10":"product_tag-lloguer-dinstruments","11":"product_tag-lloguer-dinstruments-ca","12":"product_tag-lloguer-dinstruments-ca-2","13":"product_tag-lloguer-dinstruments-barcelona","14":"product_tag-lloguer-dinstruments-barcelona-ca","15":"product_tag-lloguer-dinstruments-espanya","16":"product_tag-lloguer-dinstruments-espanya-ca","17":"product_tag-llums-ca","18":"product_tag-llums","19":"product_tag-llums-led","21":"first","22":"instock","23":"sold-individually","24":"shipping-taxable","25":"purchasable","26":"product-type-booking"},"booking_location":"","booking_location_type":"","booking_duration":1,"booking_duration_unit":"day","booking_buffer":0,"booking_cost":0,"booking_resources":[],"exclude_global_add_ons":false,"addons":[{"name":"Deposit","type":"checkbox","position":0,"required":true,"title_format":"hide","default":"","description_enable":false,"description":"","placeholder_enable":false,"placeholder":"","display":"select","restrictions_type":"any_text","adjust_price":false,"price":"","price_type":"flat_fee","restrictions":false,"min":"0","max":"0","options":[{"label":"Deposit","price":"450","price_type":"flat_fee","image":0,"visibility":true}]}],"acf":{"set_to_be_sold":false,"sale_description":"","sale_price":""},"_links":{"self":[{"href":"https:\/\/shinemusicrental.com\/ca\/wp-json\/wp\/v2\/product\/26523","targetHints":{"allow":["GET"]}}],"collection":[{"href":"https:\/\/shinemusicrental.com\/ca\/wp-json\/wp\/v2\/product"}],"about":[{"href":"https:\/\/shinemusicrental.com\/ca\/wp-json\/wp\/v2\/types\/product"}],"replies":[{"embeddable":true,"href":"https:\/\/shinemusicrental.com\/ca\/wp-json\/wp\/v2\/comments?post=26523"}],"wp:featuredmedia":[{"embeddable":true,"href":"https:\/\/shinemusicrental.com\/ca\/wp-json\/wp\/v2\/media\/26526"}],"wp:attachment":[{"href":"https:\/\/shinemusicrental.com\/ca\/wp-json\/wp\/v2\/media?parent=26523"}],"wp:term":[{"taxonomy":"product_brand","embeddable":true,"href":"https:\/\/shinemusicrental.com\/ca\/wp-json\/wp\/v2\/product_brand?post=26523"},{"taxonomy":"product_cat","embeddable":true,"href":"https:\/\/shinemusicrental.com\/ca\/wp-json\/wp\/v2\/product_cat?post=26523"},{"taxonomy":"product_tag","embeddable":true,"href":"https:\/\/shinemusicrental.com\/ca\/wp-json\/wp\/v2\/product_tag?post=26523"}],"curies":[{"name":"wp","href":"https:\/\/api.w.org\/{rel}","templated":true}]}}