{"id":26511,"date":"2025-11-06T16:59:47","date_gmt":"2025-11-06T15:59:47","guid":{"rendered":"https:\/\/shinemusicrental.com\/?post_type=product&#038;p=26511"},"modified":"2025-11-06T17:28:25","modified_gmt":"2025-11-06T16:28:25","slug":"palmer-ilm-caixa-di-passiva-simuladora-daltaveu","status":"publish","type":"product","link":"https:\/\/shinemusicrental.com\/ca\/product\/palmer-ilm-caixa-di-passiva-simuladora-daltaveu\/","title":{"rendered":"Palmer ILM Caixa DI passiva simuladora d&#8217;altaveu"},"content":{"rendered":"<p>El Palmer ILM Guitar DI \u00e9s una caixa d&#8217;injecci\u00f3 directa compacta dissenyada per a la transmissi\u00f3 precisa del senyal de guitarres el\u00e8ctriques i ac\u00fastiques cap a consoles de mescla. Compta amb un xass\u00eds met\u00e0l\u00b7lic resistent i un transformador d&#8217;alta qualitat, garantint sortida balancejada amb baix soroll al llarg d&#8217;un ampli rang de freq\u00fc\u00e8ncies. La imped\u00e0ncia d&#8217;entrada est\u00e0 optimitzada per a pastilles passives i actives, preservant claredat tonal i din\u00e0mica. Inclou un interruptor d&#8217;a\u00efllament de terra per a eliminar brunzits i un control d&#8217;atenuaci\u00f3 de nivell per a ajustar el senyal segons diferents entorns d&#8217;escenari o estudi. Les seves connexions de 1\/4&#8243; i XLR permeten opcions d&#8217;encaminament vers\u00e0tils. Instrument Rental pot oferir el Palmer ILM DI per a assajos o presentacions, assegurant \u00e0udio professional consistent.<\/p>\n","protected":false},"excerpt":{"rendered":"<p>El Palmer ILM Guitar DI \u00e9s una caixa d&#8217;injecci\u00f3 directa compacta dissenyada per a la transmissi\u00f3 precisa del senyal de guitarres el\u00e8ctriques i ac\u00fastiques cap a consoles de mescla. Compta amb un xass\u00eds met\u00e0l\u00b7lic resistent i un transformador d&#8217;alta qualitat, garantint sortida balancejada amb baix soroll al llarg d&#8217;un ampli rang de freq\u00fc\u00e8ncies.<\/p>\n<div id=\"gtx-trans\" style=\"position: absolute; left: -161px; top: -9.78819px;\">\n<div class=\"gtx-trans-icon\"><\/div>\n<\/div>\n","protected":false},"featured_media":26515,"comment_status":"open","ping_status":"closed","template":"","meta":{"_acf_changed":false,"content-type":""},"product_brand":[],"product_cat":[176,200,204,330,334,349],"product_tag":[782,528,532,454,456,530,904,506,508,512,510,514,504,568,570,572,564,460,566,562,561,590,462,490,464,592,558,906],"class_list":{"0":"post-26511","1":"product","2":"type-product","3":"status-publish","4":"has-post-thumbnail","6":"product_cat-guitarres-i-baixos","7":"product_cat-amplificadors-de-guitarra","8":"product_cat-processador-i-pedals-defectes-per-a-guitarra","9":"product_cat-estudi","10":"product_cat-cables-i-adaptadors","11":"product_cat-soports-i-accesoris","12":"product_tag-auriculars","13":"product_tag-baixos-barcelona","14":"product_tag-baixos-de-lloguer","15":"product_tag-baixos-electrics","16":"product_tag-baixos-electrics-es","17":"product_tag-baixos-espanya","18":"product_tag-delay-ca","19":"product_tag-equip-destudi","20":"product_tag-equip-destudi-barcelona","21":"product_tag-equip-destudi-de-lloguer","22":"product_tag-equip-destudi-es","23":"product_tag-equip-destudi-espanya","24":"product_tag-estudi","25":"product_tag-guitarra-ca","26":"product_tag-guitarra-barcelona-ca","27":"product_tag-guitarra-de-lloguer","28":"product_tag-guitarra-espanya","29":"product_tag-guitarres","30":"product_tag-guitarres-espanya","31":"product_tag-instruments-de-contractacio","32":"product_tag-lloguer-dinstruments-ca","33":"product_tag-lloguer-dinstruments-ca-2","34":"product_tag-lloguer-dinstruments","35":"product_tag-lloguer-dinstruments-barcelona-ca","36":"product_tag-lloguer-dinstruments-barcelona","37":"product_tag-lloguer-dinstruments-espanya-ca","38":"product_tag-lloguer-dinstruments-espanya","39":"product_tag-pedal-defectes","41":"first","42":"instock","43":"featured","44":"sold-individually","45":"shipping-taxable","46":"purchasable","47":"product-type-booking"},"booking_location":"","booking_location_type":"","booking_duration":1,"booking_duration_unit":"day","booking_buffer":0,"booking_cost":0,"booking_resources":[],"exclude_global_add_ons":false,"addons":[{"name":"Deposit","type":"checkbox","position":0,"required":true,"title_format":"hide","default":"","description_enable":false,"description":"","placeholder_enable":false,"placeholder":"","display":"select","restrictions_type":"any_text","adjust_price":false,"price":"","price_type":"flat_fee","restrictions":false,"min":"0","max":"0","options":[{"label":"Deposit","price":"450","price_type":"flat_fee","image":0,"visibility":true}]},{"name":"Amplificadors (tots)","type":"checkbox","position":0,"required":false,"title_format":"label","default":"","description_enable":false,"description":"","placeholder_enable":false,"placeholder":"","display":"select","restrictions_type":"any_text","adjust_price":false,"price":"","price_type":"flat_fee","restrictions":false,"min":"0","max":"0","options":[{"label":"Cable d'Instrument Jack 1\/4","price":"5.00","price_type":"quantity_based","image":0,"visibility":true},{"label":"DI Box","price":"5.00","price_type":"quantity_based","image":0,"visibility":true}]}],"acf":{"set_to_be_sold":false,"sale_description":"","sale_price":""},"_links":{"self":[{"href":"https:\/\/shinemusicrental.com\/ca\/wp-json\/wp\/v2\/product\/26511","targetHints":{"allow":["GET"]}}],"collection":[{"href":"https:\/\/shinemusicrental.com\/ca\/wp-json\/wp\/v2\/product"}],"about":[{"href":"https:\/\/shinemusicrental.com\/ca\/wp-json\/wp\/v2\/types\/product"}],"replies":[{"embeddable":true,"href":"https:\/\/shinemusicrental.com\/ca\/wp-json\/wp\/v2\/comments?post=26511"}],"wp:featuredmedia":[{"embeddable":true,"href":"https:\/\/shinemusicrental.com\/ca\/wp-json\/wp\/v2\/media\/26515"}],"wp:attachment":[{"href":"https:\/\/shinemusicrental.com\/ca\/wp-json\/wp\/v2\/media?parent=26511"}],"wp:term":[{"taxonomy":"product_brand","embeddable":true,"href":"https:\/\/shinemusicrental.com\/ca\/wp-json\/wp\/v2\/product_brand?post=26511"},{"taxonomy":"product_cat","embeddable":true,"href":"https:\/\/shinemusicrental.com\/ca\/wp-json\/wp\/v2\/product_cat?post=26511"},{"taxonomy":"product_tag","embeddable":true,"href":"https:\/\/shinemusicrental.com\/ca\/wp-json\/wp\/v2\/product_tag?post=26511"}],"curies":[{"name":"wp","href":"https:\/\/api.w.org\/{rel}","templated":true}]}}