{"id":26499,"date":"2025-11-06T15:44:35","date_gmt":"2025-11-06T14:44:35","guid":{"rendered":"https:\/\/shinemusicrental.com\/?post_type=product&#038;p=26499"},"modified":"2025-11-06T16:22:53","modified_gmt":"2025-11-06T15:22:53","slug":"j-michael-tuba","status":"publish","type":"product","link":"https:\/\/shinemusicrental.com\/ca\/product\/j-michael-tuba\/","title":{"rendered":"J. Michael\u00a0Tuba"},"content":{"rendered":"<p>El J. Michael\u00a0Tuba\u00a0Bb\u00a0\u00e9s un instrument de metall dissenyat per a oferir entonaci\u00f3 estable en bandes de concert. Est\u00e0 afinat en\u00a0Bb, proporcionant un registre greu s\u00f2lid. La seva construcci\u00f3 inclou un cos de llaut\u00f3 lacat que garanteix durabilitat durant assajos i presentacions. El calibre mig-gran permet un flux d&#8217;aire eficient mantenint un control prec\u00eds del timbre. El di\u00e0metre de la campana est\u00e0 optimitzat per a una projecci\u00f3 uniforme en conjunts musicals. Les v\u00e0lvules de pist\u00f3 d&#8217;acer inoxidable asseguren un moviment consistent amb m\u00ednim manteniment. El filtre desmuntable facilita la neteja i ajust. Les claus d&#8217;aigua permeten alliberar la humitat acumulada durant sessions prolongades, assegurant un rendiment de confian\u00e7a.<\/p>\n<div id=\"gtx-trans\" style=\"position: absolute; left: 1142px; top: 0.194447px;\">\n<div class=\"gtx-trans-icon\"><\/div>\n<\/div>\n","protected":false},"excerpt":{"rendered":"<p>El J. Michael\u00a0Tuba\u00a0Bb\u00a0\u00e9s un instrument de metall dissenyat per a oferir entonaci\u00f3 estable en bandes de concert. Est\u00e0 afinat en\u00a0Bb, proporcionant un registre greu s\u00f2lid.<\/p>\n","protected":false},"featured_media":26503,"comment_status":"open","ping_status":"closed","template":"","meta":{"_acf_changed":false,"content-type":""},"product_brand":[],"product_cat":[1184,365],"product_tag":[516,562,518,520,524,522,526,462,590,561,464,490,592,558],"class_list":{"0":"post-26499","1":"product","2":"type-product","3":"status-publish","4":"has-post-thumbnail","6":"product_cat-tuba-ca","7":"product_cat-altres-instruments-de-vent","8":"product_tag-instrument-de-vent","9":"product_tag-instruments-de-contractacio","10":"product_tag-instruments-de-vent","11":"product_tag-instruments-de-vent-barcelona","12":"product_tag-instruments-de-vent-de-lloguer","13":"product_tag-instruments-de-vent-es","14":"product_tag-instruments-de-vent-espanya","15":"product_tag-lloguer-dinstruments","16":"product_tag-lloguer-dinstruments-ca-2","17":"product_tag-lloguer-dinstruments-ca","18":"product_tag-lloguer-dinstruments-barcelona","19":"product_tag-lloguer-dinstruments-barcelona-ca","20":"product_tag-lloguer-dinstruments-espanya-ca","21":"product_tag-lloguer-dinstruments-espanya","23":"first","24":"instock","25":"featured","26":"sold-individually","27":"shipping-taxable","28":"purchasable","29":"product-type-booking"},"booking_location":"","booking_location_type":"","booking_duration":1,"booking_duration_unit":"day","booking_buffer":0,"booking_cost":0,"booking_resources":[],"exclude_global_add_ons":false,"addons":[{"name":"Deposit","type":"checkbox","position":0,"required":true,"title_format":"hide","default":"","description_enable":false,"description":"","placeholder_enable":false,"placeholder":"","display":"select","restrictions_type":"any_text","adjust_price":false,"price":"","price_type":"flat_fee","restrictions":false,"min":"0","max":"0","options":[{"label":"Deposit","price":"450","price_type":"flat_fee","image":0,"visibility":true}]}],"acf":{"set_to_be_sold":false,"sale_description":"","sale_price":""},"_links":{"self":[{"href":"https:\/\/shinemusicrental.com\/ca\/wp-json\/wp\/v2\/product\/26499","targetHints":{"allow":["GET"]}}],"collection":[{"href":"https:\/\/shinemusicrental.com\/ca\/wp-json\/wp\/v2\/product"}],"about":[{"href":"https:\/\/shinemusicrental.com\/ca\/wp-json\/wp\/v2\/types\/product"}],"replies":[{"embeddable":true,"href":"https:\/\/shinemusicrental.com\/ca\/wp-json\/wp\/v2\/comments?post=26499"}],"wp:featuredmedia":[{"embeddable":true,"href":"https:\/\/shinemusicrental.com\/ca\/wp-json\/wp\/v2\/media\/26503"}],"wp:attachment":[{"href":"https:\/\/shinemusicrental.com\/ca\/wp-json\/wp\/v2\/media?parent=26499"}],"wp:term":[{"taxonomy":"product_brand","embeddable":true,"href":"https:\/\/shinemusicrental.com\/ca\/wp-json\/wp\/v2\/product_brand?post=26499"},{"taxonomy":"product_cat","embeddable":true,"href":"https:\/\/shinemusicrental.com\/ca\/wp-json\/wp\/v2\/product_cat?post=26499"},{"taxonomy":"product_tag","embeddable":true,"href":"https:\/\/shinemusicrental.com\/ca\/wp-json\/wp\/v2\/product_tag?post=26499"}],"curies":[{"name":"wp","href":"https:\/\/api.w.org\/{rel}","templated":true}]}}