{"id":26490,"date":"2025-11-06T15:24:39","date_gmt":"2025-11-06T14:24:39","guid":{"rendered":"https:\/\/shinemusicrental.com\/?post_type=product&#038;p=26490"},"modified":"2025-11-06T15:42:52","modified_gmt":"2025-11-06T14:42:52","slug":"spd-sx-pro-roland-pad-de-sampleig","status":"publish","type":"product","link":"https:\/\/shinemusicrental.com\/ca\/product\/spd-sx-pro-roland-pad-de-sampleig\/","title":{"rendered":"SPD-Sx Pro Roland Pad de Sampleig"},"content":{"rendered":"<p>El Roland SPD-SX Pro \u00e9s un pad de mostreig professional pensat per a bateries i configuracions de percussi\u00f3 electr\u00f2nica. Disposa de nou zones amb sensibilitat millorada i il\u00b7luminaci\u00f3 LED per garantir una visibilitat adequada en escenaris amb poca llum. Incorpora 32 GB de mem\u00f2ria interna, fet que permet temps de mostreig amplis i diversos kits configurables. La connectivitat inclou sortides est\u00e8reo balancejades, sortides d\u2019\u00e0udio assignables i USB per importar mostres i comunicaci\u00f3 MIDI. La pantalla en color facilita la navegaci\u00f3 per editar, ajustar &#8220;triggerings&#8221; i supervisar el rendiment. Els efectes integrats es poden gestionar en temps real amb controls dedicats. Els serveis d\u2019<strong data-start=\"686\" data-end=\"707\">Instrument Rental<\/strong> poden incloure aquest dispositiu per a necessitats puntuals. Tamb\u00e9 \u00e9s possible <strong data-start=\"787\" data-end=\"808\">Llogar una Percussi\u00f3<\/strong> com l\u2019SPD-SX Pro per utilitzar mostres, loops o senyals sonores en directe o en assaig.<\/p>\n","protected":false},"excerpt":{"rendered":"<p>El Roland SPD-SX Pro \u00e9s un pad de mostreig professional pensat per a bateries i configuracions de percussi\u00f3 electr\u00f2nica. Disposa de nou zones amb sensibilitat millorada i il\u00b7luminaci\u00f3 LED per garantir una visibilitat adequada en escenaris amb poca llum.<\/p>\n<div id=\"gtx-trans\" style=\"position: absolute; left: -208px; top: 38.1007px;\">\n<div class=\"gtx-trans-icon\"><\/div>\n<\/div>\n","protected":false},"featured_media":26493,"comment_status":"open","ping_status":"closed","template":"","meta":{"_acf_changed":false,"content-type":""},"product_brand":[],"product_cat":[161,170,166,172],"product_tag":[551,762,458,544,540,542,538,562,462,464,558,466,467,470,474,471,476,764],"class_list":{"0":"post-26490","1":"product","2":"type-product","3":"status-publish","4":"has-post-thumbnail","6":"product_cat-bateries-i-percussions","7":"product_cat-bateries-electroniques","8":"product_cat-accessoris-per-a-bateries","9":"product_cat-percussions","10":"product_tag-bateria","11":"product_tag-bateria-electronica-ca","12":"product_tag-bateries","13":"product_tag-bateries-barcelona","14":"product_tag-bateries-de-lloguer","15":"product_tag-bateries-es","16":"product_tag-bateries-espanya","17":"product_tag-instruments-de-contractacio","18":"product_tag-lloguer-dinstruments","19":"product_tag-lloguer-dinstruments-barcelona","20":"product_tag-lloguer-dinstruments-espanya","21":"product_tag-percussio","22":"product_tag-percussions-ca","23":"product_tag-percussions-barcelona-ca","24":"product_tag-percussions-de-lloguer","25":"product_tag-percussions-es-ca","26":"product_tag-percussions-espanya","27":"product_tag-roland-ca","29":"first","30":"instock","31":"sold-individually","32":"shipping-taxable","33":"purchasable","34":"product-type-booking"},"booking_location":"","booking_location_type":"","booking_duration":1,"booking_duration_unit":"day","booking_buffer":0,"booking_cost":0,"booking_resources":[],"exclude_global_add_ons":false,"addons":[{"name":"Deposit","type":"checkbox","position":0,"required":true,"title_format":"hide","default":"","description_enable":false,"description":"","placeholder_enable":false,"placeholder":"","display":"select","restrictions_type":"any_text","adjust_price":false,"price":"","price_type":"flat_fee","restrictions":false,"min":"0","max":"0","options":[{"label":"Deposit","price":"450","price_type":"flat_fee","image":0,"visibility":true}]},{"name":"Totes les Bateries ","type":"checkbox","position":0,"required":false,"title_format":"label","default":"","description_enable":false,"description":"","placeholder_enable":false,"placeholder":"","display":"select","restrictions_type":"any_text","adjust_price":false,"price":"","price_type":"flat_fee","restrictions":false,"min":"0","max":"0","options":[{"label":"Baquetes","price":"6.00","price_type":"quantity_based","image":0,"visibility":true},{"label":"Set de Plats","price":"48.00","price_type":"quantity_based","image":0,"visibility":true}]},{"name":"All Percussion","type":"checkbox","position":0,"required":false,"title_format":"label","default":"","description_enable":false,"description":"","placeholder_enable":false,"placeholder":"","display":"select","restrictions_type":"any_text","adjust_price":false,"price":"","price_type":"flat_fee","restrictions":false,"min":"0","max":"0","options":[{"label":"Stand","price":"10","price_type":"quantity_based","image":0,"visibility":true}]}],"acf":{"set_to_be_sold":false,"sale_description":"","sale_price":""},"_links":{"self":[{"href":"https:\/\/shinemusicrental.com\/ca\/wp-json\/wp\/v2\/product\/26490","targetHints":{"allow":["GET"]}}],"collection":[{"href":"https:\/\/shinemusicrental.com\/ca\/wp-json\/wp\/v2\/product"}],"about":[{"href":"https:\/\/shinemusicrental.com\/ca\/wp-json\/wp\/v2\/types\/product"}],"replies":[{"embeddable":true,"href":"https:\/\/shinemusicrental.com\/ca\/wp-json\/wp\/v2\/comments?post=26490"}],"wp:featuredmedia":[{"embeddable":true,"href":"https:\/\/shinemusicrental.com\/ca\/wp-json\/wp\/v2\/media\/26493"}],"wp:attachment":[{"href":"https:\/\/shinemusicrental.com\/ca\/wp-json\/wp\/v2\/media?parent=26490"}],"wp:term":[{"taxonomy":"product_brand","embeddable":true,"href":"https:\/\/shinemusicrental.com\/ca\/wp-json\/wp\/v2\/product_brand?post=26490"},{"taxonomy":"product_cat","embeddable":true,"href":"https:\/\/shinemusicrental.com\/ca\/wp-json\/wp\/v2\/product_cat?post=26490"},{"taxonomy":"product_tag","embeddable":true,"href":"https:\/\/shinemusicrental.com\/ca\/wp-json\/wp\/v2\/product_tag?post=26490"}],"curies":[{"name":"wp","href":"https:\/\/api.w.org\/{rel}","templated":true}]}}