{"id":2278,"date":"2022-10-31T12:35:03","date_gmt":"2022-10-31T10:35:03","guid":{"rendered":"http:\/\/www.shinemusicrental.com\/product\/kawai-es110-piano-digital\/"},"modified":"2023-03-16T16:21:19","modified_gmt":"2023-03-16T15:21:19","slug":"kawai-es110-piano-digital","status":"publish","type":"product","link":"https:\/\/shinemusicrental.com\/ca\/product\/kawai-es110-piano-digital\/","title":{"rendered":"Kawai ES110 Piano Digital"},"content":{"rendered":"<p>El piano digital Kawai ES110 ofereix una alternativa rendible i fiable per a pianistes de tots els nivells. El mecanisme de teclat Responsive Hammer Compact de 88 tecles, juntament amb la tecnologia de so Harmonic Imaging, ofereix una experi\u00e8ncia d&#8217;interpretaci\u00f3 realista i genu\u00efna que emula la sensaci\u00f3 d&#8217;un piano ac\u00fastic. El dispositiu tamb\u00e9 compta amb connectivitat Bluetooth MIDI, cosa que permet als usuaris connectar-lo a una varietat d&#8217;aplicacions i dispositius per facilitar l&#8217;enregistrament i l&#8217;aprenentatge.<\/p>\n<p>Per a les persones que requereixen una soluci\u00f3 de piano a curt termini, ES110 \u00e9s una opci\u00f3 espl\u00e8ndida per al lloguer d&#8217;instruments. El disseny lleuger i compacte el fa port\u00e0til sense esfor\u00e7, mentre que la seva estructura robusta garanteix robustesa i fiabilitat durant l&#8217;\u00fas freq\u00fcent.<\/p>\n<p>Pel que fa a les especificacions t\u00e8cniques, l&#8217;ES110 presenta una polifonia m\u00e0xima de 192 notes, 19 sons d&#8217;instruments incorporats i diversos efectes com a reverberaci\u00f3 i cor. Tamb\u00e9 ve equipat amb un pedal de sustain i un faristol.<\/p>\n<p>Al cap ia la fi, el piano digital Kawai ES110 \u00e9s una selecci\u00f3 fiable per a aquells que busquen una experi\u00e8ncia de piano digital assequible, port\u00e0til i aut\u00e8ntica. \u00c9s com tenir un company musical fiable a la teva disposici\u00f3.<\/p>\n<div id=\"gtx-trans\" style=\"position: absolute; left: -49px; top: 49.4688px;\">\n<div class=\"gtx-trans-icon\"><\/div>\n<\/div>\n","protected":false},"excerpt":{"rendered":"<p><strong>Dip\u00f2sit: \u20ac220<\/strong><\/p>\n<div id=\"gtx-trans\" style=\"position: absolute; left: 15px; top: 38.3333px;\">\n<div class=\"gtx-trans-icon\"><\/div>\n<\/div>\n","protected":false},"featured_media":2269,"comment_status":"open","ping_status":"closed","template":"","meta":{"_acf_changed":false,"content-type":""},"product_brand":[],"product_cat":[132,133],"product_tag":[562,663,462,590,561,464,490,592,558,478,660,479,488,482,484,486],"class_list":{"0":"post-2278","1":"product","2":"type-product","3":"status-publish","4":"has-post-thumbnail","6":"product_cat-instruments-de-teclat","7":"product_cat-pianos-digitals","8":"product_tag-instruments-de-contractacio","9":"product_tag-llogar-piano-digital","10":"product_tag-lloguer-dinstruments","11":"product_tag-lloguer-dinstruments-ca-2","12":"product_tag-lloguer-dinstruments-ca","13":"product_tag-lloguer-dinstruments-barcelona","14":"product_tag-lloguer-dinstruments-barcelona-ca","15":"product_tag-lloguer-dinstruments-espanya-ca","16":"product_tag-lloguer-dinstruments-espanya","17":"product_tag-piano-ca","18":"product_tag-piano-digital-ca","19":"product_tag-piano-es-ca","20":"product_tag-piano-espanya","21":"product_tag-pianos-ca","22":"product_tag-pianos-barcelona-ca","23":"product_tag-pianos-de-lloguer","25":"first","26":"instock","27":"sold-individually","28":"shipping-taxable","29":"purchasable","30":"product-type-booking"},"booking_location":"","booking_location_type":"","booking_duration":1,"booking_duration_unit":"day","booking_buffer":0,"booking_cost":0,"booking_resources":[],"exclude_global_add_ons":false,"addons":[{"name":"Dip\u00f2sit","type":"checkbox","position":0,"required":false,"title_format":"hide","default":"","description_enable":false,"description":"","placeholder_enable":false,"placeholder":"","display":"select","restrictions_type":"any_text","adjust_price":false,"price":"","price_type":"flat_fee","restrictions":false,"min":"0","max":"0","options":[{"label":"Dip\u00f2sit","price":"220","price_type":"flat_fee","image":0,"visibility":true}]},{"name":"PIANO EL\u00c8CTRIC","type":"checkbox","position":0,"required":true,"title_format":"label","default":"","description_enable":false,"description":"","placeholder_enable":false,"placeholder":"","display":"select","restrictions_type":"any_text","adjust_price":false,"price":"","price_type":"flat_fee","restrictions":false,"min":"0","max":"0","options":[{"label":"Pedal de Sustain de Qualitat","price":"10.00","price_type":"quantity_based","image":0,"visibility":true},{"label":"Suport","price":"10.00","price_type":"quantity_based","image":0,"visibility":true},{"label":"Tamboret de Piano de Qualitat","price":"25.00","price_type":"quantity_based","image":0,"visibility":true},{"label":"Tamboret de Piano","price":"10.00","price_type":"quantity_based","image":0,"visibility":true}]}],"acf":{"set_to_be_sold":false,"sale_description":"","sale_price":""},"_links":{"self":[{"href":"https:\/\/shinemusicrental.com\/ca\/wp-json\/wp\/v2\/product\/2278","targetHints":{"allow":["GET"]}}],"collection":[{"href":"https:\/\/shinemusicrental.com\/ca\/wp-json\/wp\/v2\/product"}],"about":[{"href":"https:\/\/shinemusicrental.com\/ca\/wp-json\/wp\/v2\/types\/product"}],"replies":[{"embeddable":true,"href":"https:\/\/shinemusicrental.com\/ca\/wp-json\/wp\/v2\/comments?post=2278"}],"wp:featuredmedia":[{"embeddable":true,"href":"https:\/\/shinemusicrental.com\/ca\/wp-json\/wp\/v2\/media\/2269"}],"wp:attachment":[{"href":"https:\/\/shinemusicrental.com\/ca\/wp-json\/wp\/v2\/media?parent=2278"}],"wp:term":[{"taxonomy":"product_brand","embeddable":true,"href":"https:\/\/shinemusicrental.com\/ca\/wp-json\/wp\/v2\/product_brand?post=2278"},{"taxonomy":"product_cat","embeddable":true,"href":"https:\/\/shinemusicrental.com\/ca\/wp-json\/wp\/v2\/product_cat?post=2278"},{"taxonomy":"product_tag","embeddable":true,"href":"https:\/\/shinemusicrental.com\/ca\/wp-json\/wp\/v2\/product_tag?post=2278"}],"curies":[{"name":"wp","href":"https:\/\/api.w.org\/{rel}","templated":true}]}}