{"id":2271,"date":"2022-10-31T12:32:22","date_gmt":"2022-10-31T10:32:22","guid":{"rendered":"http:\/\/www.shinemusicrental.com\/product\/thomann-dp-33-wh-piano-digital\/"},"modified":"2023-03-21T11:56:20","modified_gmt":"2023-03-21T10:56:20","slug":"thomann-dp-33-wh-piano-digital","status":"publish","type":"product","link":"https:\/\/shinemusicrental.com\/ca\/product\/thomann-dp-33-wh-piano-digital\/","title":{"rendered":"Thomann DP-33 WH Piano Digital"},"content":{"rendered":"<p>El piano digital Thomann DP-33 WH \u00e9s un instrument vers\u00e0til i assequible tant per a principiants com per a m\u00fasics experimentats. Les seves 88 tecles contrapesades ofereixen una aut\u00e8ntica experi\u00e8ncia de tocar el piano, mentre que les seves 16 veus d&#8217;alta qualitat proporcionen una \u00e0mplia gamma de possibilitats expressives. El piano tamb\u00e9 disposa d&#8217;una funci\u00f3 d&#8217;enregistrament integrada, cosa que li permet enregistrar i reproduir les seves interpretacions. La seva mida compacta i disseny lleuger el fan f\u00e0cil de transportar i perfecte per a espais petits. El piano digital Thomann DP-33 WH \u00e9s com un cotxe compacte i fiable, que ofereix un viatge suau i agradable mentre ofereix totes les caracter\u00edstiques i funcions necess\u00e0ries per fer del seu viatge musical un \u00e8xit.<\/p>\n","protected":false},"excerpt":{"rendered":"<p><strong>Dip\u00f2sit: \u20ac180<\/strong><\/p>\n<div id=\"gtx-trans\" style=\"position: absolute; left: 20px; top: 38.3333px;\">\n<div class=\"gtx-trans-icon\"><\/div>\n<\/div>\n","protected":false},"featured_media":2264,"comment_status":"open","ping_status":"closed","template":"","meta":{"_acf_changed":false,"content-type":""},"product_brand":[],"product_cat":[132,133],"product_tag":[562,663,462,590,561,464,490,592,558,478,660,479,488,482,484,486],"class_list":{"0":"post-2271","1":"product","2":"type-product","3":"status-publish","4":"has-post-thumbnail","6":"product_cat-instruments-de-teclat","7":"product_cat-pianos-digitals","8":"product_tag-instruments-de-contractacio","9":"product_tag-llogar-piano-digital","10":"product_tag-lloguer-dinstruments","11":"product_tag-lloguer-dinstruments-ca-2","12":"product_tag-lloguer-dinstruments-ca","13":"product_tag-lloguer-dinstruments-barcelona","14":"product_tag-lloguer-dinstruments-barcelona-ca","15":"product_tag-lloguer-dinstruments-espanya-ca","16":"product_tag-lloguer-dinstruments-espanya","17":"product_tag-piano-ca","18":"product_tag-piano-digital-ca","19":"product_tag-piano-es-ca","20":"product_tag-piano-espanya","21":"product_tag-pianos-ca","22":"product_tag-pianos-barcelona-ca","23":"product_tag-pianos-de-lloguer","25":"first","26":"instock","27":"sold-individually","28":"shipping-taxable","29":"purchasable","30":"product-type-booking"},"booking_location":"","booking_location_type":"","booking_duration":1,"booking_duration_unit":"day","booking_buffer":0,"booking_cost":0,"booking_resources":[],"exclude_global_add_ons":false,"addons":[{"name":"Dip\u00f2sit","type":"checkbox","position":0,"required":false,"title_format":"hide","default":"","description_enable":false,"description":"","placeholder_enable":false,"placeholder":"","display":"select","restrictions_type":"any_text","adjust_price":false,"price":"","price_type":"flat_fee","restrictions":false,"min":"0","max":"0","options":[{"label":"Dip\u00f2sit","price":"180","price_type":"flat_fee","image":0,"visibility":true}]},{"name":"PIANO EL\u00c8CTRIC","type":"checkbox","position":0,"required":true,"title_format":"label","default":"","description_enable":false,"description":"","placeholder_enable":false,"placeholder":"","display":"select","restrictions_type":"any_text","adjust_price":false,"price":"","price_type":"flat_fee","restrictions":false,"min":"0","max":"0","options":[{"label":"Pedal de Sustain de Qualitat","price":"10.00","price_type":"quantity_based","image":0,"visibility":true},{"label":"Suport","price":"10.00","price_type":"quantity_based","image":0,"visibility":true},{"label":"Tamboret de Piano de Qualitat","price":"25.00","price_type":"quantity_based","image":0,"visibility":true},{"label":"Tamboret de Piano","price":"10.00","price_type":"quantity_based","image":0,"visibility":true}]}],"acf":{"set_to_be_sold":false,"sale_description":"","sale_price":""},"_links":{"self":[{"href":"https:\/\/shinemusicrental.com\/ca\/wp-json\/wp\/v2\/product\/2271","targetHints":{"allow":["GET"]}}],"collection":[{"href":"https:\/\/shinemusicrental.com\/ca\/wp-json\/wp\/v2\/product"}],"about":[{"href":"https:\/\/shinemusicrental.com\/ca\/wp-json\/wp\/v2\/types\/product"}],"replies":[{"embeddable":true,"href":"https:\/\/shinemusicrental.com\/ca\/wp-json\/wp\/v2\/comments?post=2271"}],"wp:featuredmedia":[{"embeddable":true,"href":"https:\/\/shinemusicrental.com\/ca\/wp-json\/wp\/v2\/media\/2264"}],"wp:attachment":[{"href":"https:\/\/shinemusicrental.com\/ca\/wp-json\/wp\/v2\/media?parent=2271"}],"wp:term":[{"taxonomy":"product_brand","embeddable":true,"href":"https:\/\/shinemusicrental.com\/ca\/wp-json\/wp\/v2\/product_brand?post=2271"},{"taxonomy":"product_cat","embeddable":true,"href":"https:\/\/shinemusicrental.com\/ca\/wp-json\/wp\/v2\/product_cat?post=2271"},{"taxonomy":"product_tag","embeddable":true,"href":"https:\/\/shinemusicrental.com\/ca\/wp-json\/wp\/v2\/product_tag?post=2271"}],"curies":[{"name":"wp","href":"https:\/\/api.w.org\/{rel}","templated":true}]}}