{"id":2259,"date":"2022-10-31T12:27:18","date_gmt":"2022-10-31T10:27:18","guid":{"rendered":"http:\/\/www.shinemusicrental.com\/product\/casio-cdp-s350-piano-digital\/"},"modified":"2023-03-21T12:31:06","modified_gmt":"2023-03-21T11:31:06","slug":"casio-cdp-s350-piano-digital","status":"publish","type":"product","link":"https:\/\/shinemusicrental.com\/ca\/product\/casio-cdp-s350-piano-digital\/","title":{"rendered":"Casio CDP-S350 Piano Digital"},"content":{"rendered":"<p>El piano digital Casio CDP-S350 \u00e9s un instrument fant\u00e0stic per a aquells que busquen una qualitat de so excepcional i un disseny port\u00e0til. El seu teclat d&#8217;acci\u00f3 de martell graduat de 88 tecles ofereix una experi\u00e8ncia d&#8217;interpretaci\u00f3 aut\u00e8ntica que emula el tacte d&#8217;un piano ac\u00fastic tradicional. A m\u00e9s, el CDP-S350 compta amb una \u00e0mplia gamma de tons, que inclouen 700 sons incorporats i 200 patrons de ritme per triar.<\/p>\n<p>Una de les caracter\u00edstiques m\u00e9s impressionants d&#8217;aquest instrument \u00e9s la seva capacitat per connectar-se a diversos dispositius, inclosos tel\u00e8fons intel\u00b7ligents i ordinadors, la qual cosa el converteix en una excel\u00b7lent opci\u00f3 tant per a principiants com per a professionals. Amb el seu disseny prim i lleuger, \u00e9s f\u00e0cil de transportar a concerts o presentacions.<\/p>\n<p>Si est\u00e0 buscant llogar un piano digital per a la seva pr\u00f2xima presentaci\u00f3 o sessi\u00f3 de pr\u00e0ctica, el Casio CDP-S350 definitivament val la pena considerar. La seva versatilitat, portabilitat i experi\u00e8ncia d&#8217;interpretaci\u00f3 realista el converteixen en una opci\u00f3 s\u00f2lida per a qualsevol pianista.<\/p>\n<div id=\"gtx-trans\" style=\"position: absolute; left: 431px; top: 23.4688px;\">\n<div class=\"gtx-trans-icon\"><\/div>\n<\/div>\n","protected":false},"excerpt":{"rendered":"<p><strong>Dip\u00f2sit: \u20ac190<\/strong><\/p>\n<div id=\"gtx-trans\" style=\"position: absolute; left: 23px; top: 38.3333px;\">\n<div class=\"gtx-trans-icon\"><\/div>\n<\/div>\n","protected":false},"featured_media":2252,"comment_status":"open","ping_status":"closed","template":"","meta":{"_acf_changed":false,"content-type":""},"product_brand":[],"product_cat":[132,133],"product_tag":[562,663,462,590,561,464,490,592,558,478,660,479,488,482,484,486],"class_list":{"0":"post-2259","1":"product","2":"type-product","3":"status-publish","4":"has-post-thumbnail","6":"product_cat-instruments-de-teclat","7":"product_cat-pianos-digitals","8":"product_tag-instruments-de-contractacio","9":"product_tag-llogar-piano-digital","10":"product_tag-lloguer-dinstruments","11":"product_tag-lloguer-dinstruments-ca-2","12":"product_tag-lloguer-dinstruments-ca","13":"product_tag-lloguer-dinstruments-barcelona","14":"product_tag-lloguer-dinstruments-barcelona-ca","15":"product_tag-lloguer-dinstruments-espanya-ca","16":"product_tag-lloguer-dinstruments-espanya","17":"product_tag-piano-ca","18":"product_tag-piano-digital-ca","19":"product_tag-piano-es-ca","20":"product_tag-piano-espanya","21":"product_tag-pianos-ca","22":"product_tag-pianos-barcelona-ca","23":"product_tag-pianos-de-lloguer","25":"first","26":"instock","27":"sold-individually","28":"shipping-taxable","29":"purchasable","30":"product-type-booking"},"booking_location":"","booking_location_type":"","booking_duration":1,"booking_duration_unit":"day","booking_buffer":0,"booking_cost":0,"booking_resources":[],"exclude_global_add_ons":false,"addons":[{"name":"Dip\u00f2sit","type":"checkbox","position":0,"required":false,"title_format":"hide","default":"","description_enable":false,"description":"","placeholder_enable":false,"placeholder":"","display":"select","restrictions_type":"any_text","adjust_price":false,"price":"","price_type":"flat_fee","restrictions":false,"min":"0","max":"0","options":[{"label":"Dip\u00f2sit","price":"190","price_type":"flat_fee","image":0,"visibility":true}]},{"name":"PIANO EL\u00c8CTRIC","type":"checkbox","position":0,"required":true,"title_format":"label","default":"","description_enable":false,"description":"","placeholder_enable":false,"placeholder":"","display":"select","restrictions_type":"any_text","adjust_price":false,"price":"","price_type":"flat_fee","restrictions":false,"min":"0","max":"0","options":[{"label":"Pedal de Sustain de Qualitat","price":"10.00","price_type":"quantity_based","image":0,"visibility":true},{"label":"Suport","price":"10.00","price_type":"quantity_based","image":0,"visibility":true},{"label":"Tamboret de Piano de Qualitat","price":"25.00","price_type":"quantity_based","image":0,"visibility":true},{"label":"Tamboret de Piano","price":"10.00","price_type":"quantity_based","image":0,"visibility":true}]}],"acf":{"set_to_be_sold":false,"sale_description":"","sale_price":""},"_links":{"self":[{"href":"https:\/\/shinemusicrental.com\/ca\/wp-json\/wp\/v2\/product\/2259","targetHints":{"allow":["GET"]}}],"collection":[{"href":"https:\/\/shinemusicrental.com\/ca\/wp-json\/wp\/v2\/product"}],"about":[{"href":"https:\/\/shinemusicrental.com\/ca\/wp-json\/wp\/v2\/types\/product"}],"replies":[{"embeddable":true,"href":"https:\/\/shinemusicrental.com\/ca\/wp-json\/wp\/v2\/comments?post=2259"}],"wp:featuredmedia":[{"embeddable":true,"href":"https:\/\/shinemusicrental.com\/ca\/wp-json\/wp\/v2\/media\/2252"}],"wp:attachment":[{"href":"https:\/\/shinemusicrental.com\/ca\/wp-json\/wp\/v2\/media?parent=2259"}],"wp:term":[{"taxonomy":"product_brand","embeddable":true,"href":"https:\/\/shinemusicrental.com\/ca\/wp-json\/wp\/v2\/product_brand?post=2259"},{"taxonomy":"product_cat","embeddable":true,"href":"https:\/\/shinemusicrental.com\/ca\/wp-json\/wp\/v2\/product_cat?post=2259"},{"taxonomy":"product_tag","embeddable":true,"href":"https:\/\/shinemusicrental.com\/ca\/wp-json\/wp\/v2\/product_tag?post=2259"}],"curies":[{"name":"wp","href":"https:\/\/api.w.org\/{rel}","templated":true}]}}