{"id":2247,"date":"2022-10-31T12:20:19","date_gmt":"2022-10-31T10:20:19","guid":{"rendered":"http:\/\/www.shinemusicrental.com\/product\/kandu-mini-caixo\/"},"modified":"2022-10-31T12:26:28","modified_gmt":"2022-10-31T10:26:28","slug":"kandu-mini-caixo","status":"publish","type":"product","link":"https:\/\/shinemusicrental.com\/ca\/product\/kandu-mini-caixo\/","title":{"rendered":"Kand\u00fa Mini Caix\u00f3"},"content":{"rendered":"<p>Aquest Mini Caic\u00f3 de Kand\u00fa est\u00e0 format per una caixa 2 tons amb so \u00e8tnic d\u2019alta qualitat constru\u00eft a partir de contraxapat de bedoll fin\u00e8s sostenible, ultra dens i seleccionat a m\u00e0, completament fabricat i verificat de qualitat per nosaltres; t\u00e9 dos costats de percussi\u00f3 \u00fanics, un que ofereix un parany alta i n\u00edtida l\u2019altre un so \u00e8tnic natural clar i net.<\/p>\n","protected":false},"excerpt":{"rendered":"<p><strong>Dip\u00f2sit: \u20ac20<\/strong><\/p>\n<div id=\"gtx-trans\" style=\"position: absolute; left: 14px; top: -10.6667px;\">\n<div class=\"gtx-trans-icon\"><\/div>\n<\/div>\n","protected":false},"featured_media":2234,"comment_status":"open","ping_status":"closed","template":"","meta":{"_acf_changed":false,"content-type":""},"product_brand":[],"product_cat":[161,172],"product_tag":[551,458,544,540,542,538,767,915,562,561,462,590,464,490,592,558,466,467,470,474,471,476],"class_list":{"0":"post-2247","1":"product","2":"type-product","3":"status-publish","4":"has-post-thumbnail","6":"product_cat-bateries-i-percussions","7":"product_cat-percussions","8":"product_tag-bateria","9":"product_tag-bateries","10":"product_tag-bateries-barcelona","11":"product_tag-bateries-de-lloguer","12":"product_tag-bateries-es","13":"product_tag-bateries-espanya","14":"product_tag-caixo","15":"product_tag-caixo-de-lloguer","16":"product_tag-instruments-de-contractacio","17":"product_tag-lloguer-dinstruments-ca","18":"product_tag-lloguer-dinstruments","19":"product_tag-lloguer-dinstruments-ca-2","20":"product_tag-lloguer-dinstruments-barcelona","21":"product_tag-lloguer-dinstruments-barcelona-ca","22":"product_tag-lloguer-dinstruments-espanya-ca","23":"product_tag-lloguer-dinstruments-espanya","24":"product_tag-percussio","25":"product_tag-percussions-ca","26":"product_tag-percussions-barcelona-ca","27":"product_tag-percussions-de-lloguer","28":"product_tag-percussions-es-ca","29":"product_tag-percussions-espanya","31":"first","32":"instock","33":"sold-individually","34":"shipping-taxable","35":"purchasable","36":"product-type-booking"},"booking_location":"","booking_location_type":"","booking_duration":1,"booking_duration_unit":"day","booking_buffer":0,"booking_cost":0,"booking_resources":[],"exclude_global_add_ons":false,"addons":[{"name":"Dip\u00f2sit","type":"checkbox","position":0,"required":false,"title_format":"hide","default":"","description_enable":false,"description":"","placeholder_enable":false,"placeholder":"","display":"select","restrictions_type":"any_text","adjust_price":false,"price":"","price_type":"flat_fee","restrictions":false,"min":"0","max":"0","options":[{"label":"Dip\u00f2sit","price":"20","price_type":"flat_fee","image":0,"visibility":true}]},{"name":"Totes les Bateries ","type":"checkbox","position":0,"required":false,"title_format":"label","default":"","description_enable":false,"description":"","placeholder_enable":false,"placeholder":"","display":"select","restrictions_type":"any_text","adjust_price":false,"price":"","price_type":"flat_fee","restrictions":false,"min":"0","max":"0","options":[{"label":"Baquetes","price":"6.00","price_type":"quantity_based","image":0,"visibility":true},{"label":"Set de Plats","price":"48.00","price_type":"quantity_based","image":0,"visibility":true}]},{"name":"All Percussion","type":"checkbox","position":0,"required":false,"title_format":"label","default":"","description_enable":false,"description":"","placeholder_enable":false,"placeholder":"","display":"select","restrictions_type":"any_text","adjust_price":false,"price":"","price_type":"flat_fee","restrictions":false,"min":"0","max":"0","options":[{"label":"Stand","price":"10","price_type":"quantity_based","image":0,"visibility":true}]}],"acf":{"set_to_be_sold":false,"sale_description":"","sale_price":""},"_links":{"self":[{"href":"https:\/\/shinemusicrental.com\/ca\/wp-json\/wp\/v2\/product\/2247","targetHints":{"allow":["GET"]}}],"collection":[{"href":"https:\/\/shinemusicrental.com\/ca\/wp-json\/wp\/v2\/product"}],"about":[{"href":"https:\/\/shinemusicrental.com\/ca\/wp-json\/wp\/v2\/types\/product"}],"replies":[{"embeddable":true,"href":"https:\/\/shinemusicrental.com\/ca\/wp-json\/wp\/v2\/comments?post=2247"}],"wp:featuredmedia":[{"embeddable":true,"href":"https:\/\/shinemusicrental.com\/ca\/wp-json\/wp\/v2\/media\/2234"}],"wp:attachment":[{"href":"https:\/\/shinemusicrental.com\/ca\/wp-json\/wp\/v2\/media?parent=2247"}],"wp:term":[{"taxonomy":"product_brand","embeddable":true,"href":"https:\/\/shinemusicrental.com\/ca\/wp-json\/wp\/v2\/product_brand?post=2247"},{"taxonomy":"product_cat","embeddable":true,"href":"https:\/\/shinemusicrental.com\/ca\/wp-json\/wp\/v2\/product_cat?post=2247"},{"taxonomy":"product_tag","embeddable":true,"href":"https:\/\/shinemusicrental.com\/ca\/wp-json\/wp\/v2\/product_tag?post=2247"}],"curies":[{"name":"wp","href":"https:\/\/api.w.org\/{rel}","templated":true}]}}