{"id":2223,"date":"2022-10-31T12:10:27","date_gmt":"2022-10-31T10:10:27","guid":{"rendered":"http:\/\/www.shinemusicrental.com\/product\/boss-katana-artist-amplificador-de-guitarra\/"},"modified":"2023-03-16T15:01:59","modified_gmt":"2023-03-16T14:01:59","slug":"boss-katana-artist-amplificador-de-guitarra","status":"publish","type":"product","link":"https:\/\/shinemusicrental.com\/ca\/product\/boss-katana-artist-amplificador-de-guitarra\/","title":{"rendered":"Boss Katana Artist Amplificador de Guitarra"},"content":{"rendered":"<p>L&#8217;amplificador de guitarra Boss Katana Artist \u00e9s una aut\u00e8ntica for\u00e7a de la natura en el m\u00f3n de l&#8217;amplificaci\u00f3 de guitarra, proporcionant un excel\u00b7lent to i versatilitat per a qualsevol m\u00fasic. Amb una pot\u00e8ncia de sortida de fins a 100 watts, aquest amplificador pot manejar qualsevol lloc, des de petites sales de concert fins a grans sales de concerts. Compta amb cinc personatges \u00fanics d&#8217;amplificador i m\u00e9s de 60 efectes, incloent distorsi\u00f3, retard i reverberaci\u00f3, permetent als m\u00fasics crear el seu propi so distintiu.<\/p>\n<p>Aquest amplificador de guitarra \u00e9s una excel\u00b7lent opci\u00f3 per a aquells que busquen el lloguer d&#8217;instruments, proporcionant una soluci\u00f3 tot en un per a qualsevol guitarrista. La seva construcci\u00f3 s\u00f2lida i la seva interf\u00edcie intuitiva el fan f\u00e0cil d&#8217;utilitzar, mentre que les seves caracter\u00edstiques avan\u00e7ades el converteixen en una excel\u00b7lent opci\u00f3 per a m\u00fasics professionals. Amb el Boss Katana Artist Guitar Amp, els m\u00fasics poden alliberar el seu heroi interior de la guitarra i tocar com mai abans, com un surfista cabalgant la ona perfecta.<\/p>\n<div id=\"gtx-trans\" style=\"position: absolute; left: -15px; top: -0.53125px;\">\n<div class=\"gtx-trans-icon\"><\/div>\n<\/div>\n","protected":false},"excerpt":{"rendered":"<p><strong>Dip\u00f2sit: \u20ac200<\/strong><\/p>\n<div id=\"gtx-trans\" style=\"position: absolute; left: 18px; top: -10.6667px;\">\n<div class=\"gtx-trans-icon\"><\/div>\n<\/div>\n","protected":false},"featured_media":2216,"comment_status":"open","ping_status":"closed","template":"","meta":{"_acf_changed":false,"content-type":""},"product_brand":[],"product_cat":[176,200],"product_tag":[681,683,951,568,570,572,564,460,566,562,561,462,590,464,490,592,558],"class_list":{"0":"post-2223","1":"product","2":"type-product","3":"status-publish","4":"has-post-thumbnail","6":"product_cat-guitarres-i-baixos","7":"product_cat-amplificadors-de-guitarra","8":"product_tag-amplificador-ca","9":"product_tag-amplificador-de-guitarra-ca","10":"product_tag-amplificador-fender-ca","11":"product_tag-guitarra-ca","12":"product_tag-guitarra-barcelona-ca","13":"product_tag-guitarra-de-lloguer","14":"product_tag-guitarra-espanya","15":"product_tag-guitarres","16":"product_tag-guitarres-espanya","17":"product_tag-instruments-de-contractacio","18":"product_tag-lloguer-dinstruments-ca","19":"product_tag-lloguer-dinstruments","20":"product_tag-lloguer-dinstruments-ca-2","21":"product_tag-lloguer-dinstruments-barcelona","22":"product_tag-lloguer-dinstruments-barcelona-ca","23":"product_tag-lloguer-dinstruments-espanya-ca","24":"product_tag-lloguer-dinstruments-espanya","26":"first","27":"instock","28":"sold-individually","29":"shipping-taxable","30":"purchasable","31":"product-type-booking"},"booking_location":"","booking_location_type":"","booking_duration":1,"booking_duration_unit":"day","booking_buffer":0,"booking_cost":0,"booking_resources":[],"exclude_global_add_ons":false,"addons":[{"name":"Dip\u00f2sit","type":"checkbox","position":0,"required":false,"title_format":"hide","default":"","description_enable":false,"description":"","placeholder_enable":false,"placeholder":"","display":"select","restrictions_type":"any_text","adjust_price":false,"price":"","price_type":"flat_fee","restrictions":false,"min":"0","max":"0","options":[{"label":"Dip\u00f2sit","price":"200","price_type":"flat_fee","image":0,"visibility":true}]},{"name":"Amplificadors (tots)","type":"checkbox","position":0,"required":false,"title_format":"label","default":"","description_enable":false,"description":"","placeholder_enable":false,"placeholder":"","display":"select","restrictions_type":"any_text","adjust_price":false,"price":"","price_type":"flat_fee","restrictions":false,"min":"0","max":"0","options":[{"label":"Cable d'Instrument Jack 1\/4","price":"5.00","price_type":"quantity_based","image":0,"visibility":true},{"label":"DI Box","price":"5.00","price_type":"quantity_based","image":0,"visibility":true}]}],"acf":{"set_to_be_sold":false,"sale_description":"","sale_price":""},"_links":{"self":[{"href":"https:\/\/shinemusicrental.com\/ca\/wp-json\/wp\/v2\/product\/2223","targetHints":{"allow":["GET"]}}],"collection":[{"href":"https:\/\/shinemusicrental.com\/ca\/wp-json\/wp\/v2\/product"}],"about":[{"href":"https:\/\/shinemusicrental.com\/ca\/wp-json\/wp\/v2\/types\/product"}],"replies":[{"embeddable":true,"href":"https:\/\/shinemusicrental.com\/ca\/wp-json\/wp\/v2\/comments?post=2223"}],"wp:featuredmedia":[{"embeddable":true,"href":"https:\/\/shinemusicrental.com\/ca\/wp-json\/wp\/v2\/media\/2216"}],"wp:attachment":[{"href":"https:\/\/shinemusicrental.com\/ca\/wp-json\/wp\/v2\/media?parent=2223"}],"wp:term":[{"taxonomy":"product_brand","embeddable":true,"href":"https:\/\/shinemusicrental.com\/ca\/wp-json\/wp\/v2\/product_brand?post=2223"},{"taxonomy":"product_cat","embeddable":true,"href":"https:\/\/shinemusicrental.com\/ca\/wp-json\/wp\/v2\/product_cat?post=2223"},{"taxonomy":"product_tag","embeddable":true,"href":"https:\/\/shinemusicrental.com\/ca\/wp-json\/wp\/v2\/product_tag?post=2223"}],"curies":[{"name":"wp","href":"https:\/\/api.w.org\/{rel}","templated":true}]}}