{"id":2187,"date":"2022-10-31T11:48:58","date_gmt":"2022-10-31T09:48:58","guid":{"rendered":"http:\/\/www.shinemusicrental.com\/product\/roland-gopiano88-piano-digital\/"},"modified":"2023-03-16T15:29:30","modified_gmt":"2023-03-16T14:29:30","slug":"roland-gopiano88-piano-digital","status":"publish","type":"product","link":"https:\/\/shinemusicrental.com\/ca\/product\/roland-gopiano88-piano-digital\/","title":{"rendered":"Roland Go:Piano88 Piano Digital"},"content":{"rendered":"<p>El piano digital Roland Go:Piano88 \u00e9s un instrument musical d&#8217;\u00faltima generaci\u00f3 que satisf\u00e0 tant principiants com m\u00fasics experimentats. Amb 88 tecles de mida completa que simulen la sensaci\u00f3 t\u00e0ctil de l&#8217;ivori, aquest piano digital ofereix una experi\u00e8ncia d&#8217;interpretaci\u00f3 inigualable que \u00e9s insuperable. Gr\u00e0cies a la seva connectivitat Bluetooth, s&#8217;integra a la perfecci\u00f3 amb els dispositius m\u00f2bils, cosa que \u00e9s perfecta per als m\u00fasics que sempre estan en moviment. Els altaveus integrats s\u00f3n robustos i l\u00facids, generant un so ric i complet que \u00e9s excel\u00b7lent tant per a assajos com per a presentacions en viu.<\/p>\n<p>A m\u00e9s, a m\u00e9s de la seva excel\u00b7lent qualitat d&#8217;\u00e0udio, el piano digital Roland Go:Piano88 tamb\u00e9 \u00e9s una alternativa fant\u00e0stica per als que volen llogar un instrument. El seu disseny lleuger i compacte fa que sigui f\u00e0cil de transportar als espectacles i sessions de pr\u00e0ctica, mentre que el seu funcionament amb bateria elimina la necessitat d&#8217;una font d&#8217;alimentaci\u00f3 externa, cosa que li permet fer-lo servir a qualsevol lloc. En definitiva, el piano digital Roland Go:Piano88 \u00e9s un instrument fiable i adaptable que satisf\u00e0 les necessitats dels m\u00fasics exigents que nom\u00e9s exigeixen el millor.<\/p>\n<div id=\"gtx-trans\" style=\"position: absolute; left: 1181px; top: -0.53125px;\">\n<div class=\"gtx-trans-icon\"><\/div>\n<\/div>\n","protected":false},"excerpt":{"rendered":"<p><strong>Dip\u00f2sit: \u20ac160<\/strong><\/p>\n<div id=\"gtx-trans\" style=\"position: absolute; left: 34px; top: 38.3333px;\">\n<div class=\"gtx-trans-icon\"><\/div>\n<\/div>\n","protected":false},"featured_media":2179,"comment_status":"open","ping_status":"closed","template":"","meta":{"_acf_changed":false,"content-type":""},"product_brand":[],"product_cat":[132,133],"product_tag":[562,663,462,590,561,464,490,592,558,478,660,479,488,482,484,486],"class_list":{"0":"post-2187","1":"product","2":"type-product","3":"status-publish","4":"has-post-thumbnail","6":"product_cat-instruments-de-teclat","7":"product_cat-pianos-digitals","8":"product_tag-instruments-de-contractacio","9":"product_tag-llogar-piano-digital","10":"product_tag-lloguer-dinstruments","11":"product_tag-lloguer-dinstruments-ca-2","12":"product_tag-lloguer-dinstruments-ca","13":"product_tag-lloguer-dinstruments-barcelona","14":"product_tag-lloguer-dinstruments-barcelona-ca","15":"product_tag-lloguer-dinstruments-espanya-ca","16":"product_tag-lloguer-dinstruments-espanya","17":"product_tag-piano-ca","18":"product_tag-piano-digital-ca","19":"product_tag-piano-es-ca","20":"product_tag-piano-espanya","21":"product_tag-pianos-ca","22":"product_tag-pianos-barcelona-ca","23":"product_tag-pianos-de-lloguer","25":"first","26":"instock","27":"sold-individually","28":"shipping-taxable","29":"purchasable","30":"product-type-booking"},"booking_location":"","booking_location_type":"","booking_duration":1,"booking_duration_unit":"day","booking_buffer":0,"booking_cost":0,"booking_resources":[],"exclude_global_add_ons":false,"addons":[{"name":"Dip\u00f2sit","type":"checkbox","position":0,"required":false,"title_format":"hide","default":"","description_enable":false,"description":"","placeholder_enable":false,"placeholder":"","display":"select","restrictions_type":"any_text","adjust_price":false,"price":"","price_type":"flat_fee","restrictions":false,"min":"0","max":"0","options":[{"label":"Dip\u00f2sit","price":"160","price_type":"flat_fee","image":0,"visibility":true}]},{"name":"PIANO EL\u00c8CTRIC","type":"checkbox","position":0,"required":true,"title_format":"label","default":"","description_enable":false,"description":"","placeholder_enable":false,"placeholder":"","display":"select","restrictions_type":"any_text","adjust_price":false,"price":"","price_type":"flat_fee","restrictions":false,"min":"0","max":"0","options":[{"label":"Pedal de Sustain de Qualitat","price":"10.00","price_type":"quantity_based","image":0,"visibility":true},{"label":"Suport","price":"10.00","price_type":"quantity_based","image":0,"visibility":true},{"label":"Tamboret de Piano de Qualitat","price":"25.00","price_type":"quantity_based","image":0,"visibility":true},{"label":"Tamboret de Piano","price":"10.00","price_type":"quantity_based","image":0,"visibility":true}]}],"acf":{"set_to_be_sold":false,"sale_description":"","sale_price":""},"_links":{"self":[{"href":"https:\/\/shinemusicrental.com\/ca\/wp-json\/wp\/v2\/product\/2187","targetHints":{"allow":["GET"]}}],"collection":[{"href":"https:\/\/shinemusicrental.com\/ca\/wp-json\/wp\/v2\/product"}],"about":[{"href":"https:\/\/shinemusicrental.com\/ca\/wp-json\/wp\/v2\/types\/product"}],"replies":[{"embeddable":true,"href":"https:\/\/shinemusicrental.com\/ca\/wp-json\/wp\/v2\/comments?post=2187"}],"wp:featuredmedia":[{"embeddable":true,"href":"https:\/\/shinemusicrental.com\/ca\/wp-json\/wp\/v2\/media\/2179"}],"wp:attachment":[{"href":"https:\/\/shinemusicrental.com\/ca\/wp-json\/wp\/v2\/media?parent=2187"}],"wp:term":[{"taxonomy":"product_brand","embeddable":true,"href":"https:\/\/shinemusicrental.com\/ca\/wp-json\/wp\/v2\/product_brand?post=2187"},{"taxonomy":"product_cat","embeddable":true,"href":"https:\/\/shinemusicrental.com\/ca\/wp-json\/wp\/v2\/product_cat?post=2187"},{"taxonomy":"product_tag","embeddable":true,"href":"https:\/\/shinemusicrental.com\/ca\/wp-json\/wp\/v2\/product_tag?post=2187"}],"curies":[{"name":"wp","href":"https:\/\/api.w.org\/{rel}","templated":true}]}}