{"id":2181,"date":"2022-10-31T11:45:17","date_gmt":"2022-10-31T09:45:17","guid":{"rendered":"http:\/\/www.shinemusicrental.com\/product\/roland-fp-10-piano-digital\/"},"modified":"2023-03-16T16:13:47","modified_gmt":"2023-03-16T15:13:47","slug":"roland-fp-10-piano-digital","status":"publish","type":"product","link":"https:\/\/shinemusicrental.com\/ca\/product\/roland-fp-10-piano-digital\/","title":{"rendered":"Roland FP-10 Piano Digital"},"content":{"rendered":"<p>El Piano Digital Roland FP-10 \u00e9s un instrument potent i vers\u00e0til adequat tant per a principiants com a m\u00fasics experimentats. El seu disseny compacte i lleuger el fa f\u00e0cil de transportar i emmagatzemar. El teclat compta amb 88 tecles amb el reconegut teclat est\u00e0ndard PHA-4 de Roland, que reprodueix la sensaci\u00f3 d&#8217;un piano ac\u00fastic. T\u00e9 una polifonia m\u00e0xima de 96 notes, que proporciona un so ric i complet. El FP-10 inclou 15 sons predefinits, incloent-hi el piano de cua, el piano el\u00e8ctric i les cordes, tots amb efectes personalitzables. Tamb\u00e9 compta amb connectivitat Bluetooth, que permet una integraci\u00f3 perfecta amb diversos dispositius. El piano t\u00e9 una caracter\u00edstica d&#8217;acci\u00f3 de martell din\u00e0mic que respon al tacte de l&#8217;int\u00e8rpret, donant-li un so \u00fanic i expressiu. Per a aquells que desitgin provar-lo, llogar un piano digital podria ser una bona opci\u00f3.<\/p>\n<div id=\"gtx-trans\" style=\"position: absolute; left: -52px; top: 49.4688px;\">\n<div class=\"gtx-trans-icon\"><\/div>\n<\/div>\n","protected":false},"excerpt":{"rendered":"<p><strong>Dip\u00f2sit: \u20ac170<\/strong><\/p>\n<div id=\"gtx-trans\" style=\"position: absolute; left: 28px; top: -10.6667px;\">\n<div class=\"gtx-trans-icon\"><\/div>\n<\/div>\n","protected":false},"featured_media":2171,"comment_status":"open","ping_status":"closed","template":"","meta":{"_acf_changed":false,"content-type":""},"product_brand":[],"product_cat":[132,133],"product_tag":[562,663,462,590,561,464,490,592,558,478,660,479,488,482,484,486],"class_list":{"0":"post-2181","1":"product","2":"type-product","3":"status-publish","4":"has-post-thumbnail","6":"product_cat-instruments-de-teclat","7":"product_cat-pianos-digitals","8":"product_tag-instruments-de-contractacio","9":"product_tag-llogar-piano-digital","10":"product_tag-lloguer-dinstruments","11":"product_tag-lloguer-dinstruments-ca-2","12":"product_tag-lloguer-dinstruments-ca","13":"product_tag-lloguer-dinstruments-barcelona","14":"product_tag-lloguer-dinstruments-barcelona-ca","15":"product_tag-lloguer-dinstruments-espanya-ca","16":"product_tag-lloguer-dinstruments-espanya","17":"product_tag-piano-ca","18":"product_tag-piano-digital-ca","19":"product_tag-piano-es-ca","20":"product_tag-piano-espanya","21":"product_tag-pianos-ca","22":"product_tag-pianos-barcelona-ca","23":"product_tag-pianos-de-lloguer","25":"first","26":"instock","27":"sold-individually","28":"shipping-taxable","29":"purchasable","30":"product-type-booking"},"booking_location":"","booking_location_type":"","booking_duration":1,"booking_duration_unit":"day","booking_buffer":0,"booking_cost":0,"booking_resources":[],"exclude_global_add_ons":false,"addons":[{"name":"Dip\u00f2sit","type":"checkbox","position":0,"required":false,"title_format":"hide","default":"","description_enable":false,"description":"","placeholder_enable":false,"placeholder":"","display":"select","restrictions_type":"any_text","adjust_price":false,"price":"","price_type":"flat_fee","restrictions":false,"min":"0","max":"0","options":[{"label":"Dip\u00f2sit","price":"170","price_type":"flat_fee","image":0,"visibility":true}]},{"name":"PIANO EL\u00c8CTRIC","type":"checkbox","position":0,"required":true,"title_format":"label","default":"","description_enable":false,"description":"","placeholder_enable":false,"placeholder":"","display":"select","restrictions_type":"any_text","adjust_price":false,"price":"","price_type":"flat_fee","restrictions":false,"min":"0","max":"0","options":[{"label":"Pedal de Sustain de Qualitat","price":"10.00","price_type":"quantity_based","image":0,"visibility":true},{"label":"Suport","price":"10.00","price_type":"quantity_based","image":0,"visibility":true},{"label":"Tamboret de Piano de Qualitat","price":"25.00","price_type":"quantity_based","image":0,"visibility":true},{"label":"Tamboret de Piano","price":"10.00","price_type":"quantity_based","image":0,"visibility":true}]}],"acf":{"set_to_be_sold":false,"sale_description":"","sale_price":""},"_links":{"self":[{"href":"https:\/\/shinemusicrental.com\/ca\/wp-json\/wp\/v2\/product\/2181","targetHints":{"allow":["GET"]}}],"collection":[{"href":"https:\/\/shinemusicrental.com\/ca\/wp-json\/wp\/v2\/product"}],"about":[{"href":"https:\/\/shinemusicrental.com\/ca\/wp-json\/wp\/v2\/types\/product"}],"replies":[{"embeddable":true,"href":"https:\/\/shinemusicrental.com\/ca\/wp-json\/wp\/v2\/comments?post=2181"}],"wp:featuredmedia":[{"embeddable":true,"href":"https:\/\/shinemusicrental.com\/ca\/wp-json\/wp\/v2\/media\/2171"}],"wp:attachment":[{"href":"https:\/\/shinemusicrental.com\/ca\/wp-json\/wp\/v2\/media?parent=2181"}],"wp:term":[{"taxonomy":"product_brand","embeddable":true,"href":"https:\/\/shinemusicrental.com\/ca\/wp-json\/wp\/v2\/product_brand?post=2181"},{"taxonomy":"product_cat","embeddable":true,"href":"https:\/\/shinemusicrental.com\/ca\/wp-json\/wp\/v2\/product_cat?post=2181"},{"taxonomy":"product_tag","embeddable":true,"href":"https:\/\/shinemusicrental.com\/ca\/wp-json\/wp\/v2\/product_tag?post=2181"}],"curies":[{"name":"wp","href":"https:\/\/api.w.org\/{rel}","templated":true}]}}