{"id":2176,"date":"2022-10-31T11:41:12","date_gmt":"2022-10-31T09:41:12","guid":{"rendered":"http:\/\/www.shinemusicrental.com\/product\/shure-beta-58a-pgx2-microfon-inalambric\/"},"modified":"2023-03-16T16:37:25","modified_gmt":"2023-03-16T15:37:25","slug":"shure-beta-58a-pgx2-microfon-inalambric","status":"publish","type":"product","link":"https:\/\/shinemusicrental.com\/ca\/product\/shure-beta-58a-pgx2-microfon-inalambric\/","title":{"rendered":"Shure Beta 58A PGX2 Micr\u00f2fon Inal\u00e0mbric"},"content":{"rendered":"<p>El micr\u00f2fon sense fil Shure Beta 58A PGX2 \u00e9s una eina fiable per a vocalistes que prioritzen la claredat i el rendiment. Amb el seu patr\u00f3 polar supercardioide, captura fonts de so amb una alta guany abans de la realimentaci\u00f3, fet que el fa ideal per a esdeveniments en viu i estudis d&#8217;enregistrament. La resposta de freq\u00fc\u00e8ncia del micr\u00f2fon varia de 50 Hz a 16 kHz, proporcionant un so c\u00e0lid i natural amb una distorsi\u00f3 m\u00ednima.<\/p>\n<p>El Beta 58A PGX2 t\u00e9 una construcci\u00f3 duradora amb una reixa robusta i una malla d&#8217;acer que protegeix contra l&#8217;\u00fas i l&#8217;envelliment. El sistema sense fil funciona a una freq\u00fc\u00e8ncia de 518-782 MHz, garantint una transmissi\u00f3 de senyal estable i clara. El micr\u00f2fon funciona amb dues bateries AA, oferint fins a vuit hores d&#8217;\u00fas continu.<\/p>\n<p>El Shure Beta 58A PGX2 \u00e9s una gran addici\u00f3 per a qualsevol servei de lloguer d&#8217;instruments, oferint als clients un micr\u00f2fon de primera qualitat per a les seves necessitats vocals. Tamb\u00e9 \u00e9s una opci\u00f3 excel\u00b7lent per a qualsevol que vulgui llogar un micr\u00f2fon per als seus esdeveniments. Amb aquest micr\u00f2fon, la seva veu es sentir\u00e0 n\u00edtida i clara, com el cant d&#8217;un ocell que esclata el cel.<\/p>\n<div id=\"gtx-trans\" style=\"position: absolute; left: -54px; top: -0.53125px;\">\n<div class=\"gtx-trans-icon\"><\/div>\n<\/div>\n","protected":false},"excerpt":{"rendered":"<p><strong>Dip\u00f2sit: \u20ac200<\/strong><\/p>\n<div id=\"gtx-trans\" style=\"position: absolute; left: 26px; top: -10.6667px;\">\n<div class=\"gtx-trans-icon\"><\/div>\n<\/div>\n","protected":false},"featured_media":2165,"comment_status":"open","ping_status":"closed","template":"","meta":{"_acf_changed":false,"content-type":""},"product_brand":[],"product_cat":[330,340],"product_tag":[506,508,512,510,514,504,562,462,590,561,464,490,592,558,777,779,778,955,598,775],"class_list":{"0":"post-2176","1":"product","2":"type-product","3":"status-publish","4":"has-post-thumbnail","6":"product_cat-estudi","7":"product_cat-microfons","8":"product_tag-equip-destudi","9":"product_tag-equip-destudi-barcelona","10":"product_tag-equip-destudi-de-lloguer","11":"product_tag-equip-destudi-es","12":"product_tag-equip-destudi-espanya","13":"product_tag-estudi","14":"product_tag-instruments-de-contractacio","15":"product_tag-lloguer-dinstruments","16":"product_tag-lloguer-dinstruments-ca-2","17":"product_tag-lloguer-dinstruments-ca","18":"product_tag-lloguer-dinstruments-barcelona","19":"product_tag-lloguer-dinstruments-barcelona-ca","20":"product_tag-lloguer-dinstruments-espanya-ca","21":"product_tag-lloguer-dinstruments-espanya","22":"product_tag-micro-ca","23":"product_tag-microfon","24":"product_tag-microfon-de-lloguer","25":"product_tag-microfon-inalambric-ca","26":"product_tag-microfon-inalambric","27":"product_tag-shure-sm58-ca","29":"first","30":"instock","31":"sold-individually","32":"shipping-taxable","33":"purchasable","34":"product-type-booking"},"booking_location":"","booking_location_type":"","booking_duration":1,"booking_duration_unit":"day","booking_buffer":0,"booking_cost":0,"booking_resources":[],"exclude_global_add_ons":false,"addons":[{"name":"Dip\u00f2sit","type":"checkbox","position":0,"required":false,"title_format":"hide","default":"","description_enable":false,"description":"","placeholder_enable":false,"placeholder":"","display":"select","restrictions_type":"any_text","adjust_price":false,"price":"","price_type":"flat_fee","restrictions":false,"min":"0","max":"0","options":[{"label":"Dip\u00f2sit","price":"200","price_type":"flat_fee","image":0,"visibility":true}]}],"acf":{"set_to_be_sold":false,"sale_description":"","sale_price":""},"_links":{"self":[{"href":"https:\/\/shinemusicrental.com\/ca\/wp-json\/wp\/v2\/product\/2176","targetHints":{"allow":["GET"]}}],"collection":[{"href":"https:\/\/shinemusicrental.com\/ca\/wp-json\/wp\/v2\/product"}],"about":[{"href":"https:\/\/shinemusicrental.com\/ca\/wp-json\/wp\/v2\/types\/product"}],"replies":[{"embeddable":true,"href":"https:\/\/shinemusicrental.com\/ca\/wp-json\/wp\/v2\/comments?post=2176"}],"wp:featuredmedia":[{"embeddable":true,"href":"https:\/\/shinemusicrental.com\/ca\/wp-json\/wp\/v2\/media\/2165"}],"wp:attachment":[{"href":"https:\/\/shinemusicrental.com\/ca\/wp-json\/wp\/v2\/media?parent=2176"}],"wp:term":[{"taxonomy":"product_brand","embeddable":true,"href":"https:\/\/shinemusicrental.com\/ca\/wp-json\/wp\/v2\/product_brand?post=2176"},{"taxonomy":"product_cat","embeddable":true,"href":"https:\/\/shinemusicrental.com\/ca\/wp-json\/wp\/v2\/product_cat?post=2176"},{"taxonomy":"product_tag","embeddable":true,"href":"https:\/\/shinemusicrental.com\/ca\/wp-json\/wp\/v2\/product_tag?post=2176"}],"curies":[{"name":"wp","href":"https:\/\/api.w.org\/{rel}","templated":true}]}}