{"id":2168,"date":"2022-10-31T11:37:31","date_gmt":"2022-10-31T09:37:31","guid":{"rendered":"http:\/\/www.shinemusicrental.com\/product\/fender-hot-rod-deluxe-112-amplificador-de-guitarra\/"},"modified":"2024-04-09T17:42:18","modified_gmt":"2024-04-09T15:42:18","slug":"fender-hot-rod-deluxe-112-amplificador-de-guitarra","status":"publish","type":"product","link":"https:\/\/shinemusicrental.com\/ca\/product\/fender-hot-rod-deluxe-112-amplificador-de-guitarra\/","title":{"rendered":"Fender Hot Rod Deluxe 112 Amplificador de Guitarra"},"content":{"rendered":"<p>El Fender Hot Rod Deluxe 112 Guitar Amp \u00e9s un amplificador vers\u00e0til i potent dissenyat per a guitarristes que exigeixen un to i claredat excepcionals. Amb la seva sortida de 40 watts i el seu altaveu Celestion de 12 polzades, produeix un so complet i ric amb una resposta suau i din\u00e0mica.<\/p>\n<p>L&#8217;amplificador compta amb tres canals (net, drive i m\u00e9s drive) amb controls de guany i mestre separats, el que d\u00f3na als m\u00fasics una \u00e0mplia varietat d&#8217;opcions tonals. Els controls de reverb i pres\u00e8ncia permeten una major personalitzaci\u00f3 del so. L&#8217;amplificador tamb\u00e9 t\u00e9 un bucle d&#8217;efectes en s\u00e8rie i una entrada per pedal per a una major comoditat.<\/p>\n<p>El Fender Hot Rod Deluxe 112 \u00e9s una excel\u00b7lent opci\u00f3 per als serveis de lloguer d&#8217;instruments, proporcionant als guitarristes un amplificador de alta qualitat per a les seves actuacions. Tamb\u00e9 \u00e9s una excel\u00b7lent opci\u00f3 per a qualsevol persona que vulgui llogar un amplificador de guitarra per a les seves sessions de pr\u00e0ctica o concerts. Amb aquest amplificador, la seva guitarra cantar\u00e0 com un ocell que s&#8217;eleva per l&#8217;aire.<\/p>\n","protected":false},"excerpt":{"rendered":"<p><strong>Dip\u00f2sit: \u20ac200<\/strong><\/p>\n<div id=\"gtx-trans\" style=\"position: absolute; left: 10px; top: -10.6667px;\">\n<div class=\"gtx-trans-icon\"><\/div>\n<\/div>\n","protected":false},"featured_media":2161,"comment_status":"open","ping_status":"closed","template":"","meta":{"_acf_changed":false,"content-type":""},"product_brand":[],"product_cat":[176,200],"product_tag":[681,683,951,568,570,572,564,460,566,562,561,462,590,464,490,592,558],"class_list":{"0":"post-2168","1":"product","2":"type-product","3":"status-publish","4":"has-post-thumbnail","6":"product_cat-guitarres-i-baixos","7":"product_cat-amplificadors-de-guitarra","8":"product_tag-amplificador-ca","9":"product_tag-amplificador-de-guitarra-ca","10":"product_tag-amplificador-fender-ca","11":"product_tag-guitarra-ca","12":"product_tag-guitarra-barcelona-ca","13":"product_tag-guitarra-de-lloguer","14":"product_tag-guitarra-espanya","15":"product_tag-guitarres","16":"product_tag-guitarres-espanya","17":"product_tag-instruments-de-contractacio","18":"product_tag-lloguer-dinstruments-ca","19":"product_tag-lloguer-dinstruments","20":"product_tag-lloguer-dinstruments-ca-2","21":"product_tag-lloguer-dinstruments-barcelona","22":"product_tag-lloguer-dinstruments-barcelona-ca","23":"product_tag-lloguer-dinstruments-espanya-ca","24":"product_tag-lloguer-dinstruments-espanya","26":"first","27":"instock","28":"sold-individually","29":"shipping-taxable","30":"purchasable","31":"product-type-booking"},"booking_location":"","booking_location_type":"","booking_duration":1,"booking_duration_unit":"day","booking_buffer":0,"booking_cost":0,"booking_resources":[],"exclude_global_add_ons":false,"addons":[{"name":"Dip\u00f2sit","type":"checkbox","position":0,"required":false,"title_format":"hide","default":"","description_enable":false,"description":"","placeholder_enable":false,"placeholder":"","display":"select","restrictions_type":"any_text","adjust_price":false,"price":"","price_type":"flat_fee","restrictions":false,"min":"0","max":"0","options":[{"label":"Dip\u00f2sit","price":"200","price_type":"flat_fee","image":0,"visibility":true}]},{"name":"Amplificadors (tots)","type":"checkbox","position":0,"required":false,"title_format":"label","default":"","description_enable":false,"description":"","placeholder_enable":false,"placeholder":"","display":"select","restrictions_type":"any_text","adjust_price":false,"price":"","price_type":"flat_fee","restrictions":false,"min":"0","max":"0","options":[{"label":"Cable d'Instrument Jack 1\/4","price":"5.00","price_type":"quantity_based","image":0,"visibility":true},{"label":"DI Box","price":"5.00","price_type":"quantity_based","image":0,"visibility":true}]}],"acf":{"set_to_be_sold":false,"sale_description":"","sale_price":""},"_links":{"self":[{"href":"https:\/\/shinemusicrental.com\/ca\/wp-json\/wp\/v2\/product\/2168","targetHints":{"allow":["GET"]}}],"collection":[{"href":"https:\/\/shinemusicrental.com\/ca\/wp-json\/wp\/v2\/product"}],"about":[{"href":"https:\/\/shinemusicrental.com\/ca\/wp-json\/wp\/v2\/types\/product"}],"replies":[{"embeddable":true,"href":"https:\/\/shinemusicrental.com\/ca\/wp-json\/wp\/v2\/comments?post=2168"}],"wp:featuredmedia":[{"embeddable":true,"href":"https:\/\/shinemusicrental.com\/ca\/wp-json\/wp\/v2\/media\/2161"}],"wp:attachment":[{"href":"https:\/\/shinemusicrental.com\/ca\/wp-json\/wp\/v2\/media?parent=2168"}],"wp:term":[{"taxonomy":"product_brand","embeddable":true,"href":"https:\/\/shinemusicrental.com\/ca\/wp-json\/wp\/v2\/product_brand?post=2168"},{"taxonomy":"product_cat","embeddable":true,"href":"https:\/\/shinemusicrental.com\/ca\/wp-json\/wp\/v2\/product_cat?post=2168"},{"taxonomy":"product_tag","embeddable":true,"href":"https:\/\/shinemusicrental.com\/ca\/wp-json\/wp\/v2\/product_tag?post=2168"}],"curies":[{"name":"wp","href":"https:\/\/api.w.org\/{rel}","templated":true}]}}