{"id":2152,"date":"2022-10-31T11:27:46","date_gmt":"2022-10-31T09:27:46","guid":{"rendered":"http:\/\/www.shinemusicrental.com\/product\/yamaha-moxf6-teclat-sintetitzador\/"},"modified":"2024-07-08T21:44:28","modified_gmt":"2024-07-08T19:44:28","slug":"yamaha-moxf6-teclat-sintetitzador","status":"publish","type":"product","link":"https:\/\/shinemusicrental.com\/ca\/product\/yamaha-moxf6-teclat-sintetitzador\/","title":{"rendered":"Yamaha MOXF6 Teclat Sintetitzador"},"content":{"rendered":"<p>El teclat sintetitzador Yamaha MOXF6 \u00e9s un instrument vers\u00e0til que \u00e9s adequat tant per a \u00fas en estudi com en escenari. La seva \u00e0mplia gamma de sons, des d&#8217;instruments ac\u00fastics fins a sintetitzadors de vanguardia, el converteix en una excel\u00b7lent opci\u00f3 per a m\u00fasics de tots els g\u00e8neres. Aquest teclat compta amb 61 tecles semipesades que permeten una interpretaci\u00f3 expressiva. El MOXF6 tamb\u00e9 disposa de una gran selecci\u00f3 de controls i botons que permeten una manipulaci\u00f3 intu\u00eftiva del so. A m\u00e9s, el seu seq\u00fcenciador i arpegiador incorporats ofereixen infinites possibilitats creatives. Amb el seu disseny lleuger i compacte, el MOXF6 \u00e9s f\u00e0cil de transportar a concerts o sessions d&#8217;estudi. El lloguer d&#8217;instruments \u00e9s una gran opci\u00f3 per a aquells que volen provar el Yamaha MOXF6 abans de comprometre&#8217;s a comprar-lo. Llogueu un teclat i delateu la vostra creativitat amb aquest potent sintetitzador.<\/p>\n","protected":false},"excerpt":{"rendered":"<p><strong>Dip\u00f2sit: 400\u20ac<\/strong><\/p>\n<div id=\"gtx-trans\" style=\"position: absolute; left: 43px; top: 38.3333px;\">\n<div class=\"gtx-trans-icon\"><\/div>\n<\/div>\n","protected":false},"featured_media":2146,"comment_status":"open","ping_status":"closed","template":"","meta":{"_acf_changed":false,"content-type":""},"product_brand":[],"product_cat":[132,375,222],"product_tag":[562,462,590,561,464,490,592,558,478,479,488,482,484,486,946,576,948,924,594],"class_list":{"0":"post-2152","1":"product","2":"type-product","3":"status-publish","4":"has-post-thumbnail","6":"product_cat-instruments-de-teclat","7":"product_cat-teclats-ca","8":"product_cat-sintetitzadors","9":"product_tag-instruments-de-contractacio","10":"product_tag-lloguer-dinstruments","11":"product_tag-lloguer-dinstruments-ca-2","12":"product_tag-lloguer-dinstruments-ca","13":"product_tag-lloguer-dinstruments-barcelona","14":"product_tag-lloguer-dinstruments-barcelona-ca","15":"product_tag-lloguer-dinstruments-espanya-ca","16":"product_tag-lloguer-dinstruments-espanya","17":"product_tag-piano-ca","18":"product_tag-piano-es-ca","19":"product_tag-piano-espanya","20":"product_tag-pianos-ca","21":"product_tag-pianos-barcelona-ca","22":"product_tag-pianos-de-lloguer","23":"product_tag-sintetitzador-ca","24":"product_tag-sintetitzador","25":"product_tag-sintetitzador-de-lloguer","26":"product_tag-teclat-de-lloguer","27":"product_tag-yamaha-ca","29":"first","30":"instock","31":"sold-individually","32":"shipping-taxable","33":"purchasable","34":"product-type-booking"},"booking_location":"","booking_location_type":"","booking_duration":1,"booking_duration_unit":"day","booking_buffer":0,"booking_cost":0,"booking_resources":[],"exclude_global_add_ons":false,"addons":[{"name":"Dip\u00f2sit","type":"checkbox","position":0,"required":false,"title_format":"hide","default":"","description_enable":false,"description":"","placeholder_enable":false,"placeholder":"","display":"select","restrictions_type":"any_text","adjust_price":false,"price":"","price_type":"flat_fee","restrictions":false,"min":"0","max":"0","options":[{"label":"Dip\u00f2sit","price":"400","price_type":"flat_fee","image":0,"visibility":true}]},{"name":"PIANO EL\u00c8CTRIC","type":"checkbox","position":0,"required":true,"title_format":"label","default":"","description_enable":false,"description":"","placeholder_enable":false,"placeholder":"","display":"select","restrictions_type":"any_text","adjust_price":false,"price":"","price_type":"flat_fee","restrictions":false,"min":"0","max":"0","options":[{"label":"Pedal de Sustain de Qualitat","price":"10.00","price_type":"quantity_based","image":0,"visibility":true},{"label":"Suport","price":"10.00","price_type":"quantity_based","image":0,"visibility":true},{"label":"Tamboret de Piano de Qualitat","price":"25.00","price_type":"quantity_based","image":0,"visibility":true},{"label":"Tamboret de Piano","price":"10.00","price_type":"quantity_based","image":0,"visibility":true}]}],"acf":{"set_to_be_sold":false,"sale_description":"","sale_price":""},"_links":{"self":[{"href":"https:\/\/shinemusicrental.com\/ca\/wp-json\/wp\/v2\/product\/2152","targetHints":{"allow":["GET"]}}],"collection":[{"href":"https:\/\/shinemusicrental.com\/ca\/wp-json\/wp\/v2\/product"}],"about":[{"href":"https:\/\/shinemusicrental.com\/ca\/wp-json\/wp\/v2\/types\/product"}],"replies":[{"embeddable":true,"href":"https:\/\/shinemusicrental.com\/ca\/wp-json\/wp\/v2\/comments?post=2152"}],"wp:featuredmedia":[{"embeddable":true,"href":"https:\/\/shinemusicrental.com\/ca\/wp-json\/wp\/v2\/media\/2146"}],"wp:attachment":[{"href":"https:\/\/shinemusicrental.com\/ca\/wp-json\/wp\/v2\/media?parent=2152"}],"wp:term":[{"taxonomy":"product_brand","embeddable":true,"href":"https:\/\/shinemusicrental.com\/ca\/wp-json\/wp\/v2\/product_brand?post=2152"},{"taxonomy":"product_cat","embeddable":true,"href":"https:\/\/shinemusicrental.com\/ca\/wp-json\/wp\/v2\/product_cat?post=2152"},{"taxonomy":"product_tag","embeddable":true,"href":"https:\/\/shinemusicrental.com\/ca\/wp-json\/wp\/v2\/product_tag?post=2152"}],"curies":[{"name":"wp","href":"https:\/\/api.w.org\/{rel}","templated":true}]}}