{"id":2127,"date":"2022-10-28T16:57:35","date_gmt":"2022-10-28T14:57:35","guid":{"rendered":"http:\/\/www.shinemusicrental.com\/product\/guitarra-espanyola-taller-de-guitarras-barcelona\/"},"modified":"2023-03-21T12:00:35","modified_gmt":"2023-03-21T11:00:35","slug":"guitarra-espanyola-taller-de-guitarras-barcelona","status":"publish","type":"product","link":"https:\/\/shinemusicrental.com\/ca\/product\/guitarra-espanyola-taller-de-guitarras-barcelona\/","title":{"rendered":"Guitarra Espanyola Taller de Guitarras Barcelona"},"content":{"rendered":"<p>La guitarra espanyola de Taller de Guitarres Barcelona \u00e9s un instrument fiable i aut\u00e8ntic per a qualsevol persona que busqui tocar flamenc tradicional o m\u00fasica cl\u00e0ssica. Moblat amb una tapa de cedre fort i fons i c\u00e8rcols de palissandre indi, emana un timbre suau i ben arrodonit. El pal de la guitarra est\u00e0 fet de cedre espanyol, cosa que li proporciona robustesa i estabilitat, alhora que permet tocar sense esfor\u00e7. El diapas\u00f3 est\u00e0 fet de palissandre indi, cosa que li atorga una superf\u00edcie suau com la seda que brinda una experi\u00e8ncia de tocabilitat c\u00f2moda. La roseta de la boca de la guitarra est\u00e0 adornada espl\u00e8ndidament amb un disseny tradicional, que complementa l&#8217;atractiu est\u00e8tic de l&#8217;instrument. Aquesta guitarra espanyola \u00e9s una elecci\u00f3 extraordin\u00e0ria per a aquells que busquen llogar un instrument aut\u00e8ntic i d&#8217;alt calibre per a les presentacions p\u00fabliques o sessions d&#8217;assaig.<\/p>\n","protected":false},"excerpt":{"rendered":"<p><strong>Dip\u00f2sit: \u20ac160<\/strong><\/p>\n<div id=\"gtx-trans\" style=\"position: absolute; left: 27px; top: 38.3333px;\">\n<div class=\"gtx-trans-icon\"><\/div>\n<\/div>\n","protected":false},"featured_media":0,"comment_status":"open","ping_status":"closed","template":"","meta":{"_acf_changed":false,"content-type":""},"product_brand":[],"product_cat":[176,192,206],"product_tag":[568,570,572,564,460,566,562,561,462,590,464,490,592,558],"class_list":{"0":"post-2127","1":"product","2":"type-product","3":"status-publish","5":"product_cat-guitarres-i-baixos","6":"product_cat-guitarres-classiques","7":"product_cat-guitarres-espanyoles","8":"product_tag-guitarra-ca","9":"product_tag-guitarra-barcelona-ca","10":"product_tag-guitarra-de-lloguer","11":"product_tag-guitarra-espanya","12":"product_tag-guitarres","13":"product_tag-guitarres-espanya","14":"product_tag-instruments-de-contractacio","15":"product_tag-lloguer-dinstruments-ca","16":"product_tag-lloguer-dinstruments","17":"product_tag-lloguer-dinstruments-ca-2","18":"product_tag-lloguer-dinstruments-barcelona","19":"product_tag-lloguer-dinstruments-barcelona-ca","20":"product_tag-lloguer-dinstruments-espanya-ca","21":"product_tag-lloguer-dinstruments-espanya","23":"first","24":"instock","25":"sold-individually","26":"shipping-taxable","27":"purchasable","28":"product-type-booking"},"booking_location":"","booking_location_type":"","booking_duration":1,"booking_duration_unit":"day","booking_buffer":0,"booking_cost":0,"booking_resources":[],"exclude_global_add_ons":false,"addons":[{"name":"Dip\u00f2sit","type":"checkbox","position":0,"required":false,"title_format":"hide","default":"","description_enable":false,"description":"","placeholder_enable":false,"placeholder":"","display":"select","restrictions_type":"any_text","adjust_price":false,"price":"","price_type":"flat_fee","restrictions":false,"min":"0","max":"0","options":[{"label":"Dip\u00f2sit","price":"160","price_type":"flat_fee","image":0,"visibility":true}]},{"name":"Guitarres Cl\u00e0ssiques","type":"checkbox","position":0,"required":false,"title_format":"label","default":"","description_enable":false,"description":"","placeholder_enable":false,"placeholder":"","display":"select","restrictions_type":"any_text","adjust_price":false,"price":"","price_type":"flat_fee","restrictions":false,"min":"0","max":"0","options":[{"label":"Afinador","price":"5.00","price_type":"quantity_based","image":0,"visibility":true},{"label":"Recolzapeus per a Guitarra de Qualitat","price":"9.00","price_type":"quantity_based","image":0,"visibility":true},{"label":"Recolzapeus per a Guitarra Est\u00e0ndard","price":"5.00","price_type":"quantity_based","image":0,"visibility":true},{"label":"Faristol de Qualitat","price":"9.00","price_type":"quantity_based","image":0,"visibility":true},{"label":"Faristol","price":"5.00","price_type":"quantity_based","image":0,"visibility":true},{"label":"Capo - Guitarra Cl\u00e0ssica","price":"5.00","price_type":"quantity_based","image":0,"visibility":true},{"label":"Pua de Qualitat","price":"2.00","price_type":"quantity_based","image":0,"visibility":true},{"label":"Pua Est\u00e0ndard","price":"1.00","price_type":"quantity_based","image":0,"visibility":true}]}],"acf":{"set_to_be_sold":false,"sale_description":"","sale_price":""},"_links":{"self":[{"href":"https:\/\/shinemusicrental.com\/ca\/wp-json\/wp\/v2\/product\/2127","targetHints":{"allow":["GET"]}}],"collection":[{"href":"https:\/\/shinemusicrental.com\/ca\/wp-json\/wp\/v2\/product"}],"about":[{"href":"https:\/\/shinemusicrental.com\/ca\/wp-json\/wp\/v2\/types\/product"}],"replies":[{"embeddable":true,"href":"https:\/\/shinemusicrental.com\/ca\/wp-json\/wp\/v2\/comments?post=2127"}],"wp:attachment":[{"href":"https:\/\/shinemusicrental.com\/ca\/wp-json\/wp\/v2\/media?parent=2127"}],"wp:term":[{"taxonomy":"product_brand","embeddable":true,"href":"https:\/\/shinemusicrental.com\/ca\/wp-json\/wp\/v2\/product_brand?post=2127"},{"taxonomy":"product_cat","embeddable":true,"href":"https:\/\/shinemusicrental.com\/ca\/wp-json\/wp\/v2\/product_cat?post=2127"},{"taxonomy":"product_tag","embeddable":true,"href":"https:\/\/shinemusicrental.com\/ca\/wp-json\/wp\/v2\/product_tag?post=2127"}],"curies":[{"name":"wp","href":"https:\/\/api.w.org\/{rel}","templated":true}]}}