{"id":2118,"date":"2022-10-28T16:44:42","date_gmt":"2022-10-28T14:44:42","guid":{"rendered":"http:\/\/www.shinemusicrental.com\/product\/ld-systems-d1017-set-de-microfons-per-a-bateria\/"},"modified":"2024-04-09T16:30:53","modified_gmt":"2024-04-09T14:30:53","slug":"ld-systems-d1017-set-de-microfons-per-a-bateria","status":"publish","type":"product","link":"https:\/\/shinemusicrental.com\/ca\/product\/ld-systems-d1017-set-de-microfons-per-a-bateria\/","title":{"rendered":"LD Systems D1017 Set de Micr\u00f2fons per a Bateria"},"content":{"rendered":"<p>El Set de Micr\u00f2fons per a Bateria LD Systems D1017 \u00e9s una excel\u00b7lent opci\u00f3 per a bateristes que busquen un set de micr\u00f2fons d&#8217;alta qualitat i fiable. Aquest set inclou set micr\u00f2fons, dissenyats espec\u00edficament per capturar les particularitats de cada tambor en un kit. El micr\u00f2fon per a bombo est\u00e0 equipat amb un element din\u00e0mic que proporciona una resposta potent en els greus, mentre que els micr\u00f2fons per a caixa i tom tenen un patr\u00f3 polar cardioide que captura el so natural dels tambors.<\/p>\n<p>Aquest set de micr\u00f2fons \u00e9s perfecte per a lloguer d&#8217;instruments, proporcionant als bateristes un set f\u00e0cil d&#8217;utilitzar i vers\u00e0til que pot manejar qualsevol actuaci\u00f3 o sessi\u00f3 de pr\u00e0ctica. La seva construcci\u00f3 resistents i el seu so de qualitat professional el converteixen en una excel\u00b7lent opci\u00f3 per a bateristes de tots els nivells. Amb el Set de Micr\u00f2fons per a Bateria LD Systems D1017, podeu confiar que cada cop ser\u00e0 capturat amb claredat i precisi\u00f3, com un fot\u00f2graf capturant l&#8217;ess\u00e8ncia d&#8217;un moment.<\/p>\n<div id=\"gtx-trans\" style=\"position: absolute; left: -66px; top: -0.53125px;\">\n<div class=\"gtx-trans-icon\"><\/div>\n<\/div>\n","protected":false},"excerpt":{"rendered":"<p><strong>Dip\u00f2sit: \u20ac60<\/strong><\/p>\n<div id=\"gtx-trans\" style=\"position: absolute; left: 32px; top: 38.3333px;\">\n<div class=\"gtx-trans-icon\"><\/div>\n<\/div>\n","protected":false},"featured_media":2113,"comment_status":"open","ping_status":"closed","template":"","meta":{"_acf_changed":false,"content-type":""},"product_brand":[],"product_cat":[161,989,330,340],"product_tag":[506,508,512,510,514,504,462,590,561,464,490,592,558,777,934,779,778],"class_list":{"0":"post-2118","1":"product","2":"type-product","3":"status-publish","4":"has-post-thumbnail","6":"product_cat-bateries-i-percussions","7":"product_cat-microfons-per-a-bateria","8":"product_cat-estudi","9":"product_cat-microfons","10":"product_tag-equip-destudi","11":"product_tag-equip-destudi-barcelona","12":"product_tag-equip-destudi-de-lloguer","13":"product_tag-equip-destudi-es","14":"product_tag-equip-destudi-espanya","15":"product_tag-estudi","16":"product_tag-lloguer-dinstruments","17":"product_tag-lloguer-dinstruments-ca-2","18":"product_tag-lloguer-dinstruments-ca","19":"product_tag-lloguer-dinstruments-barcelona","20":"product_tag-lloguer-dinstruments-barcelona-ca","21":"product_tag-lloguer-dinstruments-espanya-ca","22":"product_tag-lloguer-dinstruments-espanya","23":"product_tag-micro-ca","24":"product_tag-micro-per-a-bateria","25":"product_tag-microfon","26":"product_tag-microfon-de-lloguer","28":"first","29":"instock","30":"sold-individually","31":"shipping-taxable","32":"purchasable","33":"product-type-booking"},"booking_location":"","booking_location_type":"","booking_duration":1,"booking_duration_unit":"day","booking_buffer":0,"booking_cost":0,"booking_resources":[],"exclude_global_add_ons":false,"addons":[{"name":"Dip\u00f2sit","type":"checkbox","position":0,"required":false,"title_format":"hide","default":"","description_enable":false,"description":"","placeholder_enable":false,"placeholder":"","display":"select","restrictions_type":"any_text","adjust_price":false,"price":"","price_type":"flat_fee","restrictions":false,"min":"0","max":"0","options":[{"label":"Dip\u00f2sit","price":"60","price_type":"flat_fee","image":0,"visibility":true}]},{"name":"Totes les Bateries ","type":"checkbox","position":0,"required":false,"title_format":"label","default":"","description_enable":false,"description":"","placeholder_enable":false,"placeholder":"","display":"select","restrictions_type":"any_text","adjust_price":false,"price":"","price_type":"flat_fee","restrictions":false,"min":"0","max":"0","options":[{"label":"Baquetes","price":"6.00","price_type":"quantity_based","image":0,"visibility":true},{"label":"Set de Plats","price":"48.00","price_type":"quantity_based","image":0,"visibility":true}]}],"acf":{"set_to_be_sold":false,"sale_description":"","sale_price":""},"_links":{"self":[{"href":"https:\/\/shinemusicrental.com\/ca\/wp-json\/wp\/v2\/product\/2118","targetHints":{"allow":["GET"]}}],"collection":[{"href":"https:\/\/shinemusicrental.com\/ca\/wp-json\/wp\/v2\/product"}],"about":[{"href":"https:\/\/shinemusicrental.com\/ca\/wp-json\/wp\/v2\/types\/product"}],"replies":[{"embeddable":true,"href":"https:\/\/shinemusicrental.com\/ca\/wp-json\/wp\/v2\/comments?post=2118"}],"wp:featuredmedia":[{"embeddable":true,"href":"https:\/\/shinemusicrental.com\/ca\/wp-json\/wp\/v2\/media\/2113"}],"wp:attachment":[{"href":"https:\/\/shinemusicrental.com\/ca\/wp-json\/wp\/v2\/media?parent=2118"}],"wp:term":[{"taxonomy":"product_brand","embeddable":true,"href":"https:\/\/shinemusicrental.com\/ca\/wp-json\/wp\/v2\/product_brand?post=2118"},{"taxonomy":"product_cat","embeddable":true,"href":"https:\/\/shinemusicrental.com\/ca\/wp-json\/wp\/v2\/product_cat?post=2118"},{"taxonomy":"product_tag","embeddable":true,"href":"https:\/\/shinemusicrental.com\/ca\/wp-json\/wp\/v2\/product_tag?post=2118"}],"curies":[{"name":"wp","href":"https:\/\/api.w.org\/{rel}","templated":true}]}}