{"id":2106,"date":"2022-10-28T16:37:06","date_gmt":"2022-10-28T14:37:06","guid":{"rendered":"http:\/\/www.shinemusicrental.com\/product\/mackie-thump12-set-daltaveus-actius\/"},"modified":"2023-03-15T15:31:29","modified_gmt":"2023-03-15T14:31:29","slug":"mackie-thump12-set-daltaveus-actius","status":"publish","type":"product","link":"https:\/\/shinemusicrental.com\/ca\/product\/mackie-thump12-set-daltaveus-actius\/","title":{"rendered":"Mackie Thump12 Set d\u2019Altaveus Actius"},"content":{"rendered":"<p>Els altaveus actius Mackie Thump12 s\u00f3n una opci\u00f3 popular per a les empreses de lloguer d&#8217;instruments que busquen llogar altaveus per a esdeveniments i actuacions m\u00e9s petites. Aquests altaveus actius compten amb un woofer d&#8217;alta producci\u00f3 de 12 polzades i un controlador de compressi\u00f3 de dom de titani de 1,4 polzades, el que els permet oferir una impressionant pot\u00e8ncia de pics de 1300 watts.<\/p>\n<p>Aquests altaveus estan dissenyats per oferir un so clar i potent, amb un processament i ajustament DSP avan\u00e7at per a una millor qualitat de so. El disseny lleuger i port\u00e0til els fa f\u00e0cils de transportar i configurar, el que els converteix en una opci\u00f3 intel\u00b7ligent per a les empreses de lloguer d&#8217;instruments.<\/p>\n<p>Utilitzar els altaveus actius Mackie Thump12 \u00e9s com tenir un turbo al motor del teu cotxe. Proporcionen un impuls r\u00e0pid i potent al teu so, entregant l&#8217;impuls addicional que necessites per portar la teva actuaci\u00f3 al seg\u00fcent nivell. Ja siguis un m\u00fasic que busca altaveus fiables per al teu proper concert o un planificador d&#8217;esdeveniments que busca refor\u00e7 de so de alta qualitat, els altaveus actius Mackie Thump12 s\u00f3n una excel\u00b7lent opci\u00f3.<\/p>\n<div id=\"gtx-trans\" style=\"position: absolute; left: -28px; top: -0.666666px;\">\n<div class=\"gtx-trans-icon\"><\/div>\n<\/div>\n","protected":false},"excerpt":{"rendered":"<p><strong>Dip\u00f2sit: \u20ac290<\/strong><\/p>\n<div id=\"gtx-trans\" style=\"position: absolute; left: 19px; top: -10.6667px;\">\n<div class=\"gtx-trans-icon\"><\/div>\n<\/div>\n<div id=\"gtx-trans\" style=\"position: absolute; left: 20px; top: -10.6667px;\">\n<div class=\"gtx-trans-icon\"><\/div>\n<\/div>\n","protected":false},"featured_media":2103,"comment_status":"open","ping_status":"closed","template":"","meta":{"_acf_changed":false,"content-type":""},"product_brand":[],"product_cat":[330,346,344],"product_tag":[930,797,506,508,512,510,514,504,562,462,590,561,464,490,592,558],"class_list":{"0":"post-2106","1":"product","2":"type-product","3":"status-publish","4":"has-post-thumbnail","6":"product_cat-estudi","7":"product_cat-altaveus","8":"product_cat-altaveus-i-sets-de-pa","9":"product_tag-altaveus","10":"product_tag-altaveus-de-lloguer","11":"product_tag-equip-destudi","12":"product_tag-equip-destudi-barcelona","13":"product_tag-equip-destudi-de-lloguer","14":"product_tag-equip-destudi-es","15":"product_tag-equip-destudi-espanya","16":"product_tag-estudi","17":"product_tag-instruments-de-contractacio","18":"product_tag-lloguer-dinstruments","19":"product_tag-lloguer-dinstruments-ca-2","20":"product_tag-lloguer-dinstruments-ca","21":"product_tag-lloguer-dinstruments-barcelona","22":"product_tag-lloguer-dinstruments-barcelona-ca","23":"product_tag-lloguer-dinstruments-espanya-ca","24":"product_tag-lloguer-dinstruments-espanya","26":"first","27":"instock","28":"sold-individually","29":"shipping-taxable","30":"purchasable","31":"product-type-booking"},"booking_location":"","booking_location_type":"","booking_duration":1,"booking_duration_unit":"day","booking_buffer":0,"booking_cost":0,"booking_resources":[],"exclude_global_add_ons":false,"addons":[{"name":"Dip\u00f2sit","type":"checkbox","position":0,"required":false,"title_format":"hide","default":"","description_enable":false,"description":"","placeholder_enable":false,"placeholder":"","display":"select","restrictions_type":"any_text","adjust_price":false,"price":"","price_type":"flat_fee","restrictions":false,"min":"0","max":"0","options":[{"label":"Dip\u00f2sit","price":"290","price_type":"flat_fee","image":0,"visibility":true}]},{"name":"ALTAVEUS PA","type":"checkbox","position":0,"required":false,"title_format":"label","default":"","description_enable":false,"description":"","placeholder_enable":false,"placeholder":"","display":"select","restrictions_type":"any_text","adjust_price":false,"price":"","price_type":"flat_fee","restrictions":false,"min":"0","max":"0","options":[{"label":"Cable d'Instrument Jack 1\/4","price":"5.00","price_type":"quantity_based","image":0,"visibility":true},{"label":"Cable XLR","price":"5.00","price_type":"quantity_based","image":0,"visibility":true},{"label":"Taula de Mescles (est\u00e0ndard)","price":"55.00","price_type":"quantity_based","image":0,"visibility":true},{"label":"Suport","price":"19.00","price_type":"quantity_based","image":0,"visibility":true},{"label":"DI Box","price":"5","price_type":"quantity_based","image":0,"visibility":true}]}],"acf":{"set_to_be_sold":false,"sale_description":"","sale_price":""},"_links":{"self":[{"href":"https:\/\/shinemusicrental.com\/ca\/wp-json\/wp\/v2\/product\/2106","targetHints":{"allow":["GET"]}}],"collection":[{"href":"https:\/\/shinemusicrental.com\/ca\/wp-json\/wp\/v2\/product"}],"about":[{"href":"https:\/\/shinemusicrental.com\/ca\/wp-json\/wp\/v2\/types\/product"}],"replies":[{"embeddable":true,"href":"https:\/\/shinemusicrental.com\/ca\/wp-json\/wp\/v2\/comments?post=2106"}],"wp:featuredmedia":[{"embeddable":true,"href":"https:\/\/shinemusicrental.com\/ca\/wp-json\/wp\/v2\/media\/2103"}],"wp:attachment":[{"href":"https:\/\/shinemusicrental.com\/ca\/wp-json\/wp\/v2\/media?parent=2106"}],"wp:term":[{"taxonomy":"product_brand","embeddable":true,"href":"https:\/\/shinemusicrental.com\/ca\/wp-json\/wp\/v2\/product_brand?post=2106"},{"taxonomy":"product_cat","embeddable":true,"href":"https:\/\/shinemusicrental.com\/ca\/wp-json\/wp\/v2\/product_cat?post=2106"},{"taxonomy":"product_tag","embeddable":true,"href":"https:\/\/shinemusicrental.com\/ca\/wp-json\/wp\/v2\/product_tag?post=2106"}],"curies":[{"name":"wp","href":"https:\/\/api.w.org\/{rel}","templated":true}]}}