{"id":2094,"date":"2022-10-28T16:25:38","date_gmt":"2022-10-28T14:25:38","guid":{"rendered":"http:\/\/www.shinemusicrental.com\/product\/mackie-srm450v3-set-daltaveus-actius\/"},"modified":"2023-03-15T15:26:26","modified_gmt":"2023-03-15T14:26:26","slug":"mackie-srm450v3-altaveu-actiu","status":"publish","type":"product","link":"https:\/\/shinemusicrental.com\/ca\/product\/mackie-srm450v3-altaveu-actiu\/","title":{"rendered":"Mackie SRM450v3 Set d&#8217;Altaveus Actius"},"content":{"rendered":"<p>Els altaveus actius Mackie SRM450v3 s\u00f3n una opci\u00f3 fiable i altament eficient per a aquells que lloguen instruments per a esdeveniments i actuacions. Aquests altaveus actius estan equipats amb un woofer de 12 polzades d&#8217;alta pot\u00e8ncia i un controlador de compressi\u00f3 de dom de titani de 1,4 polzades, el que resulta en un impressionant pic de pot\u00e8ncia de 1000 watts.<\/p>\n<p>Els altaveus estan dissenyats per produir un so clar i equilibrat, amb un processament i ajust avan\u00e7ats de DSP que contribueixen a una qualitat de so elevada. El disseny resistents i durador dels altaveus garanteix que puguin resistir les demandes de l&#8217;\u00fas regular, el que els converteix en una opci\u00f3 intel\u00b7ligent per a les empreses de lloguer d&#8217;instruments.<\/p>\n<p>L&#8217;\u00fas dels altaveus actius Mackie SRM450v3 \u00e9s com tenir un motor potent sota el cap\u00f3 del seu cotxe. Proporcionen la pot\u00e8ncia necess\u00e0ria per portar el seu so al seg\u00fcent nivell. Si \u00e9s m\u00fasic i busca altaveus fiables per al seu proper concert o si \u00e9s un organitzador d&#8217;esdeveniments a la recerca de refor\u00e7 de so de alta qualitat, els altaveus actius Mackie SRM450v3 s\u00f3n una excel\u00b7lent opci\u00f3.<\/p>\n<div id=\"gtx-trans\" style=\"position: absolute; left: -44px; top: 48.3333px;\">\n<div class=\"gtx-trans-icon\"><\/div>\n<\/div>\n","protected":false},"excerpt":{"rendered":"<p><strong>Dip\u00f2sit: \u20ac140<\/strong><\/p>\n<div id=\"gtx-trans\" style=\"position: absolute; left: 15px; top: 38.3333px;\">\n<div class=\"gtx-trans-icon\"><\/div>\n<\/div>\n","protected":false},"featured_media":2091,"comment_status":"open","ping_status":"closed","template":"","meta":{"_acf_changed":false,"content-type":""},"product_brand":[],"product_cat":[330,346,344],"product_tag":[930,797,506,508,512,510,514,504,562,462,590,561,464,490,592,558],"class_list":{"0":"post-2094","1":"product","2":"type-product","3":"status-publish","4":"has-post-thumbnail","6":"product_cat-estudi","7":"product_cat-altaveus","8":"product_cat-altaveus-i-sets-de-pa","9":"product_tag-altaveus","10":"product_tag-altaveus-de-lloguer","11":"product_tag-equip-destudi","12":"product_tag-equip-destudi-barcelona","13":"product_tag-equip-destudi-de-lloguer","14":"product_tag-equip-destudi-es","15":"product_tag-equip-destudi-espanya","16":"product_tag-estudi","17":"product_tag-instruments-de-contractacio","18":"product_tag-lloguer-dinstruments","19":"product_tag-lloguer-dinstruments-ca-2","20":"product_tag-lloguer-dinstruments-ca","21":"product_tag-lloguer-dinstruments-barcelona","22":"product_tag-lloguer-dinstruments-barcelona-ca","23":"product_tag-lloguer-dinstruments-espanya-ca","24":"product_tag-lloguer-dinstruments-espanya","26":"first","27":"instock","28":"sold-individually","29":"shipping-taxable","30":"purchasable","31":"product-type-booking"},"booking_location":"","booking_location_type":"","booking_duration":1,"booking_duration_unit":"day","booking_buffer":0,"booking_cost":0,"booking_resources":[],"exclude_global_add_ons":false,"addons":[{"name":"Dip\u00f2sit","type":"checkbox","position":0,"required":false,"title_format":"hide","default":"","description_enable":false,"description":"","placeholder_enable":false,"placeholder":"","display":"select","restrictions_type":"any_text","adjust_price":false,"price":"","price_type":"flat_fee","restrictions":false,"min":"0","max":"0","options":[{"label":"Dip\u00f2sit","price":"140","price_type":"flat_fee","image":0,"visibility":true}]},{"name":"ALTAVEUS PA","type":"checkbox","position":0,"required":false,"title_format":"label","default":"","description_enable":false,"description":"","placeholder_enable":false,"placeholder":"","display":"select","restrictions_type":"any_text","adjust_price":false,"price":"","price_type":"flat_fee","restrictions":false,"min":"0","max":"0","options":[{"label":"Cable d'Instrument Jack 1\/4","price":"5.00","price_type":"quantity_based","image":0,"visibility":true},{"label":"Cable XLR","price":"5.00","price_type":"quantity_based","image":0,"visibility":true},{"label":"Taula de Mescles (est\u00e0ndard)","price":"55.00","price_type":"quantity_based","image":0,"visibility":true},{"label":"Suport","price":"19.00","price_type":"quantity_based","image":0,"visibility":true},{"label":"DI Box","price":"5","price_type":"quantity_based","image":0,"visibility":true}]}],"acf":{"set_to_be_sold":false,"sale_description":"","sale_price":""},"_links":{"self":[{"href":"https:\/\/shinemusicrental.com\/ca\/wp-json\/wp\/v2\/product\/2094","targetHints":{"allow":["GET"]}}],"collection":[{"href":"https:\/\/shinemusicrental.com\/ca\/wp-json\/wp\/v2\/product"}],"about":[{"href":"https:\/\/shinemusicrental.com\/ca\/wp-json\/wp\/v2\/types\/product"}],"replies":[{"embeddable":true,"href":"https:\/\/shinemusicrental.com\/ca\/wp-json\/wp\/v2\/comments?post=2094"}],"wp:featuredmedia":[{"embeddable":true,"href":"https:\/\/shinemusicrental.com\/ca\/wp-json\/wp\/v2\/media\/2091"}],"wp:attachment":[{"href":"https:\/\/shinemusicrental.com\/ca\/wp-json\/wp\/v2\/media?parent=2094"}],"wp:term":[{"taxonomy":"product_brand","embeddable":true,"href":"https:\/\/shinemusicrental.com\/ca\/wp-json\/wp\/v2\/product_brand?post=2094"},{"taxonomy":"product_cat","embeddable":true,"href":"https:\/\/shinemusicrental.com\/ca\/wp-json\/wp\/v2\/product_cat?post=2094"},{"taxonomy":"product_tag","embeddable":true,"href":"https:\/\/shinemusicrental.com\/ca\/wp-json\/wp\/v2\/product_tag?post=2094"}],"curies":[{"name":"wp","href":"https:\/\/api.w.org\/{rel}","templated":true}]}}