{"id":20820,"date":"2025-04-17T14:40:53","date_gmt":"2025-04-17T12:40:54","guid":{"rendered":"https:\/\/shinemusicrental.com\/?post_type=product&#038;p=20820"},"modified":"2025-04-17T14:47:45","modified_gmt":"2025-04-17T12:47:45","slug":"roland-e-x10-teclat","status":"publish","type":"product","link":"https:\/\/shinemusicrental.com\/ca\/product\/roland-e-x10-teclat\/","title":{"rendered":"Roland E-X10 Teclat"},"content":{"rendered":"<p>El Roland E-X10 \u00e9s un teclat port\u00e0til de 61 tecles dissenyat per a l\u2019estudi, la pr\u00e0ctica o actuacions en directe. Disposa de tecles sensibles a la velocitat que permeten una interpretaci\u00f3 expressiva. Incorpora m\u00e9s de 600 sons d\u2019instruments i 140 estils d\u2019acompanyament autom\u00e0tic, adaptant-se a una gran varietat d\u2019estils musicals. Inclou metr\u00f2nom integrat, funcions de divisi\u00f3 del teclat i manera dual, aix\u00ed com modes d\u2019aprenentatge \u00fatils per a estudiants. El seu disseny lleuger i els altaveus est\u00e8reo incorporats (2,5W + 2,5W) permeten transportar-lo i utilitzar-lo f\u00e0cilment en qualsevol espai. Ofereix connexi\u00f3 MIDI per USB per treballar amb programari de producci\u00f3. Apte per a programes d\u2019Instrument Rental o per a qui necessiti Llogar un Teclat durant un per\u00edode concret.<\/p>\n","protected":false},"excerpt":{"rendered":"<p>El Roland E-X10 \u00e9s un teclat port\u00e0til de 61 tecles dissenyat per a l\u2019estudi, la pr\u00e0ctica o actuacions en directe. Disposa de tecles sensibles a la velocitat que permeten una interpretaci\u00f3 expressiva. Incorpora m\u00e9s de 600 sons d\u2019instruments i 140 estils d\u2019acompanyament autom\u00e0tic, adaptant-se a una gran varietat d\u2019estils musicals.<\/p>\n","protected":false},"featured_media":20823,"comment_status":"open","ping_status":"closed","template":"","meta":{"_acf_changed":false,"content-type":""},"product_brand":[],"product_cat":[132,375],"product_tag":[562,663,462,590,561,464,490,592,558,478,660,479,488,603,482,484,486,594],"class_list":{"0":"post-20820","1":"product","2":"type-product","3":"status-publish","4":"has-post-thumbnail","6":"product_cat-instruments-de-teclat","7":"product_cat-teclats-ca","8":"product_tag-instruments-de-contractacio","9":"product_tag-llogar-piano-digital","10":"product_tag-lloguer-dinstruments","11":"product_tag-lloguer-dinstruments-ca-2","12":"product_tag-lloguer-dinstruments-ca","13":"product_tag-lloguer-dinstruments-barcelona","14":"product_tag-lloguer-dinstruments-barcelona-ca","15":"product_tag-lloguer-dinstruments-espanya-ca","16":"product_tag-lloguer-dinstruments-espanya","17":"product_tag-piano-ca","18":"product_tag-piano-digital-ca","19":"product_tag-piano-es-ca","20":"product_tag-piano-espanya","21":"product_tag-piano-yamaha-ca","22":"product_tag-pianos-ca","23":"product_tag-pianos-barcelona-ca","24":"product_tag-pianos-de-lloguer","25":"product_tag-yamaha-ca","27":"first","28":"instock","29":"featured","30":"sold-individually","31":"shipping-taxable","32":"purchasable","33":"product-type-booking"},"booking_location":"","booking_location_type":"","booking_duration":1,"booking_duration_unit":"day","booking_buffer":0,"booking_cost":0,"booking_resources":[],"exclude_global_add_ons":false,"addons":[{"name":"Deposit","type":"checkbox","position":0,"required":true,"title_format":"hide","default":"","description_enable":false,"description":"","placeholder_enable":false,"placeholder":"","display":"select","restrictions_type":"any_text","adjust_price":false,"price":"","price_type":"flat_fee","restrictions":false,"min":"0","max":"0","options":[{"label":"Deposit","price":"450","price_type":"flat_fee","image":0,"visibility":true}]},{"name":"PIANO EL\u00c8CTRIC","type":"checkbox","position":0,"required":true,"title_format":"label","default":"","description_enable":false,"description":"","placeholder_enable":false,"placeholder":"","display":"select","restrictions_type":"any_text","adjust_price":false,"price":"","price_type":"flat_fee","restrictions":false,"min":"0","max":"0","options":[{"label":"Pedal de Sustain de Qualitat","price":"10.00","price_type":"quantity_based","image":0,"visibility":true},{"label":"Suport","price":"10.00","price_type":"quantity_based","image":0,"visibility":true},{"label":"Tamboret de Piano de Qualitat","price":"25.00","price_type":"quantity_based","image":0,"visibility":true},{"label":"Tamboret de Piano","price":"10.00","price_type":"quantity_based","image":0,"visibility":true}]}],"acf":{"set_to_be_sold":false,"sale_description":"","sale_price":""},"_links":{"self":[{"href":"https:\/\/shinemusicrental.com\/ca\/wp-json\/wp\/v2\/product\/20820","targetHints":{"allow":["GET"]}}],"collection":[{"href":"https:\/\/shinemusicrental.com\/ca\/wp-json\/wp\/v2\/product"}],"about":[{"href":"https:\/\/shinemusicrental.com\/ca\/wp-json\/wp\/v2\/types\/product"}],"replies":[{"embeddable":true,"href":"https:\/\/shinemusicrental.com\/ca\/wp-json\/wp\/v2\/comments?post=20820"}],"wp:featuredmedia":[{"embeddable":true,"href":"https:\/\/shinemusicrental.com\/ca\/wp-json\/wp\/v2\/media\/20823"}],"wp:attachment":[{"href":"https:\/\/shinemusicrental.com\/ca\/wp-json\/wp\/v2\/media?parent=20820"}],"wp:term":[{"taxonomy":"product_brand","embeddable":true,"href":"https:\/\/shinemusicrental.com\/ca\/wp-json\/wp\/v2\/product_brand?post=20820"},{"taxonomy":"product_cat","embeddable":true,"href":"https:\/\/shinemusicrental.com\/ca\/wp-json\/wp\/v2\/product_cat?post=20820"},{"taxonomy":"product_tag","embeddable":true,"href":"https:\/\/shinemusicrental.com\/ca\/wp-json\/wp\/v2\/product_tag?post=20820"}],"curies":[{"name":"wp","href":"https:\/\/api.w.org\/{rel}","templated":true}]}}