{"id":20778,"date":"2025-04-15T15:18:26","date_gmt":"2025-04-15T13:18:27","guid":{"rendered":"https:\/\/shinemusicrental.com\/?post_type=product&#038;p=20778"},"modified":"2025-04-15T15:24:43","modified_gmt":"2025-04-15T13:24:43","slug":"yamaha-bb-ycl-26ii-clarinet","status":"publish","type":"product","link":"https:\/\/shinemusicrental.com\/ca\/product\/yamaha-bb-ycl-26ii-clarinet\/","title":{"rendered":"Yamaha Bb YCL-26II Clarinet"},"content":{"rendered":"<p>El clarinet Yamaha YCL-26II en Sib \u00e9s un model per a estudiants dissenyat per facilitar la interpretaci\u00f3 i mantenir una entonaci\u00f3 precisa. El cos est\u00e0 fabricat en resina ABS, que imita les propietats ac\u00fastiques de la fusta, per\u00f2 amb m\u00e9s resist\u00e8ncia als canvis d&#8217;humitat i temperatura. Disposa del sistema Boehm amb 17 claus i 6 c\u00e8rcols, una configuraci\u00f3 est\u00e0ndard ideal per a m\u00fasics principiants o de nivell mitj\u00e0. Les claus niquelades proporcionen un funcionament suau i durabilitat davant la corrosi\u00f3. Els forats amb tall intern afavoreixen una afinaci\u00f3 estable i un so clar. Inclou suport de polze ajustable per a una millor comoditat. Disponible a trav\u00e9s de programes d\u2019Instrument Rental o per a qui prefereixi Llogar un Clarinet per per\u00edodes concrets d\u2019assaig o actuaci\u00f3.<\/p>\n","protected":false},"excerpt":{"rendered":"<p>El clarinet Yamaha YCL-26II en Sib \u00e9s un model per a estudiants dissenyat per facilitar la interpretaci\u00f3 i mantenir una entonaci\u00f3 precisa. El cos est\u00e0 fabricat en resina ABS, que imita les propietats ac\u00fastiques de la fusta, per\u00f2 amb m\u00e9s resist\u00e8ncia als canvis d&#8217;humitat i temperatura.<\/p>\n","protected":false},"featured_media":20781,"comment_status":"open","ping_status":"closed","template":"","meta":{"_acf_changed":false,"content-type":""},"product_brand":[],"product_cat":[352,358],"product_tag":[747,749,516,562,518,520,524,522,526,462,590,561,464,490,592,558,594],"class_list":{"0":"post-20778","1":"product","2":"type-product","3":"status-publish","4":"has-post-thumbnail","6":"product_cat-instruments-de-vent","7":"product_cat-clarinets-ca-2","8":"product_tag-clarinet-ca","9":"product_tag-clarinet-de-lloguer","10":"product_tag-instrument-de-vent","11":"product_tag-instruments-de-contractacio","12":"product_tag-instruments-de-vent","13":"product_tag-instruments-de-vent-barcelona","14":"product_tag-instruments-de-vent-de-lloguer","15":"product_tag-instruments-de-vent-es","16":"product_tag-instruments-de-vent-espanya","17":"product_tag-lloguer-dinstruments","18":"product_tag-lloguer-dinstruments-ca-2","19":"product_tag-lloguer-dinstruments-ca","20":"product_tag-lloguer-dinstruments-barcelona","21":"product_tag-lloguer-dinstruments-barcelona-ca","22":"product_tag-lloguer-dinstruments-espanya-ca","23":"product_tag-lloguer-dinstruments-espanya","24":"product_tag-yamaha-ca","26":"first","27":"instock","28":"featured","29":"sold-individually","30":"shipping-taxable","31":"purchasable","32":"product-type-booking"},"booking_location":"","booking_location_type":"","booking_duration":1,"booking_duration_unit":"day","booking_buffer":0,"booking_cost":0,"booking_resources":[],"exclude_global_add_ons":false,"addons":[{"name":"Deposit","type":"checkbox","position":0,"required":true,"title_format":"hide","default":"","description_enable":false,"description":"","placeholder_enable":false,"placeholder":"","display":"select","restrictions_type":"any_text","adjust_price":false,"price":"","price_type":"flat_fee","restrictions":false,"min":"0","max":"0","options":[{"label":"Deposit","price":"450","price_type":"flat_fee","image":0,"visibility":true}]},{"name":"INSTRUMENTS DE VENT (tots)","type":"checkbox","position":0,"required":false,"title_format":"label","default":"","description_enable":false,"description":"","placeholder_enable":false,"placeholder":"","display":"select","restrictions_type":"any_text","adjust_price":false,"price":"","price_type":"flat_fee","restrictions":false,"min":"0","max":"0","options":[{"label":"Lleng\u00fceta","price":"5.00","price_type":"quantity_based","image":0,"visibility":true},{"label":"Faristol","price":"5.00","price_type":"flat_fee","image":0,"visibility":true},{"label":"Faristol de Qualitat","price":"9.00","price_type":"flat_fee","image":0,"visibility":true}]}],"acf":{"set_to_be_sold":false,"sale_description":"","sale_price":""},"_links":{"self":[{"href":"https:\/\/shinemusicrental.com\/ca\/wp-json\/wp\/v2\/product\/20778","targetHints":{"allow":["GET"]}}],"collection":[{"href":"https:\/\/shinemusicrental.com\/ca\/wp-json\/wp\/v2\/product"}],"about":[{"href":"https:\/\/shinemusicrental.com\/ca\/wp-json\/wp\/v2\/types\/product"}],"replies":[{"embeddable":true,"href":"https:\/\/shinemusicrental.com\/ca\/wp-json\/wp\/v2\/comments?post=20778"}],"wp:featuredmedia":[{"embeddable":true,"href":"https:\/\/shinemusicrental.com\/ca\/wp-json\/wp\/v2\/media\/20781"}],"wp:attachment":[{"href":"https:\/\/shinemusicrental.com\/ca\/wp-json\/wp\/v2\/media?parent=20778"}],"wp:term":[{"taxonomy":"product_brand","embeddable":true,"href":"https:\/\/shinemusicrental.com\/ca\/wp-json\/wp\/v2\/product_brand?post=20778"},{"taxonomy":"product_cat","embeddable":true,"href":"https:\/\/shinemusicrental.com\/ca\/wp-json\/wp\/v2\/product_cat?post=20778"},{"taxonomy":"product_tag","embeddable":true,"href":"https:\/\/shinemusicrental.com\/ca\/wp-json\/wp\/v2\/product_tag?post=20778"}],"curies":[{"name":"wp","href":"https:\/\/api.w.org\/{rel}","templated":true}]}}