{"id":2059,"date":"2022-10-28T15:41:16","date_gmt":"2022-10-28T13:41:16","guid":{"rendered":"http:\/\/www.shinemusicrental.com\/product\/gretsch-catalina-club-rock-swg-set-de-bateria\/"},"modified":"2023-03-21T12:27:01","modified_gmt":"2023-03-21T11:27:01","slug":"gretsch-catalina-club-rock-swg-set-de-bateria","status":"publish","type":"product","link":"https:\/\/shinemusicrental.com\/ca\/product\/gretsch-catalina-club-rock-swg-set-de-bateria\/","title":{"rendered":"Gretsch Catalina Club Rock -SWG Set de Bateria"},"content":{"rendered":"<p>El conjunt de bateria Gretsch Catalina Club Rock-SWG \u00e9s un instrument musical vers\u00e0til i fiable adequat per a una \u00e0mplia gamma de g\u00e8neres musicals. El conjunt inclou un bombo de 14&#215;24 polzades, un tom de 9&#215;13 polzades, un goliat de 16&#215;16 polzades i una caixa de 6,5&#215;14 polzades a joc, tots amb cascos de mogr\u00f3s de 7 capes. Els ferratges cl\u00e0ssics de Gretsch, que inclouen un suport de tom i espolses de bombo, fan que la configuraci\u00f3 i el desmuntatge siguin r\u00e0pids i f\u00e0cils. A m\u00e9s, l&#8217;acabat SWG (Silver White Glass) del conjunt afegeix un toc de classe a la seva est\u00e8tica vintage.<\/p>\n<p>Aquest conjunt de bateria \u00e9s una excel\u00b7lent opci\u00f3 per a serveis de lloguer d&#8217;instruments, ja que \u00e9s durador i f\u00e0cil de tocar. El seu so vers\u00e0til i est\u00e8tica intemporal el converteixen en una elecci\u00f3 ideal per a bateristes de tots els nivells de habilitat. Amb el conjunt de bateria Gretsch Catalina Club Rock-SWG, tindr\u00e0s tot el que necessites per comen\u00e7ar el teu viatge musical, des d&#8217;assajos fins a actuacions en viu. \u00c9s com tenir un company fiable al teu costat, preparat per produir un ritme s\u00f2lid cada vegada que et setgis darrere de la bateria.<\/p>\n<div id=\"gtx-trans\" style=\"position: absolute; left: -208px; top: -0.53125px;\">\n<div class=\"gtx-trans-icon\"><\/div>\n<\/div>\n","protected":false},"excerpt":{"rendered":"<p><strong>Dip\u00f2sit: \u20ac320<\/strong><\/p>\n<p>Plats no inclosos<\/p>\n<div id=\"gtx-trans\" style=\"position: absolute; left: 20px; top: 38.3333px;\">\n<div class=\"gtx-trans-icon\"><\/div>\n<\/div>\n","protected":false},"featured_media":2055,"comment_status":"open","ping_status":"closed","template":"","meta":{"_acf_changed":false,"content-type":""},"product_brand":[],"product_cat":[161,162],"product_tag":[551,458,544,540,542,538,562,561,462,590,464,490,592,558,918,466,467,470,474,471,476],"class_list":{"0":"post-2059","1":"product","2":"type-product","3":"status-publish","4":"has-post-thumbnail","6":"product_cat-bateries-i-percussions","7":"product_cat-bateries-acustiques","8":"product_tag-bateria","9":"product_tag-bateries","10":"product_tag-bateries-barcelona","11":"product_tag-bateries-de-lloguer","12":"product_tag-bateries-es","13":"product_tag-bateries-espanya","14":"product_tag-instruments-de-contractacio","15":"product_tag-lloguer-dinstruments-ca","16":"product_tag-lloguer-dinstruments","17":"product_tag-lloguer-dinstruments-ca-2","18":"product_tag-lloguer-dinstruments-barcelona","19":"product_tag-lloguer-dinstruments-barcelona-ca","20":"product_tag-lloguer-dinstruments-espanya-ca","21":"product_tag-lloguer-dinstruments-espanya","22":"product_tag-pearl-ca","23":"product_tag-percussio","24":"product_tag-percussions-ca","25":"product_tag-percussions-barcelona-ca","26":"product_tag-percussions-de-lloguer","27":"product_tag-percussions-es-ca","28":"product_tag-percussions-espanya","30":"first","31":"instock","32":"sold-individually","33":"shipping-taxable","34":"purchasable","35":"product-type-booking"},"booking_location":"","booking_location_type":"","booking_duration":1,"booking_duration_unit":"day","booking_buffer":0,"booking_cost":0,"booking_resources":[],"exclude_global_add_ons":false,"addons":[{"name":"Dip\u00f2sit","type":"checkbox","position":0,"required":false,"title_format":"hide","default":"","description_enable":false,"description":"","placeholder_enable":false,"placeholder":"","display":"select","restrictions_type":"any_text","adjust_price":false,"price":"","price_type":"flat_fee","restrictions":false,"min":"0","max":"0","options":[{"label":"Dip\u00f2sit","price":"320","price_type":"flat_fee","image":0,"visibility":true}]},{"name":"Totes les Bateries ","type":"checkbox","position":0,"required":false,"title_format":"label","default":"","description_enable":false,"description":"","placeholder_enable":false,"placeholder":"","display":"select","restrictions_type":"any_text","adjust_price":false,"price":"","price_type":"flat_fee","restrictions":false,"min":"0","max":"0","options":[{"label":"Baquetes","price":"6.00","price_type":"quantity_based","image":0,"visibility":true},{"label":"Set de Plats","price":"48.00","price_type":"quantity_based","image":0,"visibility":true}]}],"acf":{"set_to_be_sold":false,"sale_description":"","sale_price":""},"_links":{"self":[{"href":"https:\/\/shinemusicrental.com\/ca\/wp-json\/wp\/v2\/product\/2059","targetHints":{"allow":["GET"]}}],"collection":[{"href":"https:\/\/shinemusicrental.com\/ca\/wp-json\/wp\/v2\/product"}],"about":[{"href":"https:\/\/shinemusicrental.com\/ca\/wp-json\/wp\/v2\/types\/product"}],"replies":[{"embeddable":true,"href":"https:\/\/shinemusicrental.com\/ca\/wp-json\/wp\/v2\/comments?post=2059"}],"wp:featuredmedia":[{"embeddable":true,"href":"https:\/\/shinemusicrental.com\/ca\/wp-json\/wp\/v2\/media\/2055"}],"wp:attachment":[{"href":"https:\/\/shinemusicrental.com\/ca\/wp-json\/wp\/v2\/media?parent=2059"}],"wp:term":[{"taxonomy":"product_brand","embeddable":true,"href":"https:\/\/shinemusicrental.com\/ca\/wp-json\/wp\/v2\/product_brand?post=2059"},{"taxonomy":"product_cat","embeddable":true,"href":"https:\/\/shinemusicrental.com\/ca\/wp-json\/wp\/v2\/product_cat?post=2059"},{"taxonomy":"product_tag","embeddable":true,"href":"https:\/\/shinemusicrental.com\/ca\/wp-json\/wp\/v2\/product_tag?post=2059"}],"curies":[{"name":"wp","href":"https:\/\/api.w.org\/{rel}","templated":true}]}}