{"id":2041,"date":"2022-10-28T15:31:41","date_gmt":"2022-10-28T13:31:41","guid":{"rendered":"http:\/\/www.shinemusicrental.com\/product\/thomann-ep-604-4-bombardi\/"},"modified":"2023-03-16T14:42:56","modified_gmt":"2023-03-16T13:42:56","slug":"thomann-ep-604-4-bombardi","status":"publish","type":"product","link":"https:\/\/shinemusicrental.com\/ca\/product\/thomann-ep-604-4-bombardi\/","title":{"rendered":"Thomann EP 604-4 Bombard\u00ed"},"content":{"rendered":"<p>El Bombard\u00ed Thomann EP 604-4 \u00e9s un instrument de notable qualitat i excel\u00b7l\u00e8ncia, imbu\u00eft d&#8217;una sonoritat sonora i mel\u00b7l\u00edflua, que el converteix en una opci\u00f3 ideal per a actuacions individuals o de banda de vent. Amb quatre v\u00e0lvules i un tub de plom de l\u00e0tex daurat, aquest eufoni genera un so c\u00e0lid i concentrat que ressona amb poder i expressivitat. L&#8217;instrument \u00e9s resplendent amb un acabat de lac transparent que accentua la seva robustesa i el protegeix de qualsevol dany o deteriorament.<\/p>\n<p>A m\u00e9s de les seves excel\u00b7lents caracter\u00edstiques, aquest eufoni tamb\u00e9 \u00e9s adequat per a lloguers d&#8217;instruments, gr\u00e0cies a la seva fiabilitat constant i artesania impecable. Representa una selecci\u00f3 insuperable per a principiants i int\u00e8rprets intermedis que desitgen llogar un eufoni per a les seves necessitats de pr\u00e0ctica o actuaci\u00f3. En resum, el bombard\u00ed Thomann EP 604-4 encarna l&#8217;ess\u00e8ncia d&#8217;un company fiable i robust, que proporciona sempre un so exuberant i vibrant que distingeix l&#8217;int\u00e8rpret de la multitud.<\/p>\n<div id=\"gtx-trans\" style=\"position: absolute; left: -150px; top: -0.53125px;\">\n<div class=\"gtx-trans-icon\"><\/div>\n<\/div>\n","protected":false},"excerpt":{"rendered":"<p><strong>Dip\u00f2sit: \u20ac240<\/strong><\/p>\n<div id=\"gtx-trans\" style=\"position: absolute; left: 22px; top: 38.3333px;\">\n<div class=\"gtx-trans-icon\"><\/div>\n<\/div>\n","protected":false},"featured_media":2037,"comment_status":"open","ping_status":"closed","template":"","meta":{"_acf_changed":false,"content-type":""},"product_brand":[],"product_cat":[352,360],"product_tag":[927,516,562,518,520,524,522,526,462,590,561,464,490,592,558],"class_list":{"0":"post-2041","1":"product","2":"type-product","3":"status-publish","4":"has-post-thumbnail","6":"product_cat-instruments-de-vent","7":"product_cat-bombardins","8":"product_tag-bombardi","9":"product_tag-instrument-de-vent","10":"product_tag-instruments-de-contractacio","11":"product_tag-instruments-de-vent","12":"product_tag-instruments-de-vent-barcelona","13":"product_tag-instruments-de-vent-de-lloguer","14":"product_tag-instruments-de-vent-es","15":"product_tag-instruments-de-vent-espanya","16":"product_tag-lloguer-dinstruments","17":"product_tag-lloguer-dinstruments-ca-2","18":"product_tag-lloguer-dinstruments-ca","19":"product_tag-lloguer-dinstruments-barcelona","20":"product_tag-lloguer-dinstruments-barcelona-ca","21":"product_tag-lloguer-dinstruments-espanya-ca","22":"product_tag-lloguer-dinstruments-espanya","24":"first","25":"instock","26":"sold-individually","27":"shipping-taxable","28":"purchasable","29":"product-type-booking"},"booking_location":"","booking_location_type":"","booking_duration":1,"booking_duration_unit":"day","booking_buffer":0,"booking_cost":0,"booking_resources":[],"exclude_global_add_ons":false,"addons":[{"name":"Dip\u00f2sit","type":"checkbox","position":0,"required":false,"title_format":"hide","default":"","description_enable":false,"description":"","placeholder_enable":false,"placeholder":"","display":"select","restrictions_type":"any_text","adjust_price":false,"price":"","price_type":"flat_fee","restrictions":false,"min":"0","max":"0","options":[{"label":"Dip\u00f2sit","price":"240","price_type":"flat_fee","image":0,"visibility":true}]},{"name":"INSTRUMENTS DE VENT (tots)","type":"checkbox","position":0,"required":false,"title_format":"label","default":"","description_enable":false,"description":"","placeholder_enable":false,"placeholder":"","display":"select","restrictions_type":"any_text","adjust_price":false,"price":"","price_type":"flat_fee","restrictions":false,"min":"0","max":"0","options":[{"label":"Lleng\u00fceta","price":"5.00","price_type":"quantity_based","image":0,"visibility":true},{"label":"Faristol","price":"5.00","price_type":"flat_fee","image":0,"visibility":true},{"label":"Faristol de Qualitat","price":"9.00","price_type":"flat_fee","image":0,"visibility":true}]}],"acf":{"set_to_be_sold":false,"sale_description":"","sale_price":""},"_links":{"self":[{"href":"https:\/\/shinemusicrental.com\/ca\/wp-json\/wp\/v2\/product\/2041","targetHints":{"allow":["GET"]}}],"collection":[{"href":"https:\/\/shinemusicrental.com\/ca\/wp-json\/wp\/v2\/product"}],"about":[{"href":"https:\/\/shinemusicrental.com\/ca\/wp-json\/wp\/v2\/types\/product"}],"replies":[{"embeddable":true,"href":"https:\/\/shinemusicrental.com\/ca\/wp-json\/wp\/v2\/comments?post=2041"}],"wp:featuredmedia":[{"embeddable":true,"href":"https:\/\/shinemusicrental.com\/ca\/wp-json\/wp\/v2\/media\/2037"}],"wp:attachment":[{"href":"https:\/\/shinemusicrental.com\/ca\/wp-json\/wp\/v2\/media?parent=2041"}],"wp:term":[{"taxonomy":"product_brand","embeddable":true,"href":"https:\/\/shinemusicrental.com\/ca\/wp-json\/wp\/v2\/product_brand?post=2041"},{"taxonomy":"product_cat","embeddable":true,"href":"https:\/\/shinemusicrental.com\/ca\/wp-json\/wp\/v2\/product_cat?post=2041"},{"taxonomy":"product_tag","embeddable":true,"href":"https:\/\/shinemusicrental.com\/ca\/wp-json\/wp\/v2\/product_tag?post=2041"}],"curies":[{"name":"wp","href":"https:\/\/api.w.org\/{rel}","templated":true}]}}