{"id":2019,"date":"2022-10-28T15:19:20","date_gmt":"2022-10-28T13:19:20","guid":{"rendered":"http:\/\/www.shinemusicrental.com\/product\/andoer-clarinet-en-bb\/"},"modified":"2023-03-21T12:36:15","modified_gmt":"2023-03-21T11:36:15","slug":"andoer-clarinet-en-bb","status":"publish","type":"product","link":"https:\/\/shinemusicrental.com\/ca\/product\/andoer-clarinet-en-bb\/","title":{"rendered":"Andoer Clarinet en Bb"},"content":{"rendered":"<p>El clarinet Andoer en Si b\u00e9mol \u00e9s una opci\u00f3 fiable i assequible per a aquells que busquen aprendre o interpretar amb un clarinet. Aquest instrument \u00e9s lleuger, f\u00e0cil de tocar i produeix un so brillant i clar. Amb el seu cos durador d&#8217;ABS, tecles argentades i almudelles de suro, el clarinet Andoer est\u00e0 constru\u00eft per a durar. Les seves 17 tecles niquelades i 6 anells proporcionen una experi\u00e8ncia d&#8217;interpretaci\u00f3 c\u00f2moda i receptiva. A m\u00e9s, aquest clarinet inclou un drap de neteja i guants per al manteniment. Sigui que sigui un principiant o un professional, el clarinet Andoer \u00e9s una gran opci\u00f3 per a lloguer d&#8217;instruments, i la seva qualitat de construcci\u00f3 i so el converteixen en una inversi\u00f3 valuosa per a qualsevol que busqui llogar un clarinet.<\/p>\n<div id=\"gtx-trans\" style=\"position: absolute; left: 308px; top: 73.4688px;\">\n<div class=\"gtx-trans-icon\"><\/div>\n<\/div>\n","protected":false},"excerpt":{"rendered":"<p><strong>Dip\u00f2sit: \u20ac40<\/strong><\/p>\n<div id=\"gtx-trans\" style=\"position: absolute; left: 42px; top: -10.6667px;\">\n<div class=\"gtx-trans-icon\"><\/div>\n<\/div>\n","protected":false},"featured_media":2011,"comment_status":"open","ping_status":"closed","template":"","meta":{"_acf_changed":false,"content-type":""},"product_brand":[],"product_cat":[352,358],"product_tag":[747,749,516,562,518,520,524,522,526,462,590,561,464,490,592,558],"class_list":{"0":"post-2019","1":"product","2":"type-product","3":"status-publish","4":"has-post-thumbnail","6":"product_cat-instruments-de-vent","7":"product_cat-clarinets-ca-2","8":"product_tag-clarinet-ca","9":"product_tag-clarinet-de-lloguer","10":"product_tag-instrument-de-vent","11":"product_tag-instruments-de-contractacio","12":"product_tag-instruments-de-vent","13":"product_tag-instruments-de-vent-barcelona","14":"product_tag-instruments-de-vent-de-lloguer","15":"product_tag-instruments-de-vent-es","16":"product_tag-instruments-de-vent-espanya","17":"product_tag-lloguer-dinstruments","18":"product_tag-lloguer-dinstruments-ca-2","19":"product_tag-lloguer-dinstruments-ca","20":"product_tag-lloguer-dinstruments-barcelona","21":"product_tag-lloguer-dinstruments-barcelona-ca","22":"product_tag-lloguer-dinstruments-espanya-ca","23":"product_tag-lloguer-dinstruments-espanya","25":"first","26":"instock","27":"sold-individually","28":"shipping-taxable","29":"purchasable","30":"product-type-booking"},"booking_location":"","booking_location_type":"","booking_duration":1,"booking_duration_unit":"day","booking_buffer":0,"booking_cost":0,"booking_resources":[],"exclude_global_add_ons":false,"addons":[{"name":"Dip\u00f2sit","type":"checkbox","position":0,"required":false,"title_format":"hide","default":"","description_enable":false,"description":"","placeholder_enable":false,"placeholder":"","display":"select","restrictions_type":"any_text","adjust_price":false,"price":"","price_type":"flat_fee","restrictions":false,"min":"0","max":"0","options":[{"label":"Dip\u00f2sit","price":"40","price_type":"flat_fee","image":0,"visibility":true}]},{"name":"INSTRUMENTS DE VENT (tots)","type":"checkbox","position":0,"required":false,"title_format":"label","default":"","description_enable":false,"description":"","placeholder_enable":false,"placeholder":"","display":"select","restrictions_type":"any_text","adjust_price":false,"price":"","price_type":"flat_fee","restrictions":false,"min":"0","max":"0","options":[{"label":"Lleng\u00fceta","price":"5.00","price_type":"quantity_based","image":0,"visibility":true},{"label":"Faristol","price":"5.00","price_type":"flat_fee","image":0,"visibility":true},{"label":"Faristol de Qualitat","price":"9.00","price_type":"flat_fee","image":0,"visibility":true}]}],"acf":{"set_to_be_sold":false,"sale_description":"","sale_price":""},"_links":{"self":[{"href":"https:\/\/shinemusicrental.com\/ca\/wp-json\/wp\/v2\/product\/2019","targetHints":{"allow":["GET"]}}],"collection":[{"href":"https:\/\/shinemusicrental.com\/ca\/wp-json\/wp\/v2\/product"}],"about":[{"href":"https:\/\/shinemusicrental.com\/ca\/wp-json\/wp\/v2\/types\/product"}],"replies":[{"embeddable":true,"href":"https:\/\/shinemusicrental.com\/ca\/wp-json\/wp\/v2\/comments?post=2019"}],"wp:featuredmedia":[{"embeddable":true,"href":"https:\/\/shinemusicrental.com\/ca\/wp-json\/wp\/v2\/media\/2011"}],"wp:attachment":[{"href":"https:\/\/shinemusicrental.com\/ca\/wp-json\/wp\/v2\/media?parent=2019"}],"wp:term":[{"taxonomy":"product_brand","embeddable":true,"href":"https:\/\/shinemusicrental.com\/ca\/wp-json\/wp\/v2\/product_brand?post=2019"},{"taxonomy":"product_cat","embeddable":true,"href":"https:\/\/shinemusicrental.com\/ca\/wp-json\/wp\/v2\/product_cat?post=2019"},{"taxonomy":"product_tag","embeddable":true,"href":"https:\/\/shinemusicrental.com\/ca\/wp-json\/wp\/v2\/product_tag?post=2019"}],"curies":[{"name":"wp","href":"https:\/\/api.w.org\/{rel}","templated":true}]}}